{"id":24322,"date":"2021-11-19T10:07:40","date_gmt":"2021-11-19T09:07:40","guid":{"rendered":"https:\/\/madelinefashion.pl\/?post_type=product&#038;p=24322"},"modified":"2026-03-05T17:03:24","modified_gmt":"2026-03-05T16:03:24","slug":"tunika-swiateczna-myszka-mickey-czerwona","status":"publish","type":"product","link":"https:\/\/madelinefashion.pl\/en\/product\/tunika-swiateczna-myszka-mickey-czerwona\/","title":{"rendered":"Mickey Mouse Red Christmas tunic"},"content":{"rendered":"<h3 style=\"text-align: center;\">Mickey Mouse Red Christmas tunic<\/h3>\n<p style=\"text-align: center;\"><strong>Christmas Mickey Mouse Red Tunic is a model with Christmas patterns, it will be perfect for Christmas meetings. Sweater tunic with a mouse\u00a0 <\/strong>This beautiful model is made of the highest quality yarn, which thanks to a precise processing process adds softness, softness and maximum comfort. <b>Tunic <\/b>in color <strong>red<\/strong> in one universal size recommended for\u00a0<b>Mr<\/b>\u00a0wearing a size\u00a0<b>S, M, L, XL<\/b>\u00a0 <strong>XXL<\/strong> It will attract attention and you will be <b>look amazing<\/b>. Holidays are almost here, so it&#039;s high time to think about preparations, also those related to refreshing your wardrobe. In our store you will find <strong>Christmas clothes<\/strong>that will make you feel again <strong>the magic of Christmas.<\/strong> <strong>Festive character <\/strong>it will work both on a daily basis<strong>, <\/strong>and during dinner <strong>Christmas Eve. The material was decorated with reindeer, snowflake stars and Christmas trees associated with winter and Christmas. <\/strong>Thanks to their material, they will work better\u00a0<strong>on colder days and during transitional periods<\/strong> or for the winter in combination with a jacket. If you have any additional questions about this product, please do not hesitate to contact us by phone or via Facebook.<\/p>\n<h3 style=\"text-align: center;\">Dress dimensions:<\/h3>\n<ul>\n<li style=\"text-align: center;\">Width from armpit to armpit 48-61 cm<\/li>\n<li style=\"text-align: center;\">Overall length 86 cm<\/li>\n<li style=\"text-align: center;\">Sleeve length from the armpit 40 cm<\/li>\n<li style=\"text-align: center;\">Sleeve length from shoulder 58 cm<\/li>\n<li style=\"text-align: center;\">Hip width 46-61 cm<\/li>\n<\/ul>\n<p style=\"text-align: center;\">Dimensions may slightly differ from the given +\/- 2cm. All dimensions given are measured flat.<strong>\u00a0<\/strong><\/p>\n<table style=\"height: 201px;\" width=\"471\">\n<tbody>\n<tr>\n<td width=\"302\">Model name<\/td>\n<td width=\"302\">Mickey Mouse Christmas tunic<\/td>\n<\/tr>\n<tr>\n<td width=\"302\">Collection<\/td>\n<td width=\"302\">Spring \/ Autumn \/ Winter<\/td>\n<\/tr>\n<tr>\n<td width=\"302\">Sizes<\/td>\n<td width=\"302\">Universal<\/td>\n<\/tr>\n<tr>\n<td width=\"302\">Composition<\/td>\n<td width=\"302\">40% ACRYLIC 30% MOHER 30% WOOL<\/td>\n<\/tr>\n<tr>\n<td width=\"302\">Color<\/td>\n<td width=\"302\">Red<\/td>\n<\/tr>\n<tr>\n<td width=\"302\">Cleavage<\/td>\n<td width=\"302\">Round<\/td>\n<\/tr>\n<\/tbody>\n<\/table>\n<p style=\"text-align: center;\">The model has\u00a0<strong>169<\/strong>\u00a0cm tall, wears a size every day\u00a0<strong>S.<\/strong><\/p>\n<p style=\"text-align: center;\">The width at the bust is 92 cm<\/p>\n<p style=\"text-align: center;\">Waist width 62 cm<\/p>\n<p style=\"text-align: center;\">The width at the hips is 94 cm<\/p>\n<p style=\"text-align: center;\">","protected":false},"excerpt":{"rendered":"<p>Tunika \u015awi\u0105teczna Myszka Mickey Czerwona Tunika \u015awi\u0105teczna Myszka Mickey Czerwona to model o \u015bwi\u0105tecznych wzorach, idealnie sprawdzi si\u0119 podczas \u015bwi\u0105tecznych spotka\u0144. Tunika Sweterkowa z Myszk\u0105\u00a0 to pi\u0119kny model wykonany jest z najwy\u017cszej jako\u015bci prz\u0119dzy, kt\u00f3ra dzi\u0119ki precyzyjnemu procesowi obr\u00f3bki dodaje mi\u0119kko\u015bci, mi\u0119kko\u015bci i maksymalnego komfortu. Tunika w kolorze czerwonym w rozmiarze\u00a0uniwersalnym zalecanym dla\u00a0Pa\u0144\u00a0nosz\u0105cych rozmiar\u00a0S, M,<\/p>\n<div class=\"klb-readmore post-buttons\"><a class=\"button black outline size-sm\" href=\"https:\/\/madelinefashion.pl\/en\/product\/tunika-swiateczna-myszka-mickey-czerwona\/\">Read More <i class=\"klbth-icon-right-arrow\"><\/i><\/a><\/div>","protected":false},"featured_media":65021,"template":"","meta":[],"product_brand":[],"product_cat":[158],"product_tag":[473,250,296],"class_list":{"0":"post-24322","1":"product","2":"type-product","3":"status-publish","4":"has-post-thumbnail","6":"product_cat-sukienki-sweterkowe","7":"product_tag-kolekcja-swiateczna","8":"product_tag-swiateczny","9":"product_tag-tuniki","11":"first","12":"instock","13":"sale","14":"purchasable","15":"product-type-simple"},"_links":{"self":[{"href":"https:\/\/madelinefashion.pl\/en\/wp-json\/wp\/v2\/product\/24322","targetHints":{"allow":["GET"]}}],"collection":[{"href":"https:\/\/madelinefashion.pl\/en\/wp-json\/wp\/v2\/product"}],"about":[{"href":"https:\/\/madelinefashion.pl\/en\/wp-json\/wp\/v2\/types\/product"}],"wp:featuredmedia":[{"embeddable":true,"href":"https:\/\/madelinefashion.pl\/en\/wp-json\/wp\/v2\/media\/65021"}],"wp:attachment":[{"href":"https:\/\/madelinefashion.pl\/en\/wp-json\/wp\/v2\/media?parent=24322"}],"wp:term":[{"taxonomy":"product_brand","embeddable":true,"href":"https:\/\/madelinefashion.pl\/en\/wp-json\/wp\/v2\/product_brand?post=24322"},{"taxonomy":"product_cat","embeddable":true,"href":"https:\/\/madelinefashion.pl\/en\/wp-json\/wp\/v2\/product_cat?post=24322"},{"taxonomy":"product_tag","embeddable":true,"href":"https:\/\/madelinefashion.pl\/en\/wp-json\/wp\/v2\/product_tag?post=24322"}],"curies":[{"name":"wp","href":"https:\/\/api.w.org\/{rel}","templated":true}]}}