{"id":24347,"date":"2021-11-19T10:32:42","date_gmt":"2021-11-19T09:32:42","guid":{"rendered":"https:\/\/madelinefashion.pl\/?post_type=product&#038;p=24347"},"modified":"2025-09-09T10:32:06","modified_gmt":"2025-09-09T08:32:06","slug":"sukienka-brokatowa-krotka-na-ramiaczkach-ilon-szara","status":"publish","type":"product","link":"https:\/\/madelinefashion.pl\/en\/product\/sukienka-brokatowa-krotka-na-ramiaczkach-ilon-szara\/","title":{"rendered":"Short brocade dress with straps Ilon Gray"},"content":{"rendered":"<h3 style=\"text-align: center;\">Short brocade dress with straps Ilon Gray<\/h3>\n<p style=\"text-align: center;\"><b>A phenomenal short brocade dress on the straps.<\/b>\u00a0 Great brocade evening dress with V-neckline - V beautifully exposes the bust. The evening dress fits the figure very nicely. The short glitter flared on shoulder straps has been designed with the most demanding customers in mind.\u00a0 \u00a0<strong><span style=\"vertical-align: inherit;\">Brocade dress on the straps<\/span><\/strong><span style=\"vertical-align: inherit;\"> fastened on <strong>lock<\/strong> also beautifully exposes the back. <\/span>\u00a0\u00a0<strong>You are looking for the perfect dress for a wedding, New Year&#039;s Eve, carnival or prom<\/strong>? This model will be perfect. Glitter dress -<strong>\u00a0it shimmers beautifully and looks simply wonderful<\/strong>\u00a0!! Brocade dresses are extremely stylish and look like the outfits of movie stars. See our offer\u00a0<a href=\"https:\/\/madelinefashion.pl\/en\/sukienki-i-kombinezony\/sukienki-okolicznosciowe\/\"><strong>evening dresses<\/strong><\/a>\u00a0and choose the model you will be in\u00a0<strong>look like a star<\/strong> and you will stand out from the crowd. The maxi dress shimmers fabulously in the light of the lamps. One cannot be indifferent to her. Flared dress in a midi version - fitted and with a deep neckline. <b>Dress in a universal size recommended for XS SML ladies <\/b>\u00a0Available in our e-shop in several color variants, so do not hesitate and choose the one that is perfect for you. If you can&#039;t decide which color,\u00a0<strong>size<\/strong>\u00a0is the best for you,\u00a0<strong>contact us<\/strong>\u00a0through\u00a0<a href=\"https:\/\/www.facebook.com\/madelinefashionbutik\" target=\"_blank\" rel=\"noopener\">Facebook<\/a>\u00a0or\u00a0<a href=\"https:\/\/madelinefashion.pl\/en\/kontakt\/\">phone<\/a>. If the size is not available on the website, please contact us.<\/p>\n<h3 style=\"text-align: center;\">DRESS DIMENSIONS:<\/h3>\n<ul>\n<li style=\"text-align: center;\">total length front 81 cm<\/li>\n<li style=\"text-align: center;\">width from armpit to armpit: 32-40 cm<\/li>\n<li style=\"text-align: center;\">width at the waist: 26-37 cm<\/li>\n<li style=\"text-align: center;\">Max at the bust 100 cm<\/li>\n<li style=\"text-align: center;\"><\/li>\n<\/ul>\n<p style=\"text-align: center;\">Dimensions may slightly differ from the given +\/- 2cm. All dimensions given are measured flat. X2 dimension<\/p>\n<p style=\"text-align: center;\"><strong>\u00a0<\/strong><\/p>\n<p>&nbsp;<\/p>\n<table style=\"height: 211px;\" width=\"711\">\n<tbody>\n<tr>\n<td width=\"302\">Model name<\/td>\n<td width=\"302\">Short brocade dress with straps Ilon<\/td>\n<\/tr>\n<tr>\n<td width=\"302\">Color<\/td>\n<td width=\"302\">Gray Silver<\/td>\n<\/tr>\n<tr>\n<td width=\"302\">Length<\/td>\n<td width=\"302\">Mini<\/td>\n<\/tr>\n<tr>\n<td width=\"302\">Sizes<\/td>\n<td width=\"302\">Universal XS SML<\/td>\n<\/tr>\n<tr>\n<td width=\"302\">Fashion<\/td>\n<td width=\"302\">Flared<\/td>\n<\/tr>\n<tr>\n<td width=\"302\">Material<\/td>\n<td width=\"302\">Viscose, Polyester, Cotton<\/td>\n<\/tr>\n<tr>\n<td width=\"302\">Zip fastening<\/td>\n<td width=\"302\">Yes<\/td>\n<\/tr>\n<\/tbody>\n<\/table>\n<div class=\"additional-details\">\n<p style=\"text-align: center;\">The model has\u00a0<strong>169<\/strong>\u00a0cm tall, wears a size every day\u00a0<strong>S.<\/strong><\/p>\n<p style=\"text-align: center;\">The width at the bust is 92 cm<\/p>\n<p style=\"text-align: center;\">Waist width 62 cm<\/p>\n<p style=\"text-align: center;\">The width at the hips is 94 cm<\/p>\n<\/div>","protected":false},"excerpt":{"rendered":"<p>Sukienka Brokatowa Kr\u00f3tka Na Rami\u0105czkach Ilon Szara Fenomenalna kr\u00f3tka suknia brokatowa na rami\u0105czkach.\u00a0 Wspania\u0142a suknia wieczorowa brokatowa z dekoltem w szpic \u2013 V pi\u0119knie eksponuje biust.\u00a0 Suknia wieczorowa bardzo \u0142adnie dopasowuje si\u0119 do sylwetki. Kr\u00f3tka Brokatowa rozkloszowana na rami\u0105czka\u00a0 zosta\u0142a zaprojektowana z my\u015bl\u0105 o najbardziej wymagaj\u0105cych klientkach.\u00a0 \u00a0Sukienka Brokatowa na rami\u0105czkach zapinana na zamek pi\u0119knie<\/p>\n<div class=\"klb-readmore post-buttons\"><a class=\"button black outline size-sm\" href=\"https:\/\/madelinefashion.pl\/en\/product\/sukienka-brokatowa-krotka-na-ramiaczkach-ilon-szara\/\">Read More <i class=\"klbth-icon-right-arrow\"><\/i><\/a><\/div>","protected":false},"featured_media":63827,"template":"","meta":[],"product_brand":[],"product_cat":[124,395,560],"product_tag":[262,214],"class_list":{"0":"post-24347","1":"product","2":"type-product","3":"status-publish","4":"has-post-thumbnail","6":"product_cat-sukienki-okolicznosciowe","7":"product_cat-nowosci","8":"product_cat-sukienki-brokatowe","9":"product_tag-sukienki-krotkie","10":"product_tag-sukienka-szara","12":"first","13":"instock","14":"purchasable","15":"product-type-simple"},"_links":{"self":[{"href":"https:\/\/madelinefashion.pl\/en\/wp-json\/wp\/v2\/product\/24347","targetHints":{"allow":["GET"]}}],"collection":[{"href":"https:\/\/madelinefashion.pl\/en\/wp-json\/wp\/v2\/product"}],"about":[{"href":"https:\/\/madelinefashion.pl\/en\/wp-json\/wp\/v2\/types\/product"}],"wp:featuredmedia":[{"embeddable":true,"href":"https:\/\/madelinefashion.pl\/en\/wp-json\/wp\/v2\/media\/63827"}],"wp:attachment":[{"href":"https:\/\/madelinefashion.pl\/en\/wp-json\/wp\/v2\/media?parent=24347"}],"wp:term":[{"taxonomy":"product_brand","embeddable":true,"href":"https:\/\/madelinefashion.pl\/en\/wp-json\/wp\/v2\/product_brand?post=24347"},{"taxonomy":"product_cat","embeddable":true,"href":"https:\/\/madelinefashion.pl\/en\/wp-json\/wp\/v2\/product_cat?post=24347"},{"taxonomy":"product_tag","embeddable":true,"href":"https:\/\/madelinefashion.pl\/en\/wp-json\/wp\/v2\/product_tag?post=24347"}],"curies":[{"name":"wp","href":"https:\/\/api.w.org\/{rel}","templated":true}]}}