{"id":24408,"date":"2021-11-19T11:35:46","date_gmt":"2021-11-19T10:35:46","guid":{"rendered":"https:\/\/madelinefashion.pl\/?post_type=product&#038;p=24408"},"modified":"2026-02-20T14:58:09","modified_gmt":"2026-02-20T13:58:09","slug":"sweter-swiateczny-w-norweskie-wzory-czarny","status":"publish","type":"product","link":"https:\/\/madelinefashion.pl\/en\/product\/sweter-swiateczny-w-norweskie-wzory-czarny\/","title":{"rendered":"Christmas Sweater in Norwegian Black Patterns"},"content":{"rendered":"<h3 style=\"text-align: center;\">Christmas Sweater in Norwegian Black Patterns<\/h3>\n<p style=\"text-align: center;\">You already have yours <strong>christmas sweater<\/strong>? This beautiful model is made of the highest quality yarn, which thanks to a precise processing process adds softness, softness and maximum comfort. <strong>Christmas sweater<\/strong> in one universal size recommended for <strong>Mr <\/strong>wearing a size <strong>S, M, L, XL <\/strong>Our model will attract attention - you will <strong>look amazing in it<\/strong>. <strong>because it was decorated with reindeer, snowflake stars and Christmas trees associated with winter and Christmas. <\/strong><strong>Our sweaters with a Christmas theme<\/strong>\u00a0it is a perfect proposition for a Santa Claus or Christmas gift. In our store you will find <strong>Christmas clothes<\/strong>that will make you feel again <strong>the magic of Christmas.<\/strong> <strong>Festive character <\/strong>it will work both on a daily basis<strong>, <\/strong>and during dinner <strong>Christmas Eve.\u00a0 <\/strong>If you have any additional questions about this product, please do not hesitate to contact us by phone or via Facebook. One universal size recommended for ladies in size SML XL<\/p>\n<p style=\"text-align: center;\">\u00a0.<\/p>\n<h3 style=\"text-align: center;\">Dimensions :<\/h3>\n<ul style=\"text-align: center;\">\n<li>Width from armpit to armpit 49-63 cm<\/li>\n<li>Overall length 73 cm<\/li>\n<li>Sleeve length from armpit 46 cm<\/li>\n<li>Sleeve length from shoulder 56 cm<\/li>\n<li><\/li>\n<\/ul>\n<p style=\"text-align: center;\">Dimensions may slightly differ from the given +\/- 2cm. All dimensions given are measured flat.<strong>\u00a0<\/strong><\/p>\n<p>&nbsp;<\/p>\n<p>&nbsp;<\/p>\n<table style=\"height: 178px;\" width=\"678\">\n<tbody>\n<tr>\n<td width=\"302\">Model name<\/td>\n<td width=\"302\">Christmas sweater with Norwegian patterns<\/td>\n<\/tr>\n<tr>\n<td width=\"302\">Collection<\/td>\n<td width=\"302\">Autumn winter<\/td>\n<\/tr>\n<tr>\n<td width=\"302\">Sizes<\/td>\n<td width=\"302\">Universal<\/td>\n<\/tr>\n<tr>\n<td width=\"302\">Composition<\/td>\n<td width=\"302\">60% Akryl 30%Moher %30 %We\u0142na<\/td>\n<\/tr>\n<tr>\n<td width=\"302\">Color<\/td>\n<td width=\"302\">Black<\/td>\n<\/tr>\n<tr>\n<td width=\"302\">Hood<\/td>\n<td width=\"302\">Lack<\/td>\n<\/tr>\n<\/tbody>\n<\/table>\n<p>&nbsp;<\/p>\n<p>&nbsp;<\/p>\n<p style=\"text-align: center;\">The model has\u00a0<strong>169<\/strong>\u00a0cm tall, wears a size every day\u00a0<strong>S.<\/strong><\/p>\n<p style=\"text-align: center;\">The width at the bust is 92 cm<\/p>\n<p style=\"text-align: center;\">Waist width 62 cm<\/p>\n<p style=\"text-align: center;\">The width at the hips is 94 cm<\/p>\n<p style=\"text-align: center;\">","protected":false},"excerpt":{"rendered":"<p>Sweter \u015awi\u0105teczny w Norweskie Wzory Czarny Masz ju\u017c sw\u00f3j \u015bwi\u0105teczny sweter?\u00a0Ten pi\u0119kny model wykonany jest z najwy\u017cszej jako\u015bci prz\u0119dzy, kt\u00f3ra dzi\u0119ki precyzyjnemu procesowi obr\u00f3bki dodaje mi\u0119kko\u015bci, mi\u0119kko\u015bci i maksymalnego komfortu. Sweter bo\u017conarodzeniowy w rozmiarze\u00a0uniwersalnym zalecanym dla Pa\u0144 nosz\u0105cych rozmiar S, M, L , XL Nasz model przyci\u0105gnie uwag\u0119 &#8211; b\u0119dziesz wygl\u0105da\u0107 w nim\u00a0 niesamowicie. zosta\u0142<\/p>\n<div class=\"klb-readmore post-buttons\"><a class=\"button black outline size-sm\" href=\"https:\/\/madelinefashion.pl\/en\/product\/sweter-swiateczny-w-norweskie-wzory-czarny\/\">Read More <i class=\"klbth-icon-right-arrow\"><\/i><\/a><\/div>","protected":false},"featured_media":67695,"template":"","meta":[],"product_brand":[],"product_cat":[78],"product_tag":[473,250],"class_list":{"0":"post-24408","1":"product","2":"type-product","3":"status-publish","4":"has-post-thumbnail","6":"product_cat-swetry-damskie","7":"product_tag-kolekcja-swiateczna","8":"product_tag-swiateczny","10":"first","11":"instock","12":"shipping-taxable","13":"purchasable","14":"product-type-simple"},"_links":{"self":[{"href":"https:\/\/madelinefashion.pl\/en\/wp-json\/wp\/v2\/product\/24408","targetHints":{"allow":["GET"]}}],"collection":[{"href":"https:\/\/madelinefashion.pl\/en\/wp-json\/wp\/v2\/product"}],"about":[{"href":"https:\/\/madelinefashion.pl\/en\/wp-json\/wp\/v2\/types\/product"}],"wp:featuredmedia":[{"embeddable":true,"href":"https:\/\/madelinefashion.pl\/en\/wp-json\/wp\/v2\/media\/67695"}],"wp:attachment":[{"href":"https:\/\/madelinefashion.pl\/en\/wp-json\/wp\/v2\/media?parent=24408"}],"wp:term":[{"taxonomy":"product_brand","embeddable":true,"href":"https:\/\/madelinefashion.pl\/en\/wp-json\/wp\/v2\/product_brand?post=24408"},{"taxonomy":"product_cat","embeddable":true,"href":"https:\/\/madelinefashion.pl\/en\/wp-json\/wp\/v2\/product_cat?post=24408"},{"taxonomy":"product_tag","embeddable":true,"href":"https:\/\/madelinefashion.pl\/en\/wp-json\/wp\/v2\/product_tag?post=24408"}],"curies":[{"name":"wp","href":"https:\/\/api.w.org\/{rel}","templated":true}]}}