{"id":24800,"date":"2021-11-25T15:44:04","date_gmt":"2021-11-25T14:44:04","guid":{"rendered":"https:\/\/madelinefashion.pl\/?post_type=product&#038;p=24800"},"modified":"2026-03-07T13:47:22","modified_gmt":"2026-03-07T12:47:22","slug":"sukienka-cekinowa-asymetryczna-electra-bezowa","status":"publish","type":"product","link":"https:\/\/madelinefashion.pl\/en\/product\/sukienka-cekinowa-asymetryczna-electra-bezowa\/","title":{"rendered":"Sequin Asymmetric Dress Electra Beige"},"content":{"rendered":"<h3 style=\"text-align: center;\">Sequin Asymmetric Dress Electra Beige<\/h3>\n<p style=\"text-align: center;\">Beautiful sequin dress, fitted to the body with a longer side. Put it on for a special occasion and make sure that no one will pass by you indifferently. \u00a0<strong>The size is UNIVERSAL\u00a0<\/strong>\u00a0recommended for ladies wearing XS, S, M, L\u00a0<strong>,<\/strong>\u00a0but we recommend\u00a0<strong>accurate measurement\u00a0<\/strong>according to the dimension table below. Available in our e-shop in several color variants, so do not hesitate and choose the one that is perfect for you.<\/p>\n<h3 style=\"text-align: center;\">Dress dimensions<\/h3>\n<ul>\n<li style=\"text-align: center;\">total length at the front: 78 cm<br \/>\ntotal length back: 117 cm<\/li>\n<li style=\"text-align: center;\">width from armpit to armpit: 40-55 cm<\/li>\n<li style=\"text-align: center;\">width at the waist: 30-42 cm<\/li>\n<li style=\"text-align: center;\">sleeve length from shoulder: 57 cm<\/li>\n<li style=\"text-align: center;\">sleeve length from armpit: 44 cm<\/li>\n<li style=\"text-align: center;\">recommended max bust circumference: 110 cm max<\/li>\n<\/ul>\n<p>&nbsp;<\/p>\n<p style=\"text-align: center;\">Dimensions may slightly differ from the given +\/- 2cm. All dimensions given are measured flat. X2 dimension<\/p>\n<p style=\"text-align: center;\"><strong>\u00a0<\/strong><\/p>\n<table style=\"height: 197px;\" width=\"662\">\n<tbody>\n<tr>\n<td width=\"302\">Model name<\/td>\n<td width=\"302\">Sequin Asymmetrical Electra Dress<\/td>\n<\/tr>\n<tr>\n<td width=\"302\">Color<\/td>\n<td width=\"302\">Beige<\/td>\n<\/tr>\n<tr>\n<td width=\"302\">Collection<\/td>\n<td width=\"302\">Fall \/ Winter \/ Spring \/ Summer<\/td>\n<\/tr>\n<tr>\n<td width=\"302\">Sizes<\/td>\n<td width=\"302\">Universal<\/td>\n<\/tr>\n<tr>\n<td width=\"302\">Fashion<\/td>\n<td width=\"302\">Fitted \/ Elastic \/ Asymmetrical<\/td>\n<\/tr>\n<tr>\n<td width=\"302\">Decoration<\/td>\n<td width=\"302\">Sequins<\/td>\n<\/tr>\n<\/tbody>\n<\/table>\n<p>&nbsp;<\/p>\n<section class=\"page-product-box\">\n<div class=\"rte\">\n<p style=\"text-align: center;\">The model has\u00a0<strong>169<\/strong>\u00a0cm tall, wears a size every day\u00a0<strong>S.<\/strong><\/p>\n<p style=\"text-align: center;\">The width at the bust is 92 cm<\/p>\n<p style=\"text-align: center;\">Waist width 62 cm<\/p>\n<p style=\"text-align: center;\">The width at the hips is 94 cm<\/p>\n<p>&nbsp;<\/p>\n<p style=\"text-align: center;\">\n<\/div>\n<\/section>","protected":false},"excerpt":{"rendered":"<p>Sukienka Cekinowa Asymetryczna Electra Be\u017cowa Pi\u0119kna cekinowa sukienka, dopasowana do cia\u0142a z d\u0142u\u017cszym bokiem. Za\u0142\u00f3\u017c j\u0105 na wyj\u0105tkow\u0105 okazj\u0119 i spraw, \u017ce nikt nie przejdzie obok Ciebie oboj\u0119tnie. \u00a0Rozmiar jest UNIWERSALNY\u00a0\u00a0zalecany dla Pa\u0144 nosz\u0105cych XS,S,M,L\u00a0,\u00a0ale zalecamy\u00a0dok\u0142adne zmierzenie\u00a0zgodnie z tabel\u0105 wymiar\u00f3w poni\u017cej. Dost\u0119pna w naszym e-sklepie w kilku wariantach kolorystycznych, wi\u0119c nie wahaj si\u0119 i wybierz<\/p>\n<div class=\"klb-readmore post-buttons\"><a class=\"button black outline size-sm\" href=\"https:\/\/madelinefashion.pl\/en\/product\/sukienka-cekinowa-asymetryczna-electra-bezowa\/\">Read More <i class=\"klbth-icon-right-arrow\"><\/i><\/a><\/div>","protected":false},"featured_media":32935,"template":"","meta":[],"product_brand":[],"product_cat":[125,124,395,558],"product_tag":[],"class_list":{"0":"post-24800","1":"product","2":"type-product","3":"status-publish","4":"has-post-thumbnail","6":"product_cat-sukienki","7":"product_cat-sukienki-okolicznosciowe","8":"product_cat-nowosci","9":"product_cat-sukienki-cekinowe","11":"first","12":"instock","13":"sale","14":"purchasable","15":"product-type-simple"},"_links":{"self":[{"href":"https:\/\/madelinefashion.pl\/en\/wp-json\/wp\/v2\/product\/24800","targetHints":{"allow":["GET"]}}],"collection":[{"href":"https:\/\/madelinefashion.pl\/en\/wp-json\/wp\/v2\/product"}],"about":[{"href":"https:\/\/madelinefashion.pl\/en\/wp-json\/wp\/v2\/types\/product"}],"wp:featuredmedia":[{"embeddable":true,"href":"https:\/\/madelinefashion.pl\/en\/wp-json\/wp\/v2\/media\/32935"}],"wp:attachment":[{"href":"https:\/\/madelinefashion.pl\/en\/wp-json\/wp\/v2\/media?parent=24800"}],"wp:term":[{"taxonomy":"product_brand","embeddable":true,"href":"https:\/\/madelinefashion.pl\/en\/wp-json\/wp\/v2\/product_brand?post=24800"},{"taxonomy":"product_cat","embeddable":true,"href":"https:\/\/madelinefashion.pl\/en\/wp-json\/wp\/v2\/product_cat?post=24800"},{"taxonomy":"product_tag","embeddable":true,"href":"https:\/\/madelinefashion.pl\/en\/wp-json\/wp\/v2\/product_tag?post=24800"}],"curies":[{"name":"wp","href":"https:\/\/api.w.org\/{rel}","templated":true}]}}