{"id":2487,"date":"2020-11-17T14:18:56","date_gmt":"2020-11-17T13:18:56","guid":{"rendered":"http:\/\/serwer2078743.home.pl\/?post_type=product&#038;p=2487"},"modified":"2026-03-05T16:59:11","modified_gmt":"2026-03-05T15:59:11","slug":"kamizelka-futrzana-z-kapturem-jasno-szara-mis","status":"publish","type":"product","link":"https:\/\/madelinefashion.pl\/en\/product\/kamizelka-futrzana-z-kapturem-jasno-szara-mis\/","title":{"rendered":"Light Gray Teddy Fur Hooded Vest"},"content":{"rendered":"<h3 style=\"text-align: center;\">Light Gray Teddy Fur Hooded Vest<\/h3>\n<p style=\"text-align: center;\"><strong>Fur vest<\/strong>\u00a0hoodie it <strong>the most fashionable cut this season<\/strong>. Vest made of artificial fur. Unusually <strong>warm and pleasant to the touch<\/strong>. Vest z <strong>fur coats<\/strong> suitable for both <a href=\"https:\/\/madelinefashion.pl\/en\/spodnie\/\">pants<\/a>, <a href=\"https:\/\/madelinefashion.pl\/en\/spodnice\/\">skirts<\/a> if <a href=\"https:\/\/madelinefashion.pl\/en\/sukienki-i-kombinezony\/\">dresses<\/a>. The fur vest will also perfectly match with <a href=\"https:\/\/madelinefashion.pl\/en\/swetry\/swetry-damskie\/\"><strong>sweaters<\/strong><\/a>, <a href=\"https:\/\/madelinefashion.pl\/en\/swetry\/kardigany-damskie\/\">cardigans<\/a> and most of all, it is a perfect proposition to wear on all kinds <strong><a href=\"https:\/\/madelinefashion.pl\/en\/kurtki-i-plaszcze\/kurtki\/\">jackets<\/a><\/strong>. It will blend in perfectly with ours <strong>Ramones<\/strong> e.g. a model <strong><a href=\"https:\/\/madelinefashion.pl\/en\/ramoneska-biker-czarna\/\">Biker<\/a><\/strong>which also is <strong>best seller<\/strong>. Is it <strong>the most fashionable cut this season<\/strong> - you just need one of our vests in your wardrobe for you to create <strong>timeless stylizations<\/strong>. You will use it both for going out with friends to the city and for evening styling for a party. It is a bestseller <strong>a proposal for any occasion<\/strong>. Perfect for everyday use and for a party when you want to look great and feel great at the same time. The most fashionable hit of the season and an absolute <strong>must have in your wardrobe<\/strong>to help you create <strong>casual look<\/strong> and will complete many impressive styles for the fall and early spring ones. Decide to buy\u00a0<strong>fur vest<\/strong>and you won&#039;t regret it. You will surely see how much such one thing in your wardrobe can do. Available in our <a href=\"https:\/\/madelinefashion.pl\/en\/kamizelki\/\">e-shop<\/a> in several color variants and in different lengths, so do not hesitate and choose the one that suits you <strong>Perfect for you<\/strong>. If you can&#039;t decide which color, the size is <strong>for<\/strong> <strong>You the best<\/strong>contact us through <strong><a href=\"https:\/\/www.facebook.com\/madelinefashionbutik\/\" target=\"_blank\" rel=\"noopener\">Facebook<\/a><\/strong> or <a href=\"https:\/\/madelinefashion.pl\/en\/kontakt\/\">phone<\/a>. Superb quality at the best price!<\/p>\n<p style=\"text-align: center;\"><strong>36 \/ S<\/strong><br \/>\nTotal length - 80 cm<br \/>\nBust - 96 cm<br \/>\nWaist width - 48 cm<br \/>\nWidth from armpit to armpit 48 cm<\/p>\n<p style=\"text-align: center;\"><strong>38 \/ M<\/strong><br \/>\nTotal length - 80 cm<br \/>\nBust - 98 cm<br \/>\nWaist width - 49 cm<br \/>\nWidth from armpit to armpit 49 cm<\/p>\n<p style=\"text-align: center;\"><strong>40 \/ L<\/strong><br \/>\nTotal length - 80 cm<br \/>\nBust - 100 cm<br \/>\nWaist width - 50 cm<br \/>\nWidth from armpit to armpit 50 cm<\/p>\n<p style=\"text-align: center;\"><strong>42 \/ XL<\/strong><br \/>\nTotal length - 80 cm<br \/>\nBust - 104 cm<br \/>\nWaist width - 52 cm<br \/>\nWidth from armpit to armpit 52 cm<\/p>\n<p style=\"text-align: center;\"><strong>44 \/ XXL<\/strong><br \/>\nTotal length - 82 cm<br \/>\nBust - 112 cm<br \/>\nWaist width - 56 cm<br \/>\nWidth from armpit to armpit 56 cm<\/p>\n<p style=\"text-align: center;\">Dimensions may slightly differ from the given +\/- 2cm. All dimensions given are measured flat.<\/p>\n<table width=\"434\">\n<tbody>\n<tr>\n<td width=\"302\">Model name<\/td>\n<td width=\"302\">FUR VEST<\/td>\n<\/tr>\n<tr>\n<td width=\"302\">Color<\/td>\n<td width=\"302\">LIGHT GRAY<\/td>\n<\/tr>\n<tr>\n<td width=\"302\">Collection<\/td>\n<td width=\"302\">\u00a0SPRING \/ AUTUMN \/ WINTER<\/td>\n<\/tr>\n<tr>\n<td width=\"302\">Size<\/td>\n<td width=\"302\">Universal<\/td>\n<\/tr>\n<tr>\n<td width=\"302\">Fashion<\/td>\n<td width=\"302\">Oversize<\/td>\n<\/tr>\n<tr>\n<td width=\"302\">Hood<\/td>\n<td width=\"302\">Yes<\/td>\n<\/tr>\n<tr>\n<td width=\"302\">Warming<\/td>\n<td width=\"302\">Lining<\/td>\n<\/tr>\n<tr>\n<td width=\"302\">Material<\/td>\n<td width=\"302\">100% polyester<\/td>\n<\/tr>\n<\/tbody>\n<\/table>\n<p style=\"text-align: center;\"><strong>MODEL 168 cm - SIZE S \/ M<\/strong><\/p>\n<p style=\"text-align: center;\"><strong style=\"text-align: center;\">\u00a0<\/strong><\/p>","protected":false},"excerpt":{"rendered":"<p>Kamizelka Futrzana z Kapturem Jasno Szara Mi\u015b Kamizelka Futrzana\u00a0z kapturem to najmodniejszy fason w tym sezonie. Kamizelka wykonana ze sztucznego futerka. Niezwykle ciep\u0142a i przyjemna w dotyku. Kamizelka z futra nadaje si\u0119 zar\u00f3wno do spodni, sp\u00f3dnic czy sukienek. Bezr\u0119kawnik z futerka idealnie b\u0119dzie komponowa\u0107 si\u0119 r\u00f3wnie\u017c ze swetrami, kardiganami a przede wszystkim jest to idealna<\/p>\n<div class=\"klb-readmore post-buttons\"><a class=\"button black outline size-sm\" href=\"https:\/\/madelinefashion.pl\/en\/product\/kamizelka-futrzana-z-kapturem-jasno-szara-mis\/\">Read More <i class=\"klbth-icon-right-arrow\"><\/i><\/a><\/div>","protected":false},"featured_media":2491,"template":"","meta":[],"product_brand":[],"product_cat":[79],"product_tag":[160,162],"class_list":{"0":"post-2487","1":"product","2":"type-product","3":"status-publish","4":"has-post-thumbnail","6":"product_cat-kamizelki","7":"product_tag-kamizelki-futrzane","8":"product_tag-narzutka","9":"pa_rozmiar-s","10":"pa_rozmiar-m","11":"pa_rozmiar-l","12":"pa_rozmiar-xl","13":"pa_rozmiar-xxl","15":"first","16":"instock","17":"sale","18":"purchasable","19":"product-type-variable"},"_links":{"self":[{"href":"https:\/\/madelinefashion.pl\/en\/wp-json\/wp\/v2\/product\/2487","targetHints":{"allow":["GET"]}}],"collection":[{"href":"https:\/\/madelinefashion.pl\/en\/wp-json\/wp\/v2\/product"}],"about":[{"href":"https:\/\/madelinefashion.pl\/en\/wp-json\/wp\/v2\/types\/product"}],"wp:featuredmedia":[{"embeddable":true,"href":"https:\/\/madelinefashion.pl\/en\/wp-json\/wp\/v2\/media\/2491"}],"wp:attachment":[{"href":"https:\/\/madelinefashion.pl\/en\/wp-json\/wp\/v2\/media?parent=2487"}],"wp:term":[{"taxonomy":"product_brand","embeddable":true,"href":"https:\/\/madelinefashion.pl\/en\/wp-json\/wp\/v2\/product_brand?post=2487"},{"taxonomy":"product_cat","embeddable":true,"href":"https:\/\/madelinefashion.pl\/en\/wp-json\/wp\/v2\/product_cat?post=2487"},{"taxonomy":"product_tag","embeddable":true,"href":"https:\/\/madelinefashion.pl\/en\/wp-json\/wp\/v2\/product_tag?post=2487"}],"curies":[{"name":"wp","href":"https:\/\/api.w.org\/{rel}","templated":true}]}}