{"id":25350,"date":"2021-11-29T08:40:03","date_gmt":"2021-11-29T07:40:03","guid":{"rendered":"https:\/\/madelinefashion.pl\/?post_type=product&#038;p=25350"},"modified":"2025-09-09T10:31:46","modified_gmt":"2025-09-09T08:31:46","slug":"sukienka-w-krate-tunika-wiazana-biala","status":"publish","type":"product","link":"https:\/\/madelinefashion.pl\/en\/product\/sukienka-w-krate-tunika-wiazana-biala\/","title":{"rendered":"Checkered Dress Tunic Tied White"},"content":{"rendered":"<h3 style=\"text-align: center;\">Checkered Dress Tunic Tied White<\/h3>\n<p style=\"text-align: center;\">Dress with a cut<strong> oversize<\/strong> is the perfect base and basis for many styles. It is total <strong>MUST HAVE<\/strong> this season. The shirt with the most fashionable checkered print is fastened with buttons. Do you want to feel on time? Remember a plaid dress in your wardrobe. Its color and pattern will make it <strong>you will stand out from the crowd<\/strong>. Dress with long sleeves finished with a welt- <strong>tied at the waist<\/strong> perfectly emphasizes feminine shapes. It will be the best fit for <strong>everyday looks<\/strong>. A model chosen for many styles. Perfectly fits the figure. Perfect for school, work, a date or meeting with friends! <strong>Perfect for any time and occasion! Shirt with a cut\u00a0<b>oversize<\/b> is the perfect base and basis for many styles. T.<\/strong>avoids the most fashionable Print <b style=\"font-weight: bold;\">in\u00a0<\/b><b>plaid. Do you want to feel on time? Remember about a shirt in your wardrobe. <\/b>Size\u00a0<strong>universal recommended<\/strong>\u00a0for ladies in sizes from<strong> S to XL.<\/strong> Available in several colors.<\/p>\n<h3 style=\"text-align: center;\">Dimensions :<\/h3>\n<ul>\n<li style=\"text-align: center;\">Overall length: 90 cm<\/li>\n<li style=\"text-align: center;\">Width from armpit to: 55-60 cm x2<\/li>\n<li style=\"text-align: center;\">Waist width: 50 cm (binding)<\/li>\n<li style=\"text-align: center;\">Sleeve length from Armpit: 46 cm<\/li>\n<li style=\"text-align: center;\">Sleeve length from the shoulder: 62 cm<\/li>\n<\/ul>\n<p style=\"text-align: center;\">Dimensions may slightly differ from the given +\/- 2cm. All dimensions given are measured flat.\u00a0<strong>X2 dimension<\/strong><\/p>\n<p style=\"text-align: center;\"><span style=\"font-size: 10pt;\">\u00a0<\/span><\/p>\n<p style=\"text-align: center;\"><span style=\"font-size: 10pt;\">\u00a0<\/span><\/p>\n<table width=\"608\">\n<tbody>\n<tr>\n<td width=\"302\">Model name<\/td>\n<td width=\"302\">Checkered Dress Tunic Tied<\/td>\n<\/tr>\n<tr>\n<td width=\"302\">Color<\/td>\n<td width=\"302\">White<\/td>\n<\/tr>\n<tr>\n<td width=\"302\">Sizes<\/td>\n<td width=\"302\">Universal<\/td>\n<\/tr>\n<tr>\n<td width=\"302\">Fashion<\/td>\n<td width=\"302\">Oversize<\/td>\n<\/tr>\n<tr>\n<td width=\"302\">Material<\/td>\n<td width=\"302\">95% Cotton 5% Elastane<\/td>\n<\/tr>\n<\/tbody>\n<\/table>\n<p style=\"text-align: center;\"><span style=\"font-size: 10pt;\">\u00a0<\/span><\/p>\n<p style=\"text-align: center;\">\u00a0The model has\u00a0<strong>165<\/strong>\u00a0cm tall, wears a size every day\u00a0<strong>S.<\/strong><\/p>\n<p style=\"text-align: center;\"><span style=\"font-size: 10pt;\">\u00a0<\/span><\/p>\n<p style=\"text-align: center;\"><span style=\"font-size: 10pt;\">\u00a0<\/span><\/p>","protected":false},"excerpt":{"rendered":"<p>Sukienka w Krat\u0119 Tunika Wi\u0105zana Bia\u0142a Sukienka o kroju oversizowym to idealna baza i podstawa do wielu stylizacji. Jest to totalny MUST HAVE tego sezonu. Koszula z najmodniejszym Printem w krat\u0119 zapinana jest na guziki. Chcesz si\u0119 poczu\u0107 na czasie? Pami\u0119taj o sukience w krat\u0119 w swojej garderobie.\u00a0 Jej kolor i wz\u00f3r sprawi\u0105, \u017ce wyr\u00f3\u017cnisz<\/p>\n<div class=\"klb-readmore post-buttons\"><a class=\"button black outline size-sm\" href=\"https:\/\/madelinefashion.pl\/en\/product\/sukienka-w-krate-tunika-wiazana-biala\/\">Read More <i class=\"klbth-icon-right-arrow\"><\/i><\/a><\/div>","protected":false},"featured_media":25338,"template":"","meta":[],"product_brand":[],"product_cat":[125,395],"product_tag":[296],"class_list":{"0":"post-25350","1":"product","2":"type-product","3":"status-publish","4":"has-post-thumbnail","6":"product_cat-sukienki","7":"product_cat-nowosci","8":"product_tag-tuniki","10":"first","11":"instock","12":"purchasable","13":"product-type-simple"},"_links":{"self":[{"href":"https:\/\/madelinefashion.pl\/en\/wp-json\/wp\/v2\/product\/25350","targetHints":{"allow":["GET"]}}],"collection":[{"href":"https:\/\/madelinefashion.pl\/en\/wp-json\/wp\/v2\/product"}],"about":[{"href":"https:\/\/madelinefashion.pl\/en\/wp-json\/wp\/v2\/types\/product"}],"wp:featuredmedia":[{"embeddable":true,"href":"https:\/\/madelinefashion.pl\/en\/wp-json\/wp\/v2\/media\/25338"}],"wp:attachment":[{"href":"https:\/\/madelinefashion.pl\/en\/wp-json\/wp\/v2\/media?parent=25350"}],"wp:term":[{"taxonomy":"product_brand","embeddable":true,"href":"https:\/\/madelinefashion.pl\/en\/wp-json\/wp\/v2\/product_brand?post=25350"},{"taxonomy":"product_cat","embeddable":true,"href":"https:\/\/madelinefashion.pl\/en\/wp-json\/wp\/v2\/product_cat?post=25350"},{"taxonomy":"product_tag","embeddable":true,"href":"https:\/\/madelinefashion.pl\/en\/wp-json\/wp\/v2\/product_tag?post=25350"}],"curies":[{"name":"wp","href":"https:\/\/api.w.org\/{rel}","templated":true}]}}