{"id":25419,"date":"2021-11-30T08:08:37","date_gmt":"2021-11-30T07:08:37","guid":{"rendered":"https:\/\/madelinefashion.pl\/?post_type=product&#038;p=25419"},"modified":"2026-03-07T13:47:21","modified_gmt":"2026-03-07T12:47:21","slug":"sukienka-cekinowa-asymetryczna-na-ramiaczkach-leoora-srebrno-czarna","status":"publish","type":"product","link":"https:\/\/madelinefashion.pl\/en\/product\/sukienka-cekinowa-asymetryczna-na-ramiaczkach-leoora-srebrno-czarna\/","title":{"rendered":"Asymmetric Sequin Dress on Leoor&#039;s Straps Silver and Black"},"content":{"rendered":"<h3 style=\"text-align: center;\">Asymmetric Sequin Dress on Leoor&#039;s Straps Silver and Black<\/h3>\n<p style=\"text-align: center;\">Beautiful sequin dress with a longer side, fitted to the body. Put it on for a special occasion and make sure that no one passes by <strong>You indifferently<\/strong>.<br \/>\nThe dress is made of beautiful sequin material. The deep neckline beautifully emphasizes the bust and catches the eye. A sequin dress with adjustable straps will make you shine at any party. The dress has <strong>cotton lining<\/strong> ! <strong>The size is UNIVERSAL\u00a0<\/strong> recommended for ladies wearing <strong>S, M, L, XL<\/strong>\u00a0but we recommend\u00a0<strong>accurate measurement\u00a0<\/strong>according to the dimension table below. Available in our e-shop in several color variants, so do not hesitate and choose the one that is perfect for you.<\/p>\n<h3 style=\"text-align: center;\">Dress dimensions:<\/h3>\n<ul style=\"text-align: center;\">\n<li>Overall length: 135 cm<br \/>\nTotal side length: 80 cm<\/li>\n<li>Width from armpit to armpit: 37 cm - 48 cm<\/li>\n<li>The width at the waist: 37 cm - 45 cm<\/li>\n<li>Hip width: 37 cm - 48 cm<\/li>\n<li>recommended maximum bust circumference: 96 cm<\/li>\n<\/ul>\n<p style=\"text-align: center;\">Dimensions may slightly differ from the given +\/- 2cm. All dimensions given are measured flat.<\/p>\n<p style=\"text-align: center;\"><strong>X2 dimension<\/strong><\/p>\n<p style=\"text-align: center;\"><strong>\u00a0<\/strong><\/p>\n<table style=\"height: 225px;\" width=\"604\">\n<tbody>\n<tr>\n<td width=\"302\">Model name<\/td>\n<td width=\"302\">Asymmetric Sequin Dress on Leoor&#039;s Straps<\/td>\n<\/tr>\n<tr>\n<td width=\"302\">Color<\/td>\n<td width=\"302\">Black Silver<\/td>\n<\/tr>\n<tr>\n<td width=\"302\">Collection<\/td>\n<td width=\"302\">Fall \/ Winter \/ Spring<\/td>\n<\/tr>\n<tr>\n<td width=\"302\">Sizes<\/td>\n<td width=\"302\">Universal<\/td>\n<\/tr>\n<tr>\n<td width=\"302\">Fashion<\/td>\n<td width=\"302\">Fitted on shoulder straps<\/td>\n<\/tr>\n<tr>\n<td width=\"302\">Decoration<\/td>\n<td width=\"302\">Sequins<\/td>\n<\/tr>\n<tr>\n<td width=\"302\">Material<\/td>\n<td width=\"302\">95 % Polyester 5% Elastane<\/td>\n<\/tr>\n<\/tbody>\n<\/table>\n<section class=\"page-product-box\">\n<div class=\"rte\">\n<p style=\"text-align: center;\">\n<\/div>\n<\/section>\n<section class=\"page-product-box\">\n<div class=\"rte\">\n<p style=\"text-align: center;\">\u00a0The model has <strong>165 <\/strong>cm tall, wears a size every day <strong>S.<\/strong><\/p>\n<\/div>\n<\/section>","protected":false},"excerpt":{"rendered":"<p>Sukienka Cekinowa Asymetryczna na Rami\u0105czkach Leoora Srebrno Czarna Pi\u0119kna cekinowa z d\u0142u\u017cszym bokiem sukienka, dopasowana do cia\u0142a. Za\u0142\u00f3\u017c j\u0105 na wyj\u0105tkow\u0105 okazj\u0119 i spraw, \u017ce nikt nie przejdzie obok Ciebie oboj\u0119tnie. Sukienka wykonana zosta\u0142a z pi\u0119knego, cekinowego materia\u0142u. G\u0142\u0119boki dekolt\u00a0 pi\u0119knie podkre\u015bla biust oraz przyci\u0105ga wzrok. Cekinowa sukienka na regulowanych rami\u0105czkach sprawi, \u017ce b\u0119dziesz b\u0142yszcze\u0107<\/p>\n<div class=\"klb-readmore post-buttons\"><a class=\"button black outline size-sm\" href=\"https:\/\/madelinefashion.pl\/en\/product\/sukienka-cekinowa-asymetryczna-na-ramiaczkach-leoora-srebrno-czarna\/\">Read More <i class=\"klbth-icon-right-arrow\"><\/i><\/a><\/div>","protected":false},"featured_media":25224,"template":"","meta":[],"product_brand":[],"product_cat":[124,395,558],"product_tag":[213],"class_list":{"0":"post-25419","1":"product","2":"type-product","3":"status-publish","4":"has-post-thumbnail","6":"product_cat-sukienki-okolicznosciowe","7":"product_cat-nowosci","8":"product_cat-sukienki-cekinowe","9":"product_tag-sukienka-czarna","11":"first","12":"instock","13":"sale","14":"purchasable","15":"product-type-simple"},"_links":{"self":[{"href":"https:\/\/madelinefashion.pl\/en\/wp-json\/wp\/v2\/product\/25419","targetHints":{"allow":["GET"]}}],"collection":[{"href":"https:\/\/madelinefashion.pl\/en\/wp-json\/wp\/v2\/product"}],"about":[{"href":"https:\/\/madelinefashion.pl\/en\/wp-json\/wp\/v2\/types\/product"}],"wp:featuredmedia":[{"embeddable":true,"href":"https:\/\/madelinefashion.pl\/en\/wp-json\/wp\/v2\/media\/25224"}],"wp:attachment":[{"href":"https:\/\/madelinefashion.pl\/en\/wp-json\/wp\/v2\/media?parent=25419"}],"wp:term":[{"taxonomy":"product_brand","embeddable":true,"href":"https:\/\/madelinefashion.pl\/en\/wp-json\/wp\/v2\/product_brand?post=25419"},{"taxonomy":"product_cat","embeddable":true,"href":"https:\/\/madelinefashion.pl\/en\/wp-json\/wp\/v2\/product_cat?post=25419"},{"taxonomy":"product_tag","embeddable":true,"href":"https:\/\/madelinefashion.pl\/en\/wp-json\/wp\/v2\/product_tag?post=25419"}],"curies":[{"name":"wp","href":"https:\/\/api.w.org\/{rel}","templated":true}]}}