{"id":25531,"date":"2021-11-30T18:34:48","date_gmt":"2021-11-30T17:34:48","guid":{"rendered":"https:\/\/madelinefashion.pl\/?post_type=product&#038;p=25531"},"modified":"2025-09-09T10:31:36","modified_gmt":"2025-09-09T08:31:36","slug":"sukienka-koronkowa-z-dlugim-rekawem-savi-bordowa","status":"publish","type":"product","link":"https:\/\/madelinefashion.pl\/en\/product\/sukienka-koronkowa-z-dlugim-rekawem-savi-bordowa\/","title":{"rendered":"Long Sleeve Lace Dress Savi Burgundy"},"content":{"rendered":"<h3 style=\"text-align: center;\">Long Sleeve Lace Dress Savi Burgundy<\/h3>\n<p style=\"text-align: center;\"><span style=\"font-size: 10pt;\">Are you looking for a comfortable and\u00a0<strong>stylish dresses<\/strong>where you stand out from the crowd? Lace dress with a delicate neckline made of high quality material. A Maxi lace dress is a perfect everyday proposition, <strong>baptism, communion, wedding and other family celebrations. The phenomenal lace maxi dress will surely steal your hearts. <\/strong>The dress underneath includes a lining. A beautiful, stylish, very feminine dress will work as the basis for many styles. Dress <strong>Maxi Cordoba<\/strong> perfectly exposes the legs. <strong>Available in many color variants<\/strong>. <strong>Recommended for ladies in size XS SML<\/strong> <strong>XL <\/strong>if you wear a larger size, please check the dimensions carefully.\u00a0<\/span><\/p>\n<h3 style=\"text-align: center;\">\u00a0 \u00a0 \u00a0Dimensions<\/h3>\n<ul>\n<li style=\"text-align: center;\">Total front length - 105 cm<\/li>\n<li style=\"text-align: center;\">The width from armpit to armpit - 38-45 cm<\/li>\n<li style=\"text-align: center;\">Waist width - 33-41 cm<\/li>\n<li style=\"text-align: center;\">Sleeve length from armpit - 39 cm<\/li>\n<li style=\"text-align: center;\">Sleeve length from shoulder - 51<\/li>\n<\/ul>\n<p style=\"text-align: center;\">Dimensions may slightly differ from the given +\/- 2cm. All dimensions given are measured flat.<\/p>\n<h3 style=\"text-align: center;\">Characteristics:<\/h3>\n<p align=\"center\">-dress<br \/>\n- universal<br \/>\n- Made of high quality material<br \/>\n-fashionable<br \/>\n-woman<br \/>\n-lace<br \/>\n-Long Sleeve<\/p>\n<table>\n<tbody>\n<tr>\n<td width=\"302\">Model name<\/td>\n<td width=\"302\">Savi Long Sleeve Lace Dress<\/td>\n<\/tr>\n<tr>\n<td width=\"302\">Color<\/td>\n<td width=\"302\">Claret<\/td>\n<\/tr>\n<tr>\n<td width=\"302\">Sizes<\/td>\n<td width=\"302\">Universal<\/td>\n<\/tr>\n<tr>\n<td width=\"302\">Fashion<\/td>\n<td width=\"302\">Oversize<\/td>\n<\/tr>\n<tr>\n<td width=\"302\">Material<\/td>\n<td width=\"302\">95 % Polyester 5 &amp; Elastane<\/td>\n<\/tr>\n<\/tbody>\n<\/table>\n<p style=\"text-align: center;\">\u00a0The model has\u00a0<strong>165<\/strong>\u00a0cm tall, wears a size every day\u00a0<strong>S.<\/strong><\/p>\n<p style=\"text-align: center;\">","protected":false},"excerpt":{"rendered":"<p>Sukienka Koronkowa z D\u0142ugim R\u0119kawem Savi Bordowa Szukasz wygodnej i\u00a0stylowej Sukienki, w kt\u00f3rej wyr\u00f3\u017cnisz si\u0119 z t\u0142umu? Sukienka koronkowa z delikatnym dekoltem wykonana z wysokiej jako\u015bci materia\u0142u. Sukienka o d\u0142ugo\u015bci Maxi koronkowa to idealna propozycja na co dzie\u0144, chrzest, komuni\u0119, wesele i inne rodzinne uroczysto\u015bci. Fenomenalna sukienka koronkowa maxi z pewno\u015bci\u0105 skradnie Wasze serca. Sukienka<\/p>\n<div class=\"klb-readmore post-buttons\"><a class=\"button black outline size-sm\" href=\"https:\/\/madelinefashion.pl\/en\/product\/sukienka-koronkowa-z-dlugim-rekawem-savi-bordowa\/\">Read More <i class=\"klbth-icon-right-arrow\"><\/i><\/a><\/div>","protected":false},"featured_media":25504,"template":"","meta":[],"product_brand":[],"product_cat":[125,395],"product_tag":[],"class_list":{"0":"post-25531","1":"product","2":"type-product","3":"status-publish","4":"has-post-thumbnail","6":"product_cat-sukienki","7":"product_cat-nowosci","9":"first","10":"instock","11":"purchasable","12":"product-type-simple"},"_links":{"self":[{"href":"https:\/\/madelinefashion.pl\/en\/wp-json\/wp\/v2\/product\/25531","targetHints":{"allow":["GET"]}}],"collection":[{"href":"https:\/\/madelinefashion.pl\/en\/wp-json\/wp\/v2\/product"}],"about":[{"href":"https:\/\/madelinefashion.pl\/en\/wp-json\/wp\/v2\/types\/product"}],"wp:featuredmedia":[{"embeddable":true,"href":"https:\/\/madelinefashion.pl\/en\/wp-json\/wp\/v2\/media\/25504"}],"wp:attachment":[{"href":"https:\/\/madelinefashion.pl\/en\/wp-json\/wp\/v2\/media?parent=25531"}],"wp:term":[{"taxonomy":"product_brand","embeddable":true,"href":"https:\/\/madelinefashion.pl\/en\/wp-json\/wp\/v2\/product_brand?post=25531"},{"taxonomy":"product_cat","embeddable":true,"href":"https:\/\/madelinefashion.pl\/en\/wp-json\/wp\/v2\/product_cat?post=25531"},{"taxonomy":"product_tag","embeddable":true,"href":"https:\/\/madelinefashion.pl\/en\/wp-json\/wp\/v2\/product_tag?post=25531"}],"curies":[{"name":"wp","href":"https:\/\/api.w.org\/{rel}","templated":true}]}}