{"id":2607,"date":"2020-11-17T19:06:53","date_gmt":"2020-11-17T18:06:53","guid":{"rendered":"http:\/\/serwer2078743.home.pl\/?post_type=product&#038;p=2607"},"modified":"2026-02-20T14:59:09","modified_gmt":"2026-02-20T13:59:09","slug":"komplet-sweterkowy-verona-rozowy","status":"publish","type":"product","link":"https:\/\/madelinefashion.pl\/en\/product\/komplet-sweterkowy-verona-rozowy\/","title":{"rendered":"SWEATER SET VERONA PINK"},"content":{"rendered":"<h3 style=\"text-align: center;\">SWEATER SET VERONA PINK<\/h3>\n<p style=\"text-align: center;\">A perfect set for spring, autumn and winter. Well-chosen upper and lower garments so that they work well together.<br \/>\nChoose our set - perfectly matched with each other! A fashionable set combining a sweater with a skirt is the perfect solution for any occasion.<br \/>\nThe sweater also fits perfectly with pants.<\/p>\n<ul style=\"text-align: center;\">\n<li><strong>Fashionable cut<\/strong><\/li>\n<li>Beautiful braid braid<\/li>\n<li>Very warm and pleasant to the touch<\/li>\n<li>European product - HIGHEST QUALITY<\/li>\n<\/ul>\n<h3 style=\"text-align: center;\"><strong>One size fits all recommended S-XL<\/strong><\/h3>\n<p style=\"text-align: center;\"><strong>Sweater dimensions:<\/strong><\/p>\n<p style=\"text-align: center;\">Overall length: 55 cm<\/p>\n<p style=\"text-align: center;\">Width at the bust: max 120 cm<\/p>\n<p style=\"text-align: center;\">Sleeve length from armpit: 35 cm<\/p>\n<p style=\"text-align: center;\"><strong>Skirt dimensions:<\/strong><\/p>\n<p style=\"text-align: center;\">Overall length: 65 cm<\/p>\n<p style=\"text-align: center;\">Waist width: 35-42 cm (elastic band) (given dimensions x2)<\/p>\n<p style=\"text-align: center;\">Hip width: 40-44 cm (given dimensions x2)<\/p>\n<p style=\"text-align: center;\"><strong>The material works<\/strong><\/p>\n<p style=\"text-align: center;\">Dimensions may slightly differ from the given +\/- 2cm. All dimensions given are measured flat.<\/p>\n<table class=\"aligncenter\" style=\"height: 240px;\" width=\"616\">\n<tbody>\n<tr>\n<td width=\"302\">Model name<\/td>\n<td width=\"302\">Verona sweater set<\/td>\n<\/tr>\n<tr>\n<td width=\"302\">Color<\/td>\n<td width=\"302\">Pink<\/td>\n<\/tr>\n<tr>\n<td width=\"302\">Collection<\/td>\n<td width=\"302\">Spring \/ Autumn \/ Winter<\/td>\n<\/tr>\n<tr>\n<td width=\"302\">Sizes<\/td>\n<td width=\"302\">Universal<\/td>\n<\/tr>\n<tr>\n<td width=\"302\">Fashion<\/td>\n<td width=\"302\">Oversize<\/td>\n<\/tr>\n<tr>\n<td width=\"302\">Hood<\/td>\n<td width=\"302\">Without the hood<\/td>\n<\/tr>\n<tr>\n<td width=\"302\">Warmed up<\/td>\n<td width=\"302\">Uninsulated<\/td>\n<\/tr>\n<tr>\n<td style=\"text-align: center;\" width=\"302\">Material<\/td>\n<td width=\"302\">\n<p style=\"text-align: center;\">74% acrylic, 26% polyamide<\/p>\n<\/td>\n<\/tr>\n<\/tbody>\n<\/table>\n<p style=\"text-align: center;\">","protected":false},"excerpt":{"rendered":"<p>KOMPLET SWETERKOWY VERONA R\u00d3\u017bOWY Idealny zestaw na wiosn\u0119\u00a0 jesie\u0144 i zim\u0119. Dobrze dobrana g\u00f3rna i dolna cz\u0119\u015b\u0107 garderoby, tak by razem wsp\u00f3\u0142gra\u0142y. Wybierz nasz komplet &#8211; idealnie ze sob\u0105 zestawiony! Modny komplet \u0142\u0105cz\u0105cy sweterek ze sp\u00f3dnic\u0105 to doskona\u0142e rozwi\u0105zanie na ka\u017cd\u0105 okazj\u0119. Sweterek r\u00f3wnie\u017c idealnie komponuj\u0119 si\u0119 ze spodniami. Modny fason Pi\u0119kny splot w warkocze<\/p>\n<div class=\"klb-readmore post-buttons\"><a class=\"button black outline size-sm\" href=\"https:\/\/madelinefashion.pl\/en\/product\/komplet-sweterkowy-verona-rozowy\/\">Read More <i class=\"klbth-icon-right-arrow\"><\/i><\/a><\/div>","protected":false},"featured_media":2605,"template":"","meta":[],"product_brand":[],"product_cat":[89,78],"product_tag":[],"class_list":{"0":"post-2607","1":"product","2":"type-product","3":"status-publish","4":"has-post-thumbnail","6":"product_cat-komplety","7":"product_cat-swetry-damskie","9":"first","10":"instock","11":"purchasable","12":"product-type-simple"},"_links":{"self":[{"href":"https:\/\/madelinefashion.pl\/en\/wp-json\/wp\/v2\/product\/2607","targetHints":{"allow":["GET"]}}],"collection":[{"href":"https:\/\/madelinefashion.pl\/en\/wp-json\/wp\/v2\/product"}],"about":[{"href":"https:\/\/madelinefashion.pl\/en\/wp-json\/wp\/v2\/types\/product"}],"wp:featuredmedia":[{"embeddable":true,"href":"https:\/\/madelinefashion.pl\/en\/wp-json\/wp\/v2\/media\/2605"}],"wp:attachment":[{"href":"https:\/\/madelinefashion.pl\/en\/wp-json\/wp\/v2\/media?parent=2607"}],"wp:term":[{"taxonomy":"product_brand","embeddable":true,"href":"https:\/\/madelinefashion.pl\/en\/wp-json\/wp\/v2\/product_brand?post=2607"},{"taxonomy":"product_cat","embeddable":true,"href":"https:\/\/madelinefashion.pl\/en\/wp-json\/wp\/v2\/product_cat?post=2607"},{"taxonomy":"product_tag","embeddable":true,"href":"https:\/\/madelinefashion.pl\/en\/wp-json\/wp\/v2\/product_tag?post=2607"}],"curies":[{"name":"wp","href":"https:\/\/api.w.org\/{rel}","templated":true}]}}