{"id":26363,"date":"2021-12-16T08:31:21","date_gmt":"2021-12-16T07:31:21","guid":{"rendered":"https:\/\/madelinefashion.pl\/?post_type=product&#038;p=26363"},"modified":"2026-03-05T17:03:21","modified_gmt":"2026-03-05T16:03:21","slug":"tunika-swiateczna-norweskie-wzory-balwanki-zielona","status":"publish","type":"product","link":"https:\/\/madelinefashion.pl\/en\/product\/tunika-swiateczna-norweskie-wzory-balwanki-zielona\/","title":{"rendered":"Christmas Tunic Norwegian Patterns Snowmen Green"},"content":{"rendered":"<h3 style=\"text-align: center;\">Christmas Tunic Norwegian Patterns Snowmen Green<\/h3>\n<p style=\"text-align: center;\"><strong>Christmas tunic Norwegian Patterns with Snowmen is a model with Christmas patterns, it will be perfect for Christmas meetings. Sweater tunic <\/strong>\u00a0This beautiful model is made of the highest quality yarn, which thanks to a precise processing process adds softness, softness and maximum comfort. <b>Tunic\u00a0 <\/b>in one universal size recommended for <b>Mr<\/b>\u00a0wearing a size\u00a0<b>S, M, L, XL<\/b>\u00a0It will attract attention and you will be\u00a0<b>look amazing<\/b>. Holidays are almost here, so it&#039;s high time to think about preparations, also those related to refreshing your wardrobe. In our store you will find <strong>Christmas clothes<\/strong>that will make you feel again <strong>the magic of Christmas.<\/strong> <strong>Festive character <\/strong>it will work both on a daily basis<strong>, <\/strong>and during dinner <strong>Christmas Eve. The material is decorated with the motifs of reindeer, stars, snowmen, snowflakes and Christmas trees associated with winter and Christmas. <\/strong>Thanks to their material, they will work better\u00a0<strong>on colder days and during transitional periods<\/strong> or for the winter in combination with a jacket. If you have any additional questions about this product, please do not hesitate to contact us by phone or via Facebook.<\/p>\n<h3 style=\"text-align: center;\">Dress dimensions:<\/h3>\n<ul>\n<li style=\"text-align: center;\">Width from armpit to armpit 50-67 cm<\/li>\n<li style=\"text-align: center;\">Overall length 93 cm<\/li>\n<li style=\"text-align: center;\">Sleeve length from armpit 38 cm<\/li>\n<li style=\"text-align: center;\">Sleeve length from shoulder 58 cm<br \/>\nHips width: 47-66 cm<br \/>\nMax bust: 115 cm<\/li>\n<\/ul>\n<p style=\"text-align: center;\">Dimensions may slightly differ from the given +\/- 2cm. All dimensions given are measured flat.<strong>\u00a0<\/strong><\/p>\n<table style=\"height: 216px;\" width=\"732\">\n<tbody>\n<tr>\n<td width=\"302\">Model name<\/td>\n<td width=\"302\">Christmas tunic Norwegian patterns of snowmen<\/td>\n<\/tr>\n<tr>\n<td width=\"302\">Collection<\/td>\n<td width=\"302\">Spring \/ Autumn \/ Winter<\/td>\n<\/tr>\n<tr>\n<td width=\"302\">Sizes<\/td>\n<td width=\"302\">Universal SML XL<\/td>\n<\/tr>\n<tr>\n<td width=\"302\">Composition<\/td>\n<td width=\"302\">40% ACRYLIC 30% MOHER 30% WOOL<\/td>\n<\/tr>\n<tr>\n<td width=\"302\">Color<\/td>\n<td width=\"302\">Green<\/td>\n<\/tr>\n<tr>\n<td width=\"302\">Cleavage<\/td>\n<td width=\"302\">Round<\/td>\n<\/tr>\n<\/tbody>\n<\/table>\n<p style=\"text-align: center;\">The model has\u00a0<strong>169<\/strong>\u00a0cm tall, wears a size every day\u00a0<strong>S.<\/strong><\/p>\n<p style=\"text-align: center;\">Bust width 91 cm<\/p>\n<p style=\"text-align: center;\">Waist width 71 cm<\/p>\n<p style=\"text-align: center;\">Hip width 96 cm<\/p>\n<p style=\"text-align: center;\">","protected":false},"excerpt":{"rendered":"<p>Tunika \u015awi\u0105teczna Norweskie Wzory Ba\u0142wanki Zielona Tunika \u015awi\u0105teczna Norweskie Wzory z Ba\u0142wankami\u00a0 to model o \u015bwi\u0105tecznych wzorach, idealnie sprawdzi si\u0119 podczas \u015bwi\u0105tecznych spotka\u0144. Tunika Sweterkowa \u00a0to pi\u0119kny model wykonany jest z najwy\u017cszej jako\u015bci prz\u0119dzy, kt\u00f3ra dzi\u0119ki precyzyjnemu procesowi obr\u00f3bki dodaje mi\u0119kko\u015bci, mi\u0119kko\u015bci i maksymalnego komfortu. Tunika\u00a0 w rozmiarze uniwersalnym zalecanym dla Pa\u0144\u00a0nosz\u0105cych rozmiar\u00a0S, M, L<\/p>\n<div class=\"klb-readmore post-buttons\"><a class=\"button black outline size-sm\" href=\"https:\/\/madelinefashion.pl\/en\/product\/tunika-swiateczna-norweskie-wzory-balwanki-zielona\/\">Read More <i class=\"klbth-icon-right-arrow\"><\/i><\/a><\/div>","protected":false},"featured_media":585420,"template":"","meta":[],"product_brand":[],"product_cat":[158],"product_tag":[473,250,296],"class_list":{"0":"post-26363","1":"product","2":"type-product","3":"status-publish","4":"has-post-thumbnail","6":"product_cat-sukienki-sweterkowe","7":"product_tag-kolekcja-swiateczna","8":"product_tag-swiateczny","9":"product_tag-tuniki","11":"first","12":"instock","13":"sale","14":"purchasable","15":"product-type-simple"},"_links":{"self":[{"href":"https:\/\/madelinefashion.pl\/en\/wp-json\/wp\/v2\/product\/26363","targetHints":{"allow":["GET"]}}],"collection":[{"href":"https:\/\/madelinefashion.pl\/en\/wp-json\/wp\/v2\/product"}],"about":[{"href":"https:\/\/madelinefashion.pl\/en\/wp-json\/wp\/v2\/types\/product"}],"wp:featuredmedia":[{"embeddable":true,"href":"https:\/\/madelinefashion.pl\/en\/wp-json\/wp\/v2\/media\/585420"}],"wp:attachment":[{"href":"https:\/\/madelinefashion.pl\/en\/wp-json\/wp\/v2\/media?parent=26363"}],"wp:term":[{"taxonomy":"product_brand","embeddable":true,"href":"https:\/\/madelinefashion.pl\/en\/wp-json\/wp\/v2\/product_brand?post=26363"},{"taxonomy":"product_cat","embeddable":true,"href":"https:\/\/madelinefashion.pl\/en\/wp-json\/wp\/v2\/product_cat?post=26363"},{"taxonomy":"product_tag","embeddable":true,"href":"https:\/\/madelinefashion.pl\/en\/wp-json\/wp\/v2\/product_tag?post=26363"}],"curies":[{"name":"wp","href":"https:\/\/api.w.org\/{rel}","templated":true}]}}