{"id":26368,"date":"2021-12-16T08:39:46","date_gmt":"2021-12-16T07:39:46","guid":{"rendered":"https:\/\/madelinefashion.pl\/?post_type=product&#038;p=26368"},"modified":"2024-02-12T11:33:35","modified_gmt":"2024-02-12T10:33:35","slug":"body-usta-z-golfem-czarne","status":"publish","type":"product","link":"https:\/\/madelinefashion.pl\/en\/product\/body-usta-z-golfem-czarne\/","title":{"rendered":"Black Body Mouth with Turtleneck"},"content":{"rendered":"<h3 style=\"text-align: center;\">Black Body Mouth with Turtleneck<\/h3>\n<p style=\"text-align: center;\"><strong>Body<\/strong> Italian production, with an eye-catching print on the lips. A very effective model available in a universal size. Slippery, opaque material, long sleeves. Body fastened with hooks in the crotch, built-up back. Bestselling blouse-body with turtleneck, sensual neckline. They are perfect for both elegant and casual stylizations. Selected for many stylizations - the perfect model, for example on <strong>Valentine&#039;s day.\u00a0<\/strong> A model you will fall in love with. You can wear them with shorts, jeans, skirts and even leather pants. Perfectly fits the figure. Perfect for school, work, on a date or meeting with friends! <strong>Perfect for any time and occasion!\u00a0<\/strong>Size\u00a0<strong>universal recommended<\/strong>\u00a0for ladies in sizes from<strong> XS to L<\/strong><\/p>\n<h3 style=\"text-align: center;\">Dimensions :<\/h3>\n<ul style=\"text-align: center;\">\n<li>overall length: 75 cm<\/li>\n<li>width from armpit to armpit: 40-48 cm<\/li>\n<li>waist width: 30-40 cm<\/li>\n<li>recommended maximum bust circumference: 96 cm<\/li>\n<li>Sleeve length from the shoulder: 62 cm<\/li>\n<li>Sleeve length from armpit: 43 cm<\/li>\n<li><\/li>\n<\/ul>\n<p>&nbsp;<\/p>\n<p>&nbsp;<\/p>\n<p style=\"text-align: center;\">Dimensions may slightly differ from the given +\/- 2cm. All dimensions given are measured flat.<\/p>\n<p style=\"text-align: center;\"><strong>\u00a0<\/strong><\/p>\n<table width=\"618\">\n<tbody>\n<tr>\n<td width=\"302\">Model name<\/td>\n<td width=\"302\">Body lips<\/td>\n<\/tr>\n<tr>\n<td width=\"302\">Color<\/td>\n<td width=\"302\">Red<\/td>\n<\/tr>\n<tr>\n<td width=\"302\">Sizes<\/td>\n<td width=\"302\">Universal<\/td>\n<\/tr>\n<tr>\n<td width=\"302\">Matched<\/td>\n<td width=\"302\">Yes<\/td>\n<\/tr>\n<tr>\n<td width=\"302\">Cleavage<\/td>\n<td width=\"302\">Golf<\/td>\n<\/tr>\n<tr>\n<td width=\"302\">Material<\/td>\n<td width=\"302\">95% polyester 5% elastane<\/td>\n<\/tr>\n<\/tbody>\n<\/table>\n<p>&nbsp;<\/p>\n<p>&nbsp;<\/p>\n<p style=\"text-align: center;\"><span style=\"text-align: center;\">The model has <\/span><strong style=\"text-align: center;\">165<\/strong><span style=\"text-align: center;\">\u00a0cm tall, wears a size every day\u00a0<\/span><strong style=\"text-align: center;\">S.<\/strong><\/p>","protected":false},"excerpt":{"rendered":"<p>Body Usta z Golfem Czarne Body w\u0142oskiej produkcji, z efektownym nadrukiem w usta . Bardzo efektowny model dost\u0119pny w rozmiarze uniwersalnym. Materia\u0142 \u015bliski, kryj\u0105cy, d\u0142ugi r\u0119kaw. Body zapinane na haftki w kroku, ty\u0142 zabudowany. Bestsellerowa\u00a0 bluzka-body z golfem, zmys\u0142owym dekoltem. Rewelacyjnie sprawdz\u0105 si\u0119 zar\u00f3wno w eleganckich, jak i casualowych stylizacjach. Wybierane do wielu stylizacji- idealny<\/p>\n<div class=\"klb-readmore post-buttons\"><a class=\"button black outline size-sm\" href=\"https:\/\/madelinefashion.pl\/en\/product\/body-usta-z-golfem-czarne\/\">Read More <i class=\"klbth-icon-right-arrow\"><\/i><\/a><\/div>","protected":false},"featured_media":26338,"template":"","meta":[],"product_brand":[],"product_cat":[84],"product_tag":[536],"class_list":{"0":"post-26368","1":"product","2":"type-product","3":"status-publish","4":"has-post-thumbnail","6":"product_cat-body","7":"product_tag-body-czarne","9":"first","10":"instock","11":"purchasable","12":"product-type-simple"},"_links":{"self":[{"href":"https:\/\/madelinefashion.pl\/en\/wp-json\/wp\/v2\/product\/26368","targetHints":{"allow":["GET"]}}],"collection":[{"href":"https:\/\/madelinefashion.pl\/en\/wp-json\/wp\/v2\/product"}],"about":[{"href":"https:\/\/madelinefashion.pl\/en\/wp-json\/wp\/v2\/types\/product"}],"wp:featuredmedia":[{"embeddable":true,"href":"https:\/\/madelinefashion.pl\/en\/wp-json\/wp\/v2\/media\/26338"}],"wp:attachment":[{"href":"https:\/\/madelinefashion.pl\/en\/wp-json\/wp\/v2\/media?parent=26368"}],"wp:term":[{"taxonomy":"product_brand","embeddable":true,"href":"https:\/\/madelinefashion.pl\/en\/wp-json\/wp\/v2\/product_brand?post=26368"},{"taxonomy":"product_cat","embeddable":true,"href":"https:\/\/madelinefashion.pl\/en\/wp-json\/wp\/v2\/product_cat?post=26368"},{"taxonomy":"product_tag","embeddable":true,"href":"https:\/\/madelinefashion.pl\/en\/wp-json\/wp\/v2\/product_tag?post=26368"}],"curies":[{"name":"wp","href":"https:\/\/api.w.org\/{rel}","templated":true}]}}