{"id":27037,"date":"2022-01-03T14:48:20","date_gmt":"2022-01-03T13:48:20","guid":{"rendered":"https:\/\/madelinefashion.pl\/?post_type=product&#038;p=27037"},"modified":"2026-03-26T12:40:29","modified_gmt":"2026-03-26T11:40:29","slug":"komplet-alpaka-kardigan-bluzka-melody-karmel","status":"publish","type":"product","link":"https:\/\/madelinefashion.pl\/en\/product\/komplet-alpaka-kardigan-bluzka-melody-karmel\/","title":{"rendered":"Set: Alpaca Cardigan + Melody Caramel Blouse"},"content":{"rendered":"<h3 style=\"text-align: center;\">Set: Alpaca Cardigan + Melody Caramel Blouse<\/h3>\n<p style=\"text-align: center;\"><span style=\"vertical-align: inherit;\"><span style=\"vertical-align: inherit;\">A perfect set for spring, autumn and winter. <\/span><span style=\"vertical-align: inherit;\">Well-chosen upper and lower garments so that they work well together. <\/span><\/span><br \/>\n<span style=\"vertical-align: inherit;\"><span style=\"vertical-align: inherit;\">Choose our set - we guarantee quality and original look! <\/span><span style=\"vertical-align: inherit;\">A fashionable set combining a cardigan with a blouse, which is a solution for every occasion. <\/span><\/span><br \/>\n<span style=\"vertical-align: inherit;\"><span style=\"vertical-align: inherit;\">The set can be worn both together and separately. <\/span><\/span><strong><span style=\"vertical-align: inherit;\"><span style=\"vertical-align: inherit;\">One size fits all recommended S-XL<\/span><\/span><\/strong><\/p>\n<p>&nbsp;<\/p>\n<p>&nbsp;<\/p>\n<h3 style=\"text-align: center;\"><span style=\"vertical-align: inherit;\"><span style=\"vertical-align: inherit;\">Cardigan dimensions:<\/span><\/span><\/h3>\n<p style=\"text-align: center;\"><span style=\"vertical-align: inherit;\"><span style=\"vertical-align: inherit;\">Overall length: 86 cm<br \/>\nWidth from armpit to armpit: 52 -56 cm x2<br \/>\n<\/span><\/span><span style=\"vertical-align: inherit;\"><span style=\"vertical-align: inherit;\">The width at the bust: max 112 cm<br \/>\n<\/span><\/span><span style=\"vertical-align: inherit;\"><span style=\"vertical-align: inherit;\">Sleeve length from armpit: 46 cm<br \/>\n<\/span><\/span><\/p>\n<h3 style=\"text-align: center;\"><span style=\"vertical-align: inherit;\"><span style=\"vertical-align: inherit;\">Blouse dimensions:<\/span><\/span><\/h3>\n<p style=\"text-align: center;\"><span style=\"vertical-align: inherit;\"><span style=\"vertical-align: inherit;\">Overall length: 54 cm<br \/>\n<\/span><\/span><span style=\"vertical-align: inherit;\"><span style=\"vertical-align: inherit;\">Waist width: 33-50 cm (elastic band) x2<br \/>\n<\/span><\/span><span style=\"vertical-align: inherit;\"><span style=\"vertical-align: inherit;\">Width from armpit to armpit: 40-50 cm x2<\/span><\/span><\/p>\n<p style=\"text-align: center;\"><strong><span style=\"vertical-align: inherit;\"><span style=\"vertical-align: inherit;\">The material works<\/span><\/span><\/strong><\/p>\n<p style=\"text-align: center;\"><span style=\"vertical-align: inherit;\"><span style=\"vertical-align: inherit;\">Dimensions may vary from the given +\/- 2cm. <\/span><span style=\"vertical-align: inherit;\">All dimensions given are measured flat. X2 dimension<\/span><\/span><\/p>\n<p>&nbsp;<\/p>\n<table style=\"height: 234px;\" width=\"678\">\n<tbody>\n<tr>\n<td width=\"302\"><span style=\"vertical-align: inherit;\"><span style=\"vertical-align: inherit;\">Model name<\/span><\/span><\/td>\n<td width=\"302\">Set: Alpaca Cardigan + Melody Blouse<\/td>\n<\/tr>\n<tr>\n<td width=\"302\"><span style=\"vertical-align: inherit;\"><span style=\"vertical-align: inherit;\">Color<\/span><\/span><\/td>\n<td width=\"302\">caramel<\/td>\n<\/tr>\n<tr>\n<td width=\"302\"><span style=\"vertical-align: inherit;\"><span style=\"vertical-align: inherit;\">Collection<\/span><\/span><\/td>\n<td width=\"302\"><span style=\"vertical-align: inherit;\"><span style=\"vertical-align: inherit;\">Spring \/ Autumn \/ Winter<\/span><\/span><\/td>\n<\/tr>\n<tr>\n<td width=\"302\"><span style=\"vertical-align: inherit;\"><span style=\"vertical-align: inherit;\">Sizes<\/span><\/span><\/td>\n<td width=\"302\"><span style=\"vertical-align: inherit;\"><span style=\"vertical-align: inherit;\">Universal<\/span><\/span><\/td>\n<\/tr>\n<tr>\n<td width=\"302\"><span style=\"vertical-align: inherit;\"><span style=\"vertical-align: inherit;\">Cardigan<\/span><\/span><\/td>\n<td width=\"302\"><span style=\"vertical-align: inherit;\"><span style=\"vertical-align: inherit;\">Oversize<\/span><\/span><\/td>\n<\/tr>\n<tr>\n<td width=\"302\"><span style=\"vertical-align: inherit;\"><span style=\"vertical-align: inherit;\">Blouse<\/span><\/span><\/td>\n<td width=\"302\"><span style=\"vertical-align: inherit;\"><span style=\"vertical-align: inherit;\">Matched<\/span><\/span><\/td>\n<\/tr>\n<tr>\n<td width=\"302\">Available colours<\/td>\n<td width=\"302\">black, beige, khaki, caramel, powder pink<\/td>\n<\/tr>\n<tr>\n<td width=\"302\"><span style=\"vertical-align: inherit;\"><span style=\"vertical-align: inherit;\">Material<\/span><\/span><\/td>\n<td width=\"302\"><span style=\"vertical-align: inherit;\"><span style=\"vertical-align: inherit;\">100% Nylon<\/span><\/span><\/td>\n<\/tr>\n<\/tbody>\n<\/table>\n<p style=\"text-align: center;\">\u00a0The model has\u00a0<strong>165<\/strong>\u00a0cm tall, wears a size every day\u00a0<strong>S.<\/strong><\/p>","protected":false},"excerpt":{"rendered":"<p>Komplet Alpaka Kardigan + Bluzka Melody Karmel Idealny zestaw na wiosn\u0119 jesie\u0144 i zim\u0119. Dobrze dobrana g\u00f3rna i dolna cz\u0119\u015b\u0107 garderoby, tak by razem wsp\u00f3\u0142gra\u0142y. Wybierz nasz komplet &#8211; gwarantujemy jako\u015b\u0107 oraz oryginalny wygl\u0105d! Modny komplet \u0142\u0105cz\u0105cy kardigan z bluzk\u0105, kt\u00f3ry stanowi rozwi\u0105zanie na ka\u017cd\u0105 okazj\u0119. Komplet mo\u017cna nosi\u0107 zar\u00f3wno razem jak i osobno. Rozmiar<\/p>\n<div class=\"klb-readmore post-buttons\"><a class=\"button black outline size-sm\" href=\"https:\/\/madelinefashion.pl\/en\/product\/komplet-alpaka-kardigan-bluzka-melody-karmel\/\">Read More <i class=\"klbth-icon-right-arrow\"><\/i><\/a><\/div>","protected":false},"featured_media":26934,"template":"","meta":[],"product_brand":[],"product_cat":[89,78,380],"product_tag":[],"class_list":{"0":"post-27037","1":"product","2":"type-product","3":"status-publish","4":"has-post-thumbnail","6":"product_cat-komplety","7":"product_cat-swetry-damskie","8":"product_cat-wyprzedaz","10":"first","11":"instock","12":"sale","13":"purchasable","14":"product-type-simple"},"_links":{"self":[{"href":"https:\/\/madelinefashion.pl\/en\/wp-json\/wp\/v2\/product\/27037","targetHints":{"allow":["GET"]}}],"collection":[{"href":"https:\/\/madelinefashion.pl\/en\/wp-json\/wp\/v2\/product"}],"about":[{"href":"https:\/\/madelinefashion.pl\/en\/wp-json\/wp\/v2\/types\/product"}],"wp:featuredmedia":[{"embeddable":true,"href":"https:\/\/madelinefashion.pl\/en\/wp-json\/wp\/v2\/media\/26934"}],"wp:attachment":[{"href":"https:\/\/madelinefashion.pl\/en\/wp-json\/wp\/v2\/media?parent=27037"}],"wp:term":[{"taxonomy":"product_brand","embeddable":true,"href":"https:\/\/madelinefashion.pl\/en\/wp-json\/wp\/v2\/product_brand?post=27037"},{"taxonomy":"product_cat","embeddable":true,"href":"https:\/\/madelinefashion.pl\/en\/wp-json\/wp\/v2\/product_cat?post=27037"},{"taxonomy":"product_tag","embeddable":true,"href":"https:\/\/madelinefashion.pl\/en\/wp-json\/wp\/v2\/product_tag?post=27037"}],"curies":[{"name":"wp","href":"https:\/\/api.w.org\/{rel}","templated":true}]}}