{"id":27069,"date":"2022-01-03T15:28:13","date_gmt":"2022-01-03T14:28:13","guid":{"rendered":"https:\/\/madelinefashion.pl\/?post_type=product&#038;p=27069"},"modified":"2026-03-01T12:58:37","modified_gmt":"2026-03-01T11:58:37","slug":"czapka-zimowa-dwa-pompony-brokatowa-granatowa","status":"publish","type":"product","link":"https:\/\/madelinefashion.pl\/en\/product\/czapka-zimowa-dwa-pompony-brokatowa-granatowa\/","title":{"rendered":"A winter hat, two pompoms, glitter navy blue"},"content":{"rendered":"<h3 style=\"text-align: center;\">A winter hat, two pompoms, glitter navy blue<\/h3>\n<ul style=\"text-align: center;\">\n<li>The cap is made of <b>high-quality<\/b> yarn.<\/li>\n<li>Autumn \/ winter hat with fleece lining<\/li>\n<li>A perfect proposition for the upcoming cold days.<\/li>\n<li>Very pleasant to use.<\/li>\n<li>Polish product<\/li>\n<li>Recommended for children from 3 years of age and adults<\/li>\n<\/ul>\n<h3 style=\"text-align: center;\">Cap dimensions:<\/h3>\n<ul style=\"text-align: center;\">\n<li>Universal size,<\/li>\n<li>Comfortable, does not compress the head, freely adjusts to its shape,<\/li>\n<li>Hat height: 24 cm,<\/li>\n<li>Cap circumference: 2 x 23 cm (measured flat)<\/li>\n<li>The maximum circumference of the hat is 54cm<\/li>\n<li><\/li>\n<\/ul>\n<table class=\"aligncenter\" style=\"margin-left: auto; margin-right: auto; height: 192px;\" width=\"611\">\n<tbody>\n<tr>\n<td width=\"302\">Model<\/td>\n<td width=\"302\">Winter hat with two pompoms<\/td>\n<\/tr>\n<tr>\n<td width=\"302\">Color<\/td>\n<td width=\"302\">Grenade<\/td>\n<\/tr>\n<tr>\n<td width=\"302\">Collection<\/td>\n<td width=\"302\">Spring \/ Fall \/ Winter<\/td>\n<\/tr>\n<tr>\n<td width=\"302\">Sizes<\/td>\n<td width=\"302\">Universal<\/td>\n<\/tr>\n<tr>\n<td width=\"302\">Kids<\/td>\n<td width=\"302\">from 3 years<\/td>\n<\/tr>\n<tr>\n<td width=\"302\">Warmed up<\/td>\n<td width=\"302\">Fleece<\/td>\n<\/tr>\n<tr>\n<td width=\"302\">Material<\/td>\n<td width=\"302\">100% acrylic<\/td>\n<\/tr>\n<\/tbody>\n<\/table>\n<p style=\"text-align: center;\">","protected":false},"excerpt":{"rendered":"<p>Czapka Zimowa Dwa Pompony Brokatowa Granatowa Czapka wykonana jest z wysokiej jako\u015bci prz\u0119dzy. Czapka Jesienno-zimowa podszyta polarem Idealna propozycja na nadchodz\u0105ce ch\u0142odne dni. Bardzo\u00a0 przyjemna w u\u017cytkowaniu. Produkt Polski Zalecana dla Dzieci od lat 3 i na osoby doros\u0142e Wymiary czapka: Rozmiar uniwersalny, Wygodna, nie uciska g\u0142owy, swobodnie dopasowuje si\u0119 do jej kszta\u0142tu, Wysoko\u015b\u0107 czapki:<\/p>\n<div class=\"klb-readmore post-buttons\"><a class=\"button black outline size-sm\" href=\"https:\/\/madelinefashion.pl\/en\/product\/czapka-zimowa-dwa-pompony-brokatowa-granatowa\/\">Read More <i class=\"klbth-icon-right-arrow\"><\/i><\/a><\/div>","protected":false},"featured_media":62759,"template":"","meta":[],"product_brand":[],"product_cat":[115],"product_tag":[],"class_list":{"0":"post-27069","1":"product","2":"type-product","3":"status-publish","4":"has-post-thumbnail","6":"product_cat-czapki","8":"first","9":"outofstock","10":"sale","11":"purchasable","12":"product-type-simple"},"_links":{"self":[{"href":"https:\/\/madelinefashion.pl\/en\/wp-json\/wp\/v2\/product\/27069","targetHints":{"allow":["GET"]}}],"collection":[{"href":"https:\/\/madelinefashion.pl\/en\/wp-json\/wp\/v2\/product"}],"about":[{"href":"https:\/\/madelinefashion.pl\/en\/wp-json\/wp\/v2\/types\/product"}],"wp:featuredmedia":[{"embeddable":true,"href":"https:\/\/madelinefashion.pl\/en\/wp-json\/wp\/v2\/media\/62759"}],"wp:attachment":[{"href":"https:\/\/madelinefashion.pl\/en\/wp-json\/wp\/v2\/media?parent=27069"}],"wp:term":[{"taxonomy":"product_brand","embeddable":true,"href":"https:\/\/madelinefashion.pl\/en\/wp-json\/wp\/v2\/product_brand?post=27069"},{"taxonomy":"product_cat","embeddable":true,"href":"https:\/\/madelinefashion.pl\/en\/wp-json\/wp\/v2\/product_cat?post=27069"},{"taxonomy":"product_tag","embeddable":true,"href":"https:\/\/madelinefashion.pl\/en\/wp-json\/wp\/v2\/product_tag?post=27069"}],"curies":[{"name":"wp","href":"https:\/\/api.w.org\/{rel}","templated":true}]}}