{"id":27105,"date":"2022-01-03T15:57:28","date_gmt":"2022-01-03T14:57:28","guid":{"rendered":"https:\/\/madelinefashion.pl\/?post_type=product&#038;p=27105"},"modified":"2026-02-20T14:58:00","modified_gmt":"2026-02-20T13:58:00","slug":"sweter-krotki-vegas-jasno-szary","status":"publish","type":"product","link":"https:\/\/madelinefashion.pl\/en\/product\/sweter-krotki-vegas-jasno-szary\/","title":{"rendered":"Short Vegas Light Gray Sweater"},"content":{"rendered":"<h3 style=\"text-align: center;\">Short Vegas Light Gray Sweater<\/h3>\n<p style=\"text-align: center;\"><span style=\"font-size: 10pt;\">A comfortable, comfortable sweater with a straight cut. Model with long sleeves finished with cuffs, just like the bottom of the sweater. It is made of a nice, elastic fabric. It has an attractive front and sleeves. A mega universal model that fits any styling. Perfectly combined with jeans, leggings and skirts.<\/span><\/p>\n<p style=\"text-align: center;\"><span style=\"font-size: 10pt;\">One universal size, recommended from XS to L.<\/span><\/p>\n<p style=\"text-align: center;\"><span style=\"font-size: 10pt;\">\u00a0<\/span><\/p>\n<h3 style=\"text-align: center;\">\u00a0 \u00a0 \u00a0Dimensions:<\/h3>\n<p style=\"text-align: center;\">\u00a0\u00a0\u00a0 overall length: 67 cm<\/p>\n<p style=\"text-align: center;\">\u00a0\u00a0\u00a0\u00a0\u00a0\u00a0\u00a0 width from armpit to armpit: 55 cm -67 cm<\/p>\n<p style=\"text-align: center;\">\u00a0 \u00a0 Sleeve length from armpit: 38 cm<\/p>\n<p style=\"text-align: center;\">Sleeve length from the shoulder: 50 cm<\/p>\n<p style=\"text-align: center;\">\u00a0Dimensions may slightly differ from the given +\/- 2cm. All dimensions given are measured flat. X2 dimension<\/p>\n<p>&nbsp;<\/p>\n<table>\n<tbody>\n<tr>\n<td width=\"302\">Model name<\/td>\n<td width=\"302\">Short Vegas Sweater<\/td>\n<\/tr>\n<tr>\n<td width=\"302\">Color<\/td>\n<td width=\"302\">Light Gray<\/td>\n<\/tr>\n<tr>\n<td width=\"302\">Sizes<\/td>\n<td width=\"302\">Universal<\/td>\n<\/tr>\n<tr>\n<td width=\"302\">Fashion<\/td>\n<td width=\"302\">Matched<\/td>\n<\/tr>\n<tr>\n<td width=\"302\">Warmed up<\/td>\n<td width=\"302\">Uninsulated<\/td>\n<\/tr>\n<tr>\n<td width=\"302\">Material<\/td>\n<td width=\"302\">74 % Acrylic 26 % Polyester<\/td>\n<\/tr>\n<\/tbody>\n<\/table>\n<p style=\"text-align: center;\">The model has\u00a0<strong>169<\/strong>\u00a0cm tall, wears a size every day\u00a0<strong>S.<\/strong><\/p>\n<p style=\"text-align: center;\">The width at the bust is 92 cm<\/p>\n<p style=\"text-align: center;\">Waist width 62 cm<\/p>\n<p style=\"text-align: center;\">The width at the hips is 94 cm<\/p>","protected":false},"excerpt":{"rendered":"<p>Sweter Kr\u00f3tki Vegas Jasno Szary Wygodny, komfortowy sweterek o prostym kroju. Model z d\u0142ugimi r\u0119kawami zako\u0144czonymi \u015bci\u0105gaczami, podobnie jak d\u00f3\u0142 swetra. Wykonano go z przyjemnej, elastycznej dzianiny. Posiada efektowny z przodu oraz na r\u0119kawach. Mega uniwersalny model pasuj\u0105cy do ka\u017cdej stylizacji. Idealnie \u0142\u0105czy si\u0119 z jeansami, legginsami oraz sp\u00f3dnicami. Rozmiar uniwersalny zalecany od XS do<\/p>\n<div class=\"klb-readmore post-buttons\"><a class=\"button black outline size-sm\" href=\"https:\/\/madelinefashion.pl\/en\/product\/sweter-krotki-vegas-jasno-szary\/\">Read More <i class=\"klbth-icon-right-arrow\"><\/i><\/a><\/div>","protected":false},"featured_media":56237,"template":"","meta":[],"product_brand":[],"product_cat":[78],"product_tag":[],"class_list":{"0":"post-27105","1":"product","2":"type-product","3":"status-publish","4":"has-post-thumbnail","6":"product_cat-swetry-damskie","8":"first","9":"instock","10":"purchasable","11":"product-type-simple"},"_links":{"self":[{"href":"https:\/\/madelinefashion.pl\/en\/wp-json\/wp\/v2\/product\/27105","targetHints":{"allow":["GET"]}}],"collection":[{"href":"https:\/\/madelinefashion.pl\/en\/wp-json\/wp\/v2\/product"}],"about":[{"href":"https:\/\/madelinefashion.pl\/en\/wp-json\/wp\/v2\/types\/product"}],"wp:featuredmedia":[{"embeddable":true,"href":"https:\/\/madelinefashion.pl\/en\/wp-json\/wp\/v2\/media\/56237"}],"wp:attachment":[{"href":"https:\/\/madelinefashion.pl\/en\/wp-json\/wp\/v2\/media?parent=27105"}],"wp:term":[{"taxonomy":"product_brand","embeddable":true,"href":"https:\/\/madelinefashion.pl\/en\/wp-json\/wp\/v2\/product_brand?post=27105"},{"taxonomy":"product_cat","embeddable":true,"href":"https:\/\/madelinefashion.pl\/en\/wp-json\/wp\/v2\/product_cat?post=27105"},{"taxonomy":"product_tag","embeddable":true,"href":"https:\/\/madelinefashion.pl\/en\/wp-json\/wp\/v2\/product_tag?post=27105"}],"curies":[{"name":"wp","href":"https:\/\/api.w.org\/{rel}","templated":true}]}}