{"id":2717,"date":"2020-11-19T15:02:02","date_gmt":"2020-11-19T14:02:02","guid":{"rendered":"http:\/\/serwer2078743.home.pl\/?post_type=product&#038;p=2717"},"modified":"2026-03-05T17:03:31","modified_gmt":"2026-03-05T16:03:31","slug":"sukienka-sweterkowa-jodelka-karmelowa","status":"publish","type":"product","link":"https:\/\/madelinefashion.pl\/en\/product\/sukienka-sweterkowa-jodelka-karmelowa\/","title":{"rendered":"Caramel Herringbone Sweater Dress"},"content":{"rendered":"<h3 style=\"text-align: center;\">Caramel Herringbone Sweater Dress<\/h3>\n<p style=\"text-align: center;\">The cut emphasizes the figure beautifully and <strong>female shapes<\/strong>. The dress has a delicate neckline and\u00a0<strong>\u00a0long sleeves<\/strong>\u00a0. They are slightly tapered under the bust, which beautifully emphasizes the figure. <span style=\"font-family: arial, helvetica, sans-serif;\"><span style=\"font-size: 10pt;\">Its simple cut and classic pattern will fit into many styles. You can successfully dress it for everyday outings, work, family gatherings or even more important occasions. <\/span><\/span>\u00a0Thanks to the structure of the material, it will work better <strong>on colder days and during transitional periods<\/strong> or for the winter in combination with a jacket. We recommend combining them with high boots, which will make you stand out from the crowd.\u00a0 <strong>The size is UNIVERSAL\u00a0 <\/strong><strong>,<\/strong>\u00a0but we recommend\u00a0<strong>accurate measurement <\/strong>according to the dimension table below. Available in our e-shop in several color variants, so do not hesitate and choose the one that is perfect for you. If you cannot decide which color is best for you, please contact us via Facebook or by phone. <strong>Recommended for s to xl wearers\u00a0<\/strong><\/p>\n<p style=\"text-align: center;\">The tunic is washable up to 30 \u00b0 C, do not iron, not suitable for a dryer.<\/p>\n<h3 style=\"text-align: center;\">Dress dimensions:<\/h3>\n<ul style=\"text-align: center;\">\n<li>Overall length 92 cm<\/li>\n<li>Width from armpit to armpit from 40 cm - 55 cm<\/li>\n<li>Waist width from 30 cm - 42 cm<\/li>\n<li>The width of the hips is 40 cm - 52 cm<\/li>\n<li>Sleeve length from shoulder 58 cm<\/li>\n<li>Sleeve length from the armpit 45 cm<\/li>\n<li><\/li>\n<\/ul>\n<p style=\"text-align: center;\">Dimensions may slightly differ from the given +\/- 2cm. All dimensions given are measured flat.<\/p>\n<p style=\"text-align: center;\">X2 dimension<\/p>\n<table width=\"610\">\n<tbody>\n<tr>\n<td width=\"302\">Model name<\/td>\n<td width=\"302\">Herringbone sweater dress<\/td>\n<\/tr>\n<tr>\n<td width=\"302\">Color<\/td>\n<td width=\"302\">Camel<\/td>\n<\/tr>\n<tr>\n<td width=\"302\">Sizes<\/td>\n<td width=\"302\">Universal<\/td>\n<\/tr>\n<tr>\n<td width=\"302\">Collection<\/td>\n<td width=\"302\">Spring \/ Autumn \/ Winter<\/td>\n<\/tr>\n<tr>\n<td width=\"302\">Hood<\/td>\n<td width=\"302\">Without the hood<\/td>\n<\/tr>\n<tr>\n<td width=\"302\">Warmed up<\/td>\n<td width=\"302\">Uninsulated<\/td>\n<\/tr>\n<tr>\n<td width=\"302\">Material<\/td>\n<td width=\"302\">70% Acrylic 30% Cotton<\/td>\n<\/tr>\n<\/tbody>\n<\/table>\n<section class=\"page-product-box\">\n<div class=\"rte\">\n<p style=\"text-align: center;\">The model has\u00a0<strong>169<\/strong>\u00a0cm tall, wears a size every day\u00a0<strong>S.<\/strong><\/p>\n<p style=\"text-align: center;\">The width at the bust is 92 cm<\/p>\n<p style=\"text-align: center;\">Waist width 62 cm<\/p>\n<p style=\"text-align: center;\">The width at the hips is 94 cm<\/p>\n<\/div>\n<\/section>","protected":false},"excerpt":{"rendered":"<p>Sukienka Sweterkowa Jode\u0142ka Karmelowa Kr\u00f3j pi\u0119knie podkre\u015bla figur\u0119 i kobiece kszta\u0142ty.\u00a0Sukienka ma delikatny dekolt i\u00a0\u00a0d\u0142ugie r\u0119kawy\u00a0.\u00a0Pod biustem s\u0105 lekko zw\u0119\u017cane, co pi\u0119knie podkre\u015bla sylwetk\u0119 . Jej prosty kr\u00f3j i klasyczny wz\u00f3r wpisze si\u0119 w wiele stylizacji. Z powodzeniem mo\u017cesz j\u0105 ubra\u0107 na codzienne wyj\u015bcia, do pracy, spotkanie rodzinne czy nawet na wa\u017cniejsz\u0105 okazj\u0119. \u00a0Dzi\u0119ki strukturze<\/p>\n<div class=\"klb-readmore post-buttons\"><a class=\"button black outline size-sm\" href=\"https:\/\/madelinefashion.pl\/en\/product\/sukienka-sweterkowa-jodelka-karmelowa\/\">Read More <i class=\"klbth-icon-right-arrow\"><\/i><\/a><\/div>","protected":false},"featured_media":56133,"template":"","meta":[],"product_brand":[],"product_cat":[158],"product_tag":[296],"class_list":{"0":"post-2717","1":"product","2":"type-product","3":"status-publish","4":"has-post-thumbnail","6":"product_cat-sukienki-sweterkowe","7":"product_tag-tuniki","9":"first","10":"instock","11":"sale","12":"purchasable","13":"product-type-simple"},"_links":{"self":[{"href":"https:\/\/madelinefashion.pl\/en\/wp-json\/wp\/v2\/product\/2717","targetHints":{"allow":["GET"]}}],"collection":[{"href":"https:\/\/madelinefashion.pl\/en\/wp-json\/wp\/v2\/product"}],"about":[{"href":"https:\/\/madelinefashion.pl\/en\/wp-json\/wp\/v2\/types\/product"}],"wp:featuredmedia":[{"embeddable":true,"href":"https:\/\/madelinefashion.pl\/en\/wp-json\/wp\/v2\/media\/56133"}],"wp:attachment":[{"href":"https:\/\/madelinefashion.pl\/en\/wp-json\/wp\/v2\/media?parent=2717"}],"wp:term":[{"taxonomy":"product_brand","embeddable":true,"href":"https:\/\/madelinefashion.pl\/en\/wp-json\/wp\/v2\/product_brand?post=2717"},{"taxonomy":"product_cat","embeddable":true,"href":"https:\/\/madelinefashion.pl\/en\/wp-json\/wp\/v2\/product_cat?post=2717"},{"taxonomy":"product_tag","embeddable":true,"href":"https:\/\/madelinefashion.pl\/en\/wp-json\/wp\/v2\/product_tag?post=2717"}],"curies":[{"name":"wp","href":"https:\/\/api.w.org\/{rel}","templated":true}]}}