{"id":27187,"date":"2022-01-04T11:19:40","date_gmt":"2022-01-04T10:19:40","guid":{"rendered":"https:\/\/madelinefashion.pl\/?post_type=product&#038;p=27187"},"modified":"2026-02-20T14:57:59","modified_gmt":"2026-02-20T13:57:59","slug":"sweter-krotki-vegas-czarny","status":"publish","type":"product","link":"https:\/\/madelinefashion.pl\/en\/product\/sweter-krotki-vegas-czarny\/","title":{"rendered":"Black Short Vegas Sweater"},"content":{"rendered":"<h3 style=\"text-align: center;\">Black Short Vegas Sweater<\/h3>\n<p style=\"text-align: center;\"><span style=\"font-size: 10pt;\">A comfortable, comfortable sweater with a straight cut. Model with long sleeves finished with cuffs, just like the bottom of the sweater. It is made of a nice, elastic fabric. It has an attractive front and sleeves. A mega universal model that fits any styling. Perfectly combined with jeans, leggings and skirts.<\/span><\/p>\n<p style=\"text-align: center;\"><span style=\"font-size: 10pt;\">One universal size, recommended from XS to L.<\/span><\/p>\n<p style=\"text-align: center;\"><span style=\"font-size: 10pt;\">\u00a0<\/span><\/p>\n<h3 style=\"text-align: center;\">\u00a0 \u00a0 \u00a0Dimensions:<\/h3>\n<p style=\"text-align: center;\">\u00a0\u00a0\u00a0 overall length: 67 cm<\/p>\n<p style=\"text-align: center;\">\u00a0\u00a0\u00a0\u00a0\u00a0\u00a0\u00a0 width from armpit to armpit: 55 cm -67 cm<\/p>\n<p style=\"text-align: center;\">\u00a0 \u00a0 Sleeve length from armpit: 38 cm<\/p>\n<p style=\"text-align: center;\">Sleeve length from the shoulder: 50 cm<\/p>\n<p style=\"text-align: center;\">\u00a0Dimensions may slightly differ from the given +\/- 2cm. All dimensions given are measured flat. X2 dimension<\/p>\n<p>&nbsp;<\/p>\n<table>\n<tbody>\n<tr>\n<td width=\"302\">Model name<\/td>\n<td width=\"302\">Short Vegas Sweater<\/td>\n<\/tr>\n<tr>\n<td width=\"302\">Color<\/td>\n<td width=\"302\">Black<\/td>\n<\/tr>\n<tr>\n<td width=\"302\">Sizes<\/td>\n<td width=\"302\">Universal<\/td>\n<\/tr>\n<tr>\n<td width=\"302\">Fashion<\/td>\n<td width=\"302\">Matched<\/td>\n<\/tr>\n<tr>\n<td width=\"302\">Warmed up<\/td>\n<td width=\"302\">Uninsulated<\/td>\n<\/tr>\n<tr>\n<td width=\"302\">Material<\/td>\n<td width=\"302\">74 % Acrylic 26 % Polyester<\/td>\n<\/tr>\n<\/tbody>\n<\/table>\n<p style=\"text-align: center;\"><span style=\"font-size: 10pt;\">\u00a0<\/span><\/p>\n<p style=\"text-align: center;\">The model has\u00a0<strong>169<\/strong>\u00a0cm tall, wears a size every day\u00a0<strong>S.<\/strong><\/p>\n<p style=\"text-align: center;\">The width at the bust is 92 cm<\/p>\n<p style=\"text-align: center;\">Waist width 62 cm<\/p>\n<p style=\"text-align: center;\">The width at the hips is 94 cm<\/p>","protected":false},"excerpt":{"rendered":"<p>Sweter Kr\u00f3tki Vegas Czarny Wygodny, komfortowy sweterek o prostym kroju. Model z d\u0142ugimi r\u0119kawami zako\u0144czonymi \u015bci\u0105gaczami, podobnie jak d\u00f3\u0142 swetra. Wykonano go z przyjemnej, elastycznej dzianiny. Posiada efektowny z przodu oraz na r\u0119kawach. Mega uniwersalny model pasuj\u0105cy do ka\u017cdej stylizacji. Idealnie \u0142\u0105czy si\u0119 z jeansami, legginsami oraz sp\u00f3dnicami. Rozmiar uniwersalny zalecany od XS do L<\/p>\n<div class=\"klb-readmore post-buttons\"><a class=\"button black outline size-sm\" href=\"https:\/\/madelinefashion.pl\/en\/product\/sweter-krotki-vegas-czarny\/\">Read More <i class=\"klbth-icon-right-arrow\"><\/i><\/a><\/div>","protected":false},"featured_media":56240,"template":"","meta":[],"product_brand":[],"product_cat":[78],"product_tag":[],"class_list":{"0":"post-27187","1":"product","2":"type-product","3":"status-publish","4":"has-post-thumbnail","6":"product_cat-swetry-damskie","8":"first","9":"instock","10":"purchasable","11":"product-type-simple"},"_links":{"self":[{"href":"https:\/\/madelinefashion.pl\/en\/wp-json\/wp\/v2\/product\/27187","targetHints":{"allow":["GET"]}}],"collection":[{"href":"https:\/\/madelinefashion.pl\/en\/wp-json\/wp\/v2\/product"}],"about":[{"href":"https:\/\/madelinefashion.pl\/en\/wp-json\/wp\/v2\/types\/product"}],"wp:featuredmedia":[{"embeddable":true,"href":"https:\/\/madelinefashion.pl\/en\/wp-json\/wp\/v2\/media\/56240"}],"wp:attachment":[{"href":"https:\/\/madelinefashion.pl\/en\/wp-json\/wp\/v2\/media?parent=27187"}],"wp:term":[{"taxonomy":"product_brand","embeddable":true,"href":"https:\/\/madelinefashion.pl\/en\/wp-json\/wp\/v2\/product_brand?post=27187"},{"taxonomy":"product_cat","embeddable":true,"href":"https:\/\/madelinefashion.pl\/en\/wp-json\/wp\/v2\/product_cat?post=27187"},{"taxonomy":"product_tag","embeddable":true,"href":"https:\/\/madelinefashion.pl\/en\/wp-json\/wp\/v2\/product_tag?post=27187"}],"curies":[{"name":"wp","href":"https:\/\/api.w.org\/{rel}","templated":true}]}}