{"id":27267,"date":"2022-01-06T09:49:59","date_gmt":"2022-01-06T08:49:59","guid":{"rendered":"https:\/\/madelinefashion.pl\/?post_type=product&#038;p=27267"},"modified":"2026-02-20T14:57:59","modified_gmt":"2026-02-20T13:57:59","slug":"kardigan-bez-kaptura-stella-braz","status":"publish","type":"product","link":"https:\/\/madelinefashion.pl\/en\/product\/kardigan-bez-kaptura-stella-braz\/","title":{"rendered":"Cardigan Without a Hood Stella Brown"},"content":{"rendered":"<h3 style=\"text-align: center;\">Cardigan Without a Hood Stella Brown<\/h3>\n<p style=\"text-align: center;\"><strong>Long cardigan without a hood <\/strong>is a perfect model for any styling. The cardigan has cuffs on the sleeves, made of very <strong>nice-to-touch material<\/strong>. Fashionable, looser cut will make you feel very comfortable in it. Each of us should have such a sweater in our wardrobe. Classic cut, unique in casual style. Superb quality at the best price! European product, very good quality of the material. Perfectly fits the figure.<strong>\u00a0<\/strong>Perfect for school, work, a date or meeting with friends! Recommended for ladies in size SML XL XXL when wearing a larger size, please see the table below.<\/p>\n<h3 style=\"text-align: center;\">Cardigan perfect for any occasion<\/h3>\n<ul style=\"text-align: center;\">\n<li><strong>Fashionable design with a hood<\/strong><\/li>\n<li>Hood<\/li>\n<li>Stylish, thick cardigan<\/li>\n<li>Very warm and pleasant to the touch<br \/>\nMaxi length<\/li>\n<\/ul>\n<h3 style=\"text-align: center;\">Dimensions<\/h3>\n<ul style=\"text-align: center;\">\n<li>TOTAL LENGTH:\u00a0 <strong>89 <\/strong><strong>CM<\/strong><\/li>\n<li>WIDTH FROM ARMPIT TO ARMPIT: <strong>50-62 CM<\/strong><\/li>\n<li>SLEEVE LENGTH FROM ARMPIT: <strong>42 CM<\/strong><\/li>\n<li>SLEEVE LENGTH FROM SHOULDER: <strong>54CM<\/strong><\/li>\n<li>HIP WIDTH: <strong>52 CM<\/strong><\/li>\n<\/ul>\n<p style=\"text-align: center;\">Dimensions may slightly differ from the given +\/- 2cm. All dimensions given are measured flat. <strong>X2 dimension<\/strong><\/p>\n<p style=\"text-align: center;\"><strong>\u00a0<\/strong><\/p>\n<p>&nbsp;<\/p>\n<table>\n<tbody>\n<tr>\n<td width=\"302\">Model name<\/td>\n<td width=\"302\">Stella Hoodless Cardigan<\/td>\n<\/tr>\n<tr>\n<td width=\"302\">Color<\/td>\n<td width=\"302\">Brown<\/td>\n<\/tr>\n<tr>\n<td width=\"302\">Sizes<\/td>\n<td width=\"302\">Universal<\/td>\n<\/tr>\n<tr>\n<td width=\"302\">Fashion<\/td>\n<td width=\"302\">Oversize<\/td>\n<\/tr>\n<tr>\n<td width=\"302\">Hood<\/td>\n<td width=\"302\">Not<\/td>\n<\/tr>\n<tr>\n<td width=\"302\">Length<\/td>\n<td width=\"302\">Over the knee<\/td>\n<\/tr>\n<tr>\n<td width=\"302\">Material<\/td>\n<td width=\"302\">50% POLYESTER 26% NYLON 24 %<\/td>\n<\/tr>\n<\/tbody>\n<\/table>\n<p>&nbsp;<\/p>\n<div class=\"tabs tabs-bb clear mb-80\">\n<div class=\"tab-content\">\n<div id=\"tab-description\" class=\"tab-pane fade in woocommerce-Tabs-panel--description active\">\n<p style=\"text-align: center;\">The model has\u00a0<strong>165<\/strong>\u00a0cm tall, he wears it every day\u00a0<strong>size S.<\/strong><\/p>\n<p>&nbsp;<\/p>\n<\/div>\n<\/div>\n<\/div>\n<section class=\"related products mb-80\"><\/section>","protected":false},"excerpt":{"rendered":"<p>Kardigan Bez Kaptura Stella Br\u0105z Kardigan d\u0142ugi bez kaptura to model idealny do ka\u017cdej stylizacji. Kardigan posiada \u015bci\u0105gacze na r\u0119kawach, wykonany z bardzo mi\u0142ego w dotyku materia\u0142u. Modny, lu\u017aniejszy fason sprawia, \u017ce b\u0119dziesz si\u0119 w nim czu\u0142a bardzo komfortowo. Taki sweterek powinna mie\u0107 ka\u017cda z nas w swojej szafie. Fason klasyczny, unikatowy w stylu casual.<\/p>\n<div class=\"klb-readmore post-buttons\"><a class=\"button black outline size-sm\" href=\"https:\/\/madelinefashion.pl\/en\/product\/kardigan-bez-kaptura-stella-braz\/\">Read More <i class=\"klbth-icon-right-arrow\"><\/i><\/a><\/div>","protected":false},"featured_media":27149,"template":"","meta":[],"product_brand":[],"product_cat":[91,395],"product_tag":[385],"class_list":{"0":"post-27267","1":"product","2":"type-product","3":"status-publish","4":"has-post-thumbnail","6":"product_cat-kardigany-damskie","7":"product_cat-nowosci","8":"product_tag-plus-size","10":"first","11":"outofstock","12":"purchasable","13":"product-type-simple"},"_links":{"self":[{"href":"https:\/\/madelinefashion.pl\/en\/wp-json\/wp\/v2\/product\/27267","targetHints":{"allow":["GET"]}}],"collection":[{"href":"https:\/\/madelinefashion.pl\/en\/wp-json\/wp\/v2\/product"}],"about":[{"href":"https:\/\/madelinefashion.pl\/en\/wp-json\/wp\/v2\/types\/product"}],"wp:featuredmedia":[{"embeddable":true,"href":"https:\/\/madelinefashion.pl\/en\/wp-json\/wp\/v2\/media\/27149"}],"wp:attachment":[{"href":"https:\/\/madelinefashion.pl\/en\/wp-json\/wp\/v2\/media?parent=27267"}],"wp:term":[{"taxonomy":"product_brand","embeddable":true,"href":"https:\/\/madelinefashion.pl\/en\/wp-json\/wp\/v2\/product_brand?post=27267"},{"taxonomy":"product_cat","embeddable":true,"href":"https:\/\/madelinefashion.pl\/en\/wp-json\/wp\/v2\/product_cat?post=27267"},{"taxonomy":"product_tag","embeddable":true,"href":"https:\/\/madelinefashion.pl\/en\/wp-json\/wp\/v2\/product_tag?post=27267"}],"curies":[{"name":"wp","href":"https:\/\/api.w.org\/{rel}","templated":true}]}}