{"id":27271,"date":"2022-01-06T10:08:18","date_gmt":"2022-01-06T09:08:18","guid":{"rendered":"https:\/\/madelinefashion.pl\/?post_type=product&#038;p=27271"},"modified":"2026-01-20T10:34:03","modified_gmt":"2026-01-20T09:34:03","slug":"koszula-jeansowa-w-kwiaty-zapinana-na-guziki","status":"publish","type":"product","link":"https:\/\/madelinefashion.pl\/en\/product\/koszula-jeansowa-w-kwiaty-zapinana-na-guziki\/","title":{"rendered":"Denim Shirt With Flowers Fastened with buttons"},"content":{"rendered":"<h3 style=\"text-align: center;\">Denim Shirt With Flowers Fastened with buttons<\/h3>\n<p style=\"text-align: center;\">Shirt with a cut<strong> matched - <\/strong>is the perfect base and basis for many styles. Shirt with embroidered flowers - regional. It has pockets at the front and is fastened entirely with buttons. Do you want to feel on time? Remember about a shirt in your wardrobe. Its color and pattern will make it <strong>you will stand out from the crowd<\/strong>. Long-sleeved shirt - with the possibility of folding. It will be the best fit for <strong>everyday looks<\/strong>. A model chosen for many styles. You can wear them to <a href=\"https:\/\/madelinefashion.pl\/en\/szorty-sznurowane-jeansowe-rocket-biale\/\">shorts<\/a>, <a href=\"https:\/\/madelinefashion.pl\/en\/spodnie-biale-jeans-z-dziurami\/\">jeans<\/a>, skirt and even leather pants. Perfectly fits the figure. Perfect for school, work, a date or meeting with friends! <strong>Perfect for any time and occasion!\u00a0<\/strong>Size\u00a0<strong>universal recommended<\/strong>\u00a0for ladies in sizes from<strong> S to XL.<\/strong><\/p>\n<h3 style=\"text-align: center;\">Shirt dimensions:<\/h3>\n<p style=\"text-align: center;\"><strong>S.\u00a0<\/strong><\/p>\n<ul style=\"text-align: center;\">\n<li>overall length: 67 cm<\/li>\n<li>width from armpit to armpit: 47-49 cm<\/li>\n<li>waist width: 44-45 cm<\/li>\n<li>sleeve length from armpit: 46 cm<\/li>\n<li>sleeve length from the shoulder: 62 cm<\/li>\n<\/ul>\n<p style=\"text-align: center;\"><strong>M.\u00a0<\/strong><\/p>\n<ul style=\"text-align: center;\">\n<li>overall length: 67 cm<\/li>\n<li>width from armpit to armpit: 49-51 cm<\/li>\n<li>waist width: 44-45 cm<\/li>\n<li>sleeve length from armpit: 47 cm<\/li>\n<li>sleeve length from the shoulder: 62 cm<\/li>\n<\/ul>\n<p style=\"text-align: center;\"><strong>L.\u00a0<\/strong><\/p>\n<ul style=\"text-align: center;\">\n<li>overall length: 67 cm<\/li>\n<li>width from armpit to armpit: 52-54 cm<\/li>\n<li>waist width: 46-48 cm<\/li>\n<li>sleeve length from armpit: 48 cm<\/li>\n<li>sleeve length from shoulder: 63 cm<\/li>\n<\/ul>\n<p style=\"text-align: center;\"><strong>XL\u00a0<\/strong><\/p>\n<ul style=\"text-align: center;\">\n<li>overall length: 68 cm<\/li>\n<li>width from armpit to armpit: 54-56 cm<\/li>\n<li>waist width: 47-49 cm<\/li>\n<li>sleeve length from armpit: 49 cm<\/li>\n<li>sleeve length from shoulder: 64 cm<\/li>\n<\/ul>\n<p style=\"text-align: center;\">Dimensions may slightly differ from the given +\/- 2cm. All dimensions given are measured flat.<\/p>\n<p style=\"text-align: center;\"><span style=\"font-size: 10pt;\">\u00a0<\/span><\/p>\n<p style=\"text-align: center;\"><span style=\"font-size: 10pt;\">\u00a0<\/span><\/p>\n<table width=\"608\">\n<tbody>\n<tr>\n<td width=\"302\">Model name<\/td>\n<td width=\"302\">Denim Shirt With Flowers Fastened with buttons<\/td>\n<\/tr>\n<tr>\n<td width=\"302\">Color<\/td>\n<td width=\"302\">Jeans<\/td>\n<\/tr>\n<tr>\n<td width=\"302\">Sizes<\/td>\n<td width=\"302\">Universal<\/td>\n<\/tr>\n<tr>\n<td width=\"302\">Fashion<\/td>\n<td width=\"302\">Oversize<\/td>\n<\/tr>\n<tr>\n<td width=\"302\">Material<\/td>\n<td width=\"302\">90% Cotton 10% Polyester<\/td>\n<\/tr>\n<\/tbody>\n<\/table>\n<p style=\"text-align: center;\"><span style=\"font-size: 10pt;\"><br \/>\nThe model has\u00a0<strong>165<\/strong>\u00a0cm tall, wears a size every day\u00a0<strong>S.<\/strong><\/span><span style=\"font-size: 10pt;\">\u00a0<\/span><\/p>","protected":false},"excerpt":{"rendered":"<p>Koszula Jeansowa W Kwiaty Zapinana na guziki Koszula o kroju dopasowanym &#8211; to idealna baza i podstawa do wielu stylizacji. Koszula z haftowanymi kwiatami- regionalna. Posiada kieszonki z przodu i zapinana jest w ca\u0142o\u015bci na\u00a0 guziki. Chcesz si\u0119 poczu\u0107 na czasie? Pami\u0119taj o koszuli w swojej garderobie.\u00a0 Jej kolor i wz\u00f3r sprawi\u0105, \u017ce wyr\u00f3\u017cnisz si\u0119<\/p>\n<div class=\"klb-readmore post-buttons\"><a class=\"button black outline size-sm\" href=\"https:\/\/madelinefashion.pl\/en\/product\/koszula-jeansowa-w-kwiaty-zapinana-na-guziki\/\">Read More <i class=\"klbth-icon-right-arrow\"><\/i><\/a><\/div>","protected":false},"featured_media":27169,"template":"","meta":[],"product_brand":[],"product_cat":[92],"product_tag":[240,414],"class_list":{"0":"post-27271","1":"product","2":"type-product","3":"status-publish","4":"has-post-thumbnail","6":"product_cat-koszule","7":"product_tag-jeans","8":"product_tag-koszule","9":"pa_rozmiar-s","10":"pa_rozmiar-m","11":"pa_rozmiar-l","12":"pa_rozmiar-xl","14":"first","15":"instock","16":"sale","17":"purchasable","18":"product-type-variable"},"_links":{"self":[{"href":"https:\/\/madelinefashion.pl\/en\/wp-json\/wp\/v2\/product\/27271","targetHints":{"allow":["GET"]}}],"collection":[{"href":"https:\/\/madelinefashion.pl\/en\/wp-json\/wp\/v2\/product"}],"about":[{"href":"https:\/\/madelinefashion.pl\/en\/wp-json\/wp\/v2\/types\/product"}],"wp:featuredmedia":[{"embeddable":true,"href":"https:\/\/madelinefashion.pl\/en\/wp-json\/wp\/v2\/media\/27169"}],"wp:attachment":[{"href":"https:\/\/madelinefashion.pl\/en\/wp-json\/wp\/v2\/media?parent=27271"}],"wp:term":[{"taxonomy":"product_brand","embeddable":true,"href":"https:\/\/madelinefashion.pl\/en\/wp-json\/wp\/v2\/product_brand?post=27271"},{"taxonomy":"product_cat","embeddable":true,"href":"https:\/\/madelinefashion.pl\/en\/wp-json\/wp\/v2\/product_cat?post=27271"},{"taxonomy":"product_tag","embeddable":true,"href":"https:\/\/madelinefashion.pl\/en\/wp-json\/wp\/v2\/product_tag?post=27271"}],"curies":[{"name":"wp","href":"https:\/\/api.w.org\/{rel}","templated":true}]}}