{"id":27365,"date":"2022-01-06T11:30:15","date_gmt":"2022-01-06T10:30:15","guid":{"rendered":"https:\/\/madelinefashion.pl\/?post_type=product&#038;p=27365"},"modified":"2025-09-09T10:31:27","modified_gmt":"2025-09-09T08:31:27","slug":"sukienka-w-kwiaty-rozkloszowana-dawina-musztardowa","status":"publish","type":"product","link":"https:\/\/madelinefashion.pl\/en\/product\/sukienka-w-kwiaty-rozkloszowana-dawina-musztardowa\/","title":{"rendered":"Dress With Flowers Flared Dawina Mustard"},"content":{"rendered":"<h3 style=\"text-align: center;\">Dress With Flowers Flared Dawina Mustard<\/h3>\n<p style=\"text-align: center;\"><strong>Dress with a flared cut<\/strong> is a great proposition for various occasions - wedding, communion or baptism. A perfectly tailored dress with a practical zipper closure will make you feel extremely feminine. It has a belt at the waist, which emphasizes the beautiful hips and belt. Modeling darts on the bust line and on the back. It beautifully displays feminine shapes - the bottom of the dress is flared. Dress with\u00a0 <strong>semicircular <\/strong><strong>neckline. <\/strong>Narrowed at the waist <strong>great emphasizes the waist<\/strong>. One cannot be indifferent to her.\u00a0<strong>Flower dress\u00a0<\/strong>made of the highest quality materials.\u00a0<strong>Dress with flower print<\/strong>\u00a0the perfect proposition for any occasion.\u00a0<strong>Must Have<\/strong>\u00a0every elegant woman! The latest designs of this season! Available in our e-shop in several lengths and color variants, so do not hesitate and choose the one that is perfect for you. If you can&#039;t decide which color,\u00a0<strong>size<\/strong>\u00a0is the best for you,\u00a0<strong>contact us<\/strong>\u00a0through\u00a0<a href=\"https:\/\/www.facebook.com\/madelinefashionbutik\" target=\"_blank\" rel=\"noopener\">Facebook<\/a>\u00a0or\u00a0<a href=\"https:\/\/madelinefashion.pl\/en\/kontakt\/\">phone<\/a>. If the size is not available on the website, please contact us.<\/p>\n<h3 style=\"text-align: center;\">Dimensions:<\/h3>\n<p style=\"text-align: center;\"><strong>36 \/ s<\/strong><br \/>\nTotal length - 89 cm<br \/>\nWidth from armpit to armpit - 41-47 cm<br \/>\nWaist width - 33-36 cm<br \/>\nShoulder width - 35 cm<\/p>\n<p style=\"text-align: center;\"><strong>38 \/ m<\/strong><br \/>\nTotal length - 90 cm<br \/>\nWidth from armpit to armpit - 44-49 cm<br \/>\nWaist width - 35-39 cm<br \/>\nShoulder width - 35 cm<\/p>\n<p style=\"text-align: center;\"><strong>40 \/ l<\/strong><br \/>\nTotal length - 90 cm<br \/>\nWidth from armpit to armpit - 45-50 cm<br \/>\nWaist width - 38-42 cm<br \/>\nShoulder width - 35 cm<\/p>\n<p style=\"text-align: center;\"><strong>42 \/ xl<\/strong><br \/>\nTotal length - 92 cm<br \/>\nWidth from armpit to armpit - 46-51 cm<br \/>\nWaist width - 40-44 cm<br \/>\nShoulder width - 38 cm<\/p>\n<p style=\"text-align: center;\">Dimensions may slightly differ from the given +\/- 2cm.\u00a0<strong>Dimension given Flat x2\u00a0<\/strong><\/p>\n<p style=\"text-align: center;\"><strong>\u00a0<\/strong><\/p>\n<table width=\"591\">\n<tbody>\n<tr>\n<td width=\"302\">Model name<\/td>\n<td width=\"302\">Flared Dawina Dress With Flowers<\/td>\n<\/tr>\n<tr>\n<td width=\"302\">Color<\/td>\n<td width=\"302\">Mustard - flowers<\/td>\n<\/tr>\n<tr>\n<td width=\"302\">Collection<\/td>\n<td width=\"302\">Spring Summer<\/td>\n<\/tr>\n<tr>\n<td width=\"302\">Sizes<\/td>\n<td width=\"302\">SML XL<\/td>\n<\/tr>\n<tr>\n<td width=\"302\">Fashion<\/td>\n<td width=\"302\">Matched<\/td>\n<\/tr>\n<tr>\n<td width=\"302\">Material<\/td>\n<td width=\"302\">95% Polyester, 5% Elastane<\/td>\n<\/tr>\n<tr>\n<td width=\"302\">Length<\/td>\n<td width=\"302\">At knee<\/td>\n<\/tr>\n<\/tbody>\n<\/table>\n<p>&nbsp;<\/p>\n<p style=\"text-align: center;\">The model has\u00a0<strong>165<\/strong>\u00a0cm tall, wears a size every day\u00a0<strong>S.<\/strong><\/p>","protected":false},"excerpt":{"rendered":"<p>Sukienka W Kwiaty Rozkloszowana Dawina Musztardowa Sukienka o rozkloszowanym fasonie to \u015bwietna propozycja na r\u00f3\u017cne okazje &#8211; wesele, komuni\u0119 czy chrzest. Doskonale skrojona sukienka z praktycznym zapi\u0119ciem na suwak sprawi, \u017ce poczujesz si\u0119 niezwykle kobieco. Posiada pasek w talii, przez co podkre\u015bla pi\u0119knie biodra oraz pas. Modeluj\u0105ce zaszewki na linii biustu oraz na plecach. Pi\u0119knie<\/p>\n<div class=\"klb-readmore post-buttons\"><a class=\"button black outline size-sm\" href=\"https:\/\/madelinefashion.pl\/en\/product\/sukienka-w-kwiaty-rozkloszowana-dawina-musztardowa\/\">Read More <i class=\"klbth-icon-right-arrow\"><\/i><\/a><\/div>","protected":false},"featured_media":27342,"template":"","meta":[],"product_brand":[],"product_cat":[125,395],"product_tag":[262,396],"class_list":{"0":"post-27365","1":"product","2":"type-product","3":"status-publish","4":"has-post-thumbnail","6":"product_cat-sukienki","7":"product_cat-nowosci","8":"product_tag-sukienki-krotkie","9":"product_tag-sukienki-w-kwiaty","11":"first","12":"instock","13":"product-type-variable"},"_links":{"self":[{"href":"https:\/\/madelinefashion.pl\/en\/wp-json\/wp\/v2\/product\/27365","targetHints":{"allow":["GET"]}}],"collection":[{"href":"https:\/\/madelinefashion.pl\/en\/wp-json\/wp\/v2\/product"}],"about":[{"href":"https:\/\/madelinefashion.pl\/en\/wp-json\/wp\/v2\/types\/product"}],"wp:featuredmedia":[{"embeddable":true,"href":"https:\/\/madelinefashion.pl\/en\/wp-json\/wp\/v2\/media\/27342"}],"wp:attachment":[{"href":"https:\/\/madelinefashion.pl\/en\/wp-json\/wp\/v2\/media?parent=27365"}],"wp:term":[{"taxonomy":"product_brand","embeddable":true,"href":"https:\/\/madelinefashion.pl\/en\/wp-json\/wp\/v2\/product_brand?post=27365"},{"taxonomy":"product_cat","embeddable":true,"href":"https:\/\/madelinefashion.pl\/en\/wp-json\/wp\/v2\/product_cat?post=27365"},{"taxonomy":"product_tag","embeddable":true,"href":"https:\/\/madelinefashion.pl\/en\/wp-json\/wp\/v2\/product_tag?post=27365"}],"curies":[{"name":"wp","href":"https:\/\/api.w.org\/{rel}","templated":true}]}}