{"id":27421,"date":"2022-01-06T12:19:56","date_gmt":"2022-01-06T11:19:56","guid":{"rendered":"https:\/\/madelinefashion.pl\/?post_type=product&#038;p=27421"},"modified":"2026-04-10T14:43:39","modified_gmt":"2026-04-10T12:43:39","slug":"sukienka-z-golfem-dopasowana-krysztaly-bergamo-czarna","status":"publish","type":"product","link":"https:\/\/madelinefashion.pl\/en\/product\/sukienka-z-golfem-dopasowana-krysztaly-bergamo-czarna\/","title":{"rendered":"Turtleneck dress fitted with Bergamo Crystals Black"},"content":{"rendered":"<h3 style=\"text-align: center;\">Turtleneck dress fitted with Bergamo Crystals Black<\/h3>\n<p style=\"text-align: center;\">Phenomenal black dress with buffs and turtleneck. Made of extremely pleasant flexible material. Slipped over the head, it fits perfectly on the body. Long sleeve .. Its simple cut and classic pattern will fit into many styles. You can successfully dress it for everyday outings, work, family gatherings or even more important occasions. Recommended for ladies in size <strong>XS SML<\/strong><\/p>\n<h3 style=\"text-align: center;\">Dimensions:<\/h3>\n<p style=\"text-align: center;\">Overall length: 92 cm<\/p>\n<p style=\"text-align: center;\">Bust measurement: 70 - 100 cm<\/p>\n<p style=\"text-align: center;\">Sleeve length from armpit: 42 cm<\/p>\n<p style=\"text-align: center;\">Sleeve length from the shoulder: 64 cm<\/p>\n<p style=\"text-align: center;\">Dimensions may slightly differ from the given +\/- 2cm. All dimensions given are measured flat.<\/p>\n<p>&nbsp;<\/p>\n<table width=\"598\">\n<tbody>\n<tr>\n<td width=\"302\">Model name<\/td>\n<td width=\"302\">Turtleneck dress fitted with Bergamo Crystals<\/td>\n<\/tr>\n<tr>\n<td width=\"302\">Color<\/td>\n<td width=\"302\">Black<\/td>\n<\/tr>\n<tr>\n<td width=\"302\">Collection<\/td>\n<td width=\"302\">Spring \/ Autumn \/ Winter<\/td>\n<\/tr>\n<tr>\n<td width=\"302\">Sizes<\/td>\n<td width=\"302\">Universal<\/td>\n<\/tr>\n<tr>\n<td width=\"302\">Fashion<\/td>\n<td width=\"302\">Matched<\/td>\n<\/tr>\n<tr>\n<td width=\"302\">Cleavage<\/td>\n<td width=\"302\">Golf<\/td>\n<\/tr>\n<tr>\n<td width=\"302\">Material<\/td>\n<td width=\"302\">90% viscose, 10% elastane<\/td>\n<\/tr>\n<\/tbody>\n<\/table>\n<p>&nbsp;<\/p>\n<p>&nbsp;<\/p>\n<p style=\"text-align: center;\">The model has\u00a0<strong>166<\/strong>\u00a0cm tall, he wears it every day\u00a0<strong>size S.<\/strong><\/p>\n<p style=\"text-align: center;\"><strong>\u00a0<\/strong><\/p>\n<p style=\"text-align: center;\">","protected":false},"excerpt":{"rendered":"<p>Sukienka z Golfem dopasowana Kryszta\u0142y Bergamo Czarna Zjawiskowa sukienka czarna z buffkami i golfem. Wykonana z niezwykle przyjemnego elastycznego materia\u0142u. Wk\u0142adana przez g\u0142ow\u0119, \u015bwietnie uk\u0142ada si\u0119 na ciele. Na d\u0142ug r\u0119kaw.. Jej prosty kr\u00f3j i klasyczny wz\u00f3r wpisze si\u0119 w wiele stylizacji. Z powodzeniem mo\u017cesz j\u0105 ubra\u0107 na codzienne wyj\u015bcia, do pracy, spotkanie rodzinne czy<\/p>\n<div class=\"klb-readmore post-buttons\"><a class=\"button black outline size-sm\" href=\"https:\/\/madelinefashion.pl\/en\/product\/sukienka-z-golfem-dopasowana-krysztaly-bergamo-czarna\/\">Read More <i class=\"klbth-icon-right-arrow\"><\/i><\/a><\/div>","protected":false},"featured_media":565826,"template":"","meta":[],"product_brand":[],"product_cat":[125,80,395],"product_tag":[213],"class_list":{"0":"post-27421","1":"product","2":"type-product","3":"status-publish","4":"has-post-thumbnail","6":"product_cat-sukienki","7":"product_cat-sukienki-i-kombinezony","8":"product_cat-nowosci","9":"product_tag-sukienka-czarna","11":"first","12":"instock","13":"purchasable","14":"product-type-simple"},"_links":{"self":[{"href":"https:\/\/madelinefashion.pl\/en\/wp-json\/wp\/v2\/product\/27421","targetHints":{"allow":["GET"]}}],"collection":[{"href":"https:\/\/madelinefashion.pl\/en\/wp-json\/wp\/v2\/product"}],"about":[{"href":"https:\/\/madelinefashion.pl\/en\/wp-json\/wp\/v2\/types\/product"}],"wp:featuredmedia":[{"embeddable":true,"href":"https:\/\/madelinefashion.pl\/en\/wp-json\/wp\/v2\/media\/565826"}],"wp:attachment":[{"href":"https:\/\/madelinefashion.pl\/en\/wp-json\/wp\/v2\/media?parent=27421"}],"wp:term":[{"taxonomy":"product_brand","embeddable":true,"href":"https:\/\/madelinefashion.pl\/en\/wp-json\/wp\/v2\/product_brand?post=27421"},{"taxonomy":"product_cat","embeddable":true,"href":"https:\/\/madelinefashion.pl\/en\/wp-json\/wp\/v2\/product_cat?post=27421"},{"taxonomy":"product_tag","embeddable":true,"href":"https:\/\/madelinefashion.pl\/en\/wp-json\/wp\/v2\/product_tag?post=27421"}],"curies":[{"name":"wp","href":"https:\/\/api.w.org\/{rel}","templated":true}]}}