{"id":27515,"date":"2022-01-06T14:42:53","date_gmt":"2022-01-06T13:42:53","guid":{"rendered":"https:\/\/madelinefashion.pl\/?post_type=product&#038;p=27515"},"modified":"2025-10-01T07:34:50","modified_gmt":"2025-10-01T05:34:50","slug":"krotkie-spodenki-dwukolorowe-postrzepione-jeans-niebieskie","status":"publish","type":"product","link":"https:\/\/madelinefashion.pl\/en\/product\/krotkie-spodenki-dwukolorowe-postrzepione-jeans-niebieskie\/","title":{"rendered":"Two-color Frayed Jeans Blue Shorts"},"content":{"rendered":"<h3 style=\"text-align: center;\">Two-color Frayed Jeans Blue Shorts<\/h3>\n<p style=\"text-align: center;\"><span style=\"vertical-align: inherit;\"><span style=\"vertical-align: inherit;\"><b>Two-color frayed shorts are the bestseller of the summer season 2022 <\/b>. <\/span><span style=\"vertical-align: inherit;\">Shorts made of <\/span><\/span><strong><span style=\"vertical-align: inherit;\"><span style=\"vertical-align: inherit;\">high-quality material with a high waist,<\/span><\/span><\/strong><span style=\"vertical-align: inherit;\"><span style=\"vertical-align: inherit;\"> \u00a0which perfectly shape the body. Extremely sexy proposition for spring and summer, which without a doubt <strong>he will add<\/strong>\u00a0unique <strong>character<\/strong>. <\/span><span style=\"vertical-align: inherit;\">Are very comfortable<\/span><\/span><span style=\"vertical-align: inherit;\"><span style=\"vertical-align: inherit;\"> and easy to combine, they can be easily combined with our blouses, shirts or light sweaters - which you will also find in our <a href=\"https:\/\/madelinefashion.pl\/en\/swetry\/\">e-shop.<\/a>\u00a0 <strong>Shorts with a higher waist <\/strong>fastened with a button on the front, they will steal the heart of every woman. Incredibly comfortable, perfect for everyday wear and evening styling. <strong>Shorts<\/strong>\u00a0they are extremely comfortable, perfect <strong>emphasize the figure<\/strong>. An absolute hit that cannot be missing in your wardrobe. Short legs will emphasize and <strong>optically lengthen the legs<\/strong>. Produced by a great clothing manufacturer Laulia. Soft and flexible jeans hugs the buttocks. We offer<\/span><\/span><span style=\"vertical-align: inherit;\"><span style=\"vertical-align: inherit;\"> them in sizes <strong>S, M, L, XL, <\/strong><\/span><\/span><span style=\"vertical-align: inherit;\"><span style=\"vertical-align: inherit;\">\u00a0we also recommend <\/span><\/span><span style=\"vertical-align: inherit;\"><span style=\"vertical-align: inherit;\"><b>exactly\u00a0<\/b><\/span><\/span><strong><span style=\"vertical-align: inherit;\"><span style=\"vertical-align: inherit;\">to measure<\/span><\/span><\/strong><span style=\"vertical-align: inherit;\"><span style=\"vertical-align: inherit;\"> according to the Dimension Chart below. <\/span><span style=\"vertical-align: inherit;\">Complete your wardrobe with this best-selling model. <\/span><\/span><span style=\"vertical-align: inherit;\"><span style=\"vertical-align: inherit;\">If you have any further questions about this product, please do not hesitate to contact us by phone or Facebook. Follow the new trends with\u00a0<strong>Madelinefashion.<\/strong><\/span><\/span><\/p>\n<p>&nbsp;<\/p>\n<h3 style=\"text-align: center;\"><span style=\"vertical-align: inherit;\"><span style=\"vertical-align: inherit;\">Pants dimensions:<\/span><\/span><\/h3>\n<ul style=\"text-align: center;\">\n<li><strong>36 (S):<\/strong><br \/>\nWaist width: 35 cm<br \/>\nHips width: 48.5 cm<br \/>\nThe height of the state: 30 cm<br \/>\nInner leg length: 6 cm<br \/>\nOverall length: 30 cm<br \/>\nBottom leg width: 29 cm<\/li>\n<li><\/li>\n<li><strong>38 (M):<\/strong><br \/>\nWaist width: 36.5 cm<br \/>\nHips width: 49.5 cm<br \/>\nThe height of the state: 28 cm<br \/>\nInner leg length: 7 cm<br \/>\nOverall length: 30 cm<br \/>\nBottom leg width: 29 cm<\/li>\n<li><\/li>\n<li><strong>40 (L):<\/strong><br \/>\nWaist width: 38 cm<br \/>\nThe width of the hips: 52 cm<br \/>\nThe height of the state: 29.5 cm<br \/>\nInner leg length: 6 cm<br \/>\nOverall length: 31 cm<br \/>\nThe width of the leg at the bottom: 30 cm<\/li>\n<li><\/li>\n<li><strong>42 (XL):<\/strong><br \/>\nWaist width: 40 cm<br \/>\nHips width: 53.5 cm<br \/>\nThe height of the state: 29 cm<br \/>\nInner leg length: 6.5 cm<br \/>\nOverall length: 30.5 cm<\/li>\n<li>Bottom leg width: 31.5 cm<\/li>\n<li><\/li>\n<li><span style=\"vertical-align: inherit;\">Dimensions may vary from the given +\/- 2cm. <\/span><span style=\"vertical-align: inherit;\">All dimensions given are measured flat.<\/span><\/li>\n<\/ul>\n<p style=\"text-align: center;\"><strong><span style=\"vertical-align: inherit;\"><span style=\"vertical-align: inherit;\">They fit perfectly to every figure<\/span><\/span><\/strong><\/p>\n<p>&nbsp;<\/p>\n<p style=\"text-align: center;\">The model has\u00a0<strong>169<\/strong>\u00a0cm tall, wears a size every day\u00a0<strong>S.<\/strong><\/p>\n<p style=\"text-align: center;\">The width at the bust is 92 cm<\/p>\n<p style=\"text-align: center;\">Waist width 62 cm<\/p>\n<p style=\"text-align: center;\">The width at the hips is 94 cm<\/p>","protected":false},"excerpt":{"rendered":"<p>Kr\u00f3tkie Spodenki Dwukolorowe Postrz\u0119pione Jeans Niebieskie Kr\u00f3tkie spodenki postrz\u0119pione dwukolorowe to bestseller sezonu letniego 2022 . Spodenki wykonane z wysokiej jako\u015bci materia\u0142u z wysokim stanem, \u00a0kt\u00f3re doskonale modeluj\u0105 sylwetk\u0119.\u00a0 Niezwykle seksowna propozycja na wiosn\u0119 i lato, kt\u00f3re bez w\u0105tpienia doda\u00a0niepowtarzalnego charakteru. S\u0105 bardzo wygodne oraz \u0142atwe w \u0142\u0105czeniu, bez problemu mo\u017cna je po\u0142\u0105czy\u0107 z naszymi<\/p>\n<div class=\"klb-readmore post-buttons\"><a class=\"button black outline size-sm\" href=\"https:\/\/madelinefashion.pl\/en\/product\/krotkie-spodenki-dwukolorowe-postrzepione-jeans-niebieskie\/\">Read More <i class=\"klbth-icon-right-arrow\"><\/i><\/a><\/div>","protected":false},"featured_media":52295,"template":"","meta":[],"product_brand":[],"product_cat":[83,395],"product_tag":[425],"class_list":{"0":"post-27515","1":"product","2":"type-product","3":"status-publish","4":"has-post-thumbnail","6":"product_cat-spodnie","7":"product_cat-nowosci","8":"product_tag-spodenki","9":"pa_rozmiar-s","10":"pa_rozmiar-m","11":"pa_rozmiar-l","12":"pa_rozmiar-xl","13":"pa_rozmiar-xs","15":"first","16":"instock","17":"product-type-variable"},"_links":{"self":[{"href":"https:\/\/madelinefashion.pl\/en\/wp-json\/wp\/v2\/product\/27515","targetHints":{"allow":["GET"]}}],"collection":[{"href":"https:\/\/madelinefashion.pl\/en\/wp-json\/wp\/v2\/product"}],"about":[{"href":"https:\/\/madelinefashion.pl\/en\/wp-json\/wp\/v2\/types\/product"}],"wp:featuredmedia":[{"embeddable":true,"href":"https:\/\/madelinefashion.pl\/en\/wp-json\/wp\/v2\/media\/52295"}],"wp:attachment":[{"href":"https:\/\/madelinefashion.pl\/en\/wp-json\/wp\/v2\/media?parent=27515"}],"wp:term":[{"taxonomy":"product_brand","embeddable":true,"href":"https:\/\/madelinefashion.pl\/en\/wp-json\/wp\/v2\/product_brand?post=27515"},{"taxonomy":"product_cat","embeddable":true,"href":"https:\/\/madelinefashion.pl\/en\/wp-json\/wp\/v2\/product_cat?post=27515"},{"taxonomy":"product_tag","embeddable":true,"href":"https:\/\/madelinefashion.pl\/en\/wp-json\/wp\/v2\/product_tag?post=27515"}],"curies":[{"name":"wp","href":"https:\/\/api.w.org\/{rel}","templated":true}]}}