{"id":27525,"date":"2022-01-06T14:47:22","date_gmt":"2022-01-06T13:47:22","guid":{"rendered":"https:\/\/madelinefashion.pl\/?post_type=product&#038;p=27525"},"modified":"2025-10-01T07:34:50","modified_gmt":"2025-10-01T05:34:50","slug":"spodnie-dwukolorowe-postrzepione-jeans-szare","status":"publish","type":"product","link":"https:\/\/madelinefashion.pl\/en\/product\/spodnie-dwukolorowe-postrzepione-jeans-szare\/","title":{"rendered":"Two-color Frayed Jeans Gray Pants"},"content":{"rendered":"<h3 style=\"text-align: center;\">Two-color Frayed Jeans Gray Pants<\/h3>\n<p style=\"text-align: center;\">Two-color denim pants are a timeless model that must not be missing in your wardrobe. Pants made of <strong>high quality material.\u00a0<\/strong>High-waisted pants that work great\u00a0<strong>model the body<\/strong>. They are very comfortable and easy to combine, they can be easily combined with cardigans, jackets, blouses or light sweaters. They look great with high heels or sneakers.\u00a0<strong>Pants with a higher waist<\/strong>\u00a0beautifully model the waist giving an amazing effect! The model is fastened on<strong> button and zipper also have fashionable abrasions around the knees. High-quality, <\/strong>elastic jeans fit perfectly to the figure. It is the base for ours\u00a0<a href=\"https:\/\/madelinefashion.pl\/en\/bluzki-2\/\">blouses<\/a>\u00a0and\u00a0<a href=\"https:\/\/madelinefashion.pl\/en\/bluzki-2\/koszule\/\">shirts<\/a>\u00a0and\u00a0<a href=\"https:\/\/madelinefashion.pl\/en\/body\/\">body<\/a>. We offer them in sizes\u00a0<strong>XS, S, M, L, XL<\/strong>\u00a0,-we recommend\u00a0\u00a0<b>exactly\u00a0<\/b><strong>to measure<\/strong>\u00a0according to the Dimension Chart below. Complete your wardrobe with this model of trousers from\u00a0<strong><a href=\"https:\/\/madelinefashion.pl\/en\/\">Madelinefashion<\/a>\u00a0.\u00a0<\/strong>In the information after the purchase, you can also provide your dimensions - we will choose the perfect one for you. Pants available in\u00a0<strong>two color variants<\/strong>. The following dimensions are given flat! X2 dimension?<\/p>\n<h3 style=\"text-align: center;\">Pants dimensions:<\/h3>\n<p style=\"text-align: center;\"><strong>SIZE XS 34\u00a0<\/strong><\/p>\n<ul style=\"text-align: center;\">\n<li>Overall length: 98 cm<\/li>\n<li>Inside leg length: 70 cm<\/li>\n<li>Waist width: 33-35 cm<\/li>\n<li>Waist: 30 cm<\/li>\n<\/ul>\n<p style=\"text-align: center;\"><strong>SIZE S 36\u00a0<\/strong><\/p>\n<ul style=\"text-align: center;\">\n<li>Overall length: 99 cm<\/li>\n<li>Inside leg length: 70 cm<\/li>\n<li>Waist width: 34-37 cm<\/li>\n<li>Waist: 34 cm<\/li>\n<\/ul>\n<p style=\"text-align: center;\"><strong>SIZE M 38\u00a0<\/strong><\/p>\n<ul style=\"text-align: center;\">\n<li>Overall length: 100 cm<\/li>\n<li>Inside leg length: 70 cm<\/li>\n<li>Waist width: 35-38 cm<\/li>\n<li>Waist: 34 cm<\/li>\n<\/ul>\n<p style=\"text-align: center;\"><strong>SIZE L 40\u00a0<\/strong><\/p>\n<ul style=\"text-align: center;\">\n<li>Overall length: 105 cm<\/li>\n<li>Inside leg length: 72 cm<\/li>\n<li>Waist width: 37-41 cm<\/li>\n<li>Waist: 35 cm<\/li>\n<\/ul>\n<p style=\"text-align: center;\"><strong>SIZE XL 42\u00a0<\/strong><\/p>\n<ul style=\"text-align: center;\">\n<li>Overall length: 105 cm<\/li>\n<li>Inside leg length: 72 cm<\/li>\n<li>Waist width: 39-42 cm<\/li>\n<li>Waist: 35 cm<\/li>\n<\/ul>\n<p style=\"text-align: center;\">Dimensions may vary from the given +\/- 2cm. All dimensions given are measured flat.\u00a0<strong>X2 dimension<\/strong><\/p>\n<p>&nbsp;<\/p>\n<p>&nbsp;<\/p>\n<p style=\"text-align: center;\">\u00a0The model has\u00a0<strong>165<\/strong>\u00a0cm tall, wears a size every day\u00a0<strong>S.<\/strong><\/p>\n<p>&nbsp;<\/p>\n<p style=\"text-align: center;\">","protected":false},"excerpt":{"rendered":"<p>Spodnie Dwukolorowe Postrz\u0119pione Jeans Szare Spodnie Jeansowe dwukolorowe to ponadczasowy model, kt\u00f3rego nie mo\u017ce zabrakn\u0105\u0107 w Twojej garderobie. Spodnie wykonane z wysokiej jako\u015bci materia\u0142u.\u00a0Spodnie z wysokim stanem,\u00a0kt\u00f3re doskonale\u00a0modeluj\u0105 sylwetk\u0119.\u00a0S\u0105 bardzo wygodne oraz \u0142atwe w \u0142\u0105czeniu, bez problemu mo\u017cna je po\u0142\u0105czy\u0107 z kardiganami, kurtkami, bluzkami czy lekkimi swetrami. Idealnie prezentuj\u0105 si\u0119 ze szpilkami czy trampkami.\u00a0Spodnie z<\/p>\n<div class=\"klb-readmore post-buttons\"><a class=\"button black outline size-sm\" href=\"https:\/\/madelinefashion.pl\/en\/product\/spodnie-dwukolorowe-postrzepione-jeans-szare\/\">Read More <i class=\"klbth-icon-right-arrow\"><\/i><\/a><\/div>","protected":false},"featured_media":27144,"template":"","meta":[],"product_brand":[],"product_cat":[83,395],"product_tag":[240,475],"class_list":{"0":"post-27525","1":"product","2":"type-product","3":"status-publish","4":"has-post-thumbnail","6":"product_cat-spodnie","7":"product_cat-nowosci","8":"product_tag-jeans","9":"product_tag-spodnie-dlugie","10":"pa_rozmiar-xs","11":"pa_rozmiar-s","12":"pa_rozmiar-m","13":"pa_rozmiar-l","14":"pa_rozmiar-xl","16":"first","17":"instock","18":"product-type-variable"},"_links":{"self":[{"href":"https:\/\/madelinefashion.pl\/en\/wp-json\/wp\/v2\/product\/27525","targetHints":{"allow":["GET"]}}],"collection":[{"href":"https:\/\/madelinefashion.pl\/en\/wp-json\/wp\/v2\/product"}],"about":[{"href":"https:\/\/madelinefashion.pl\/en\/wp-json\/wp\/v2\/types\/product"}],"wp:featuredmedia":[{"embeddable":true,"href":"https:\/\/madelinefashion.pl\/en\/wp-json\/wp\/v2\/media\/27144"}],"wp:attachment":[{"href":"https:\/\/madelinefashion.pl\/en\/wp-json\/wp\/v2\/media?parent=27525"}],"wp:term":[{"taxonomy":"product_brand","embeddable":true,"href":"https:\/\/madelinefashion.pl\/en\/wp-json\/wp\/v2\/product_brand?post=27525"},{"taxonomy":"product_cat","embeddable":true,"href":"https:\/\/madelinefashion.pl\/en\/wp-json\/wp\/v2\/product_cat?post=27525"},{"taxonomy":"product_tag","embeddable":true,"href":"https:\/\/madelinefashion.pl\/en\/wp-json\/wp\/v2\/product_tag?post=27525"}],"curies":[{"name":"wp","href":"https:\/\/api.w.org\/{rel}","templated":true}]}}