{"id":2766,"date":"2020-11-19T16:36:30","date_gmt":"2020-11-19T15:36:30","guid":{"rendered":"http:\/\/serwer2078743.home.pl\/?post_type=product&#038;p=2766"},"modified":"2026-02-20T14:59:08","modified_gmt":"2026-02-20T13:59:08","slug":"kardigan-asymetryczny-moi-fuksja","status":"publish","type":"product","link":"https:\/\/madelinefashion.pl\/en\/product\/kardigan-asymetryczny-moi-fuksja\/","title":{"rendered":"Cardigan Asymmetrical My Powder Pink"},"content":{"rendered":"<h3 style=\"text-align: center;\">Cardigan Asymmetrical My Powder Pink<\/h3>\n<p><span style=\"font-size: 10pt;\">Superb quality at the best price<\/span>. Cardigan in an asymmetrical cut with longer sides. Cardigan holds\u00a0\u00a0<strong>pockets<\/strong> , its cut allows it to fit every figure. The cardigan can be used for most styles and you can easily match it with your favorite pants and T-shirt. <span style=\"font-size: 10pt;\">Perfect for school, work, a date or meeting with friends! <\/span>Size <strong>universal<\/strong> recommended for ladies wearing size <strong>SML XL XXL<\/strong> which is a huge advantage of this model. Available in our e-shop in several color variants, so do not hesitate and choose the one that is perfect for you.<\/p>\n<p style=\"text-align: center;\"><strong>One size fits all recommended S-XXL<\/strong><\/p>\n<h2 style=\"text-align: center;\">Dimensions:<\/h2>\n<ul style=\"text-align: center;\">\n<li>Overall length: 87-112 cm<\/li>\n<li>Width from armpit to: 55-65 cm<\/li>\n<li>Waist width: 55-65 cm<\/li>\n<li>Biceps: 37 cm<\/li>\n<\/ul>\n<p style=\"text-align: center;\"><span style=\"font-size: 10pt;\">Dimensions may slightly differ from the given +\/- 2cm. All dimensions given are measured flat.<\/span><\/p>\n<p style=\"text-align: center;\"><span style=\"font-size: 10pt;\"><strong>\u00a0<\/strong>\u00a0<\/span><\/p>\n<table width=\"610\">\n<tbody>\n<tr>\n<td width=\"302\">Model name<\/td>\n<td width=\"302\">Moi Asymmetrical Cardigan<\/td>\n<\/tr>\n<tr>\n<td width=\"302\">Color<\/td>\n<td width=\"302\">Powder Pink<\/td>\n<\/tr>\n<tr>\n<td width=\"302\">Sizes<\/td>\n<td width=\"302\">Universal<\/td>\n<\/tr>\n<tr>\n<td width=\"302\">Fashion<\/td>\n<td width=\"302\">Oversize<\/td>\n<\/tr>\n<tr>\n<td width=\"302\">Hood<\/td>\n<td width=\"302\">Not<\/td>\n<\/tr>\n<tr>\n<td width=\"302\">Warmed up<\/td>\n<td width=\"302\">Uninsulated<\/td>\n<\/tr>\n<tr>\n<td width=\"302\">Material<\/td>\n<td width=\"302\">74% acrylic, 26% polyamide<\/td>\n<\/tr>\n<\/tbody>\n<\/table>\n<div class=\"additional-details\" style=\"text-align: center;\">\n<p style=\"text-align: center;\">\u00a0The model has\u00a0<strong>165<\/strong>\u00a0cm tall, wears a size every day\u00a0<strong>S.<\/strong><\/p>\n<\/div>","protected":false},"excerpt":{"rendered":"<p>Kardigan Asymetryczny Moi Pudrowy R\u00f3\u017c Rewelacyjna jako\u015b\u0107 w najlepszej cenie. Kardigan o fasonie asymetrycznym z d\u0142u\u017cszymi bokami. Kardigan posiada\u00a0\u00a0kieszenie , jego kr\u00f3j pozwala na dopasowanie do ka\u017cdej sylwetki. Kardigan mo\u017cna wykorzysta\u0107 do wi\u0119kszo\u015bci stylizacji z \u0142atwo\u015bci\u0105 dopasujesz go do swoich ulubionych spodni\u00a0 i T-shirtu. Idealne do szko\u0142y, do pracy, na randk\u0119 czy spotkanie z przyjaci\u00f3\u0142mi!<\/p>\n<div class=\"klb-readmore post-buttons\"><a class=\"button black outline size-sm\" href=\"https:\/\/madelinefashion.pl\/en\/product\/kardigan-asymetryczny-moi-fuksja\/\">Read More <i class=\"klbth-icon-right-arrow\"><\/i><\/a><\/div>","protected":false},"featured_media":585549,"template":"","meta":[],"product_brand":[],"product_cat":[91],"product_tag":[],"class_list":{"0":"post-2766","1":"product","2":"type-product","3":"status-publish","4":"has-post-thumbnail","6":"product_cat-kardigany-damskie","8":"first","9":"instock","10":"purchasable","11":"product-type-simple"},"_links":{"self":[{"href":"https:\/\/madelinefashion.pl\/en\/wp-json\/wp\/v2\/product\/2766","targetHints":{"allow":["GET"]}}],"collection":[{"href":"https:\/\/madelinefashion.pl\/en\/wp-json\/wp\/v2\/product"}],"about":[{"href":"https:\/\/madelinefashion.pl\/en\/wp-json\/wp\/v2\/types\/product"}],"wp:featuredmedia":[{"embeddable":true,"href":"https:\/\/madelinefashion.pl\/en\/wp-json\/wp\/v2\/media\/585549"}],"wp:attachment":[{"href":"https:\/\/madelinefashion.pl\/en\/wp-json\/wp\/v2\/media?parent=2766"}],"wp:term":[{"taxonomy":"product_brand","embeddable":true,"href":"https:\/\/madelinefashion.pl\/en\/wp-json\/wp\/v2\/product_brand?post=2766"},{"taxonomy":"product_cat","embeddable":true,"href":"https:\/\/madelinefashion.pl\/en\/wp-json\/wp\/v2\/product_cat?post=2766"},{"taxonomy":"product_tag","embeddable":true,"href":"https:\/\/madelinefashion.pl\/en\/wp-json\/wp\/v2\/product_tag?post=2766"}],"curies":[{"name":"wp","href":"https:\/\/api.w.org\/{rel}","templated":true}]}}