{"id":2784,"date":"2020-11-19T20:51:58","date_gmt":"2020-11-19T19:51:58","guid":{"rendered":"http:\/\/serwer2078743.home.pl\/?post_type=product&#038;p=2784"},"modified":"2026-04-27T12:39:30","modified_gmt":"2026-04-27T10:39:30","slug":"ramoneska-napy-special-black","status":"publish","type":"product","link":"https:\/\/madelinefashion.pl\/en\/product\/ramoneska-napy-special-black\/","title":{"rendered":"Napa Special Black Biker Jacket"},"content":{"rendered":"<h3 style=\"text-align: center;\">Napa Special Black Biker Jacket<\/h3>\n<p style=\"text-align: center;\"><strong>Black biker jacket <\/strong>is one of our proposals for the coming colder days. It can be used in any styling, both for classic jeans, a white t-shirt for everyday outings, as well as for women&#039;s dresses, adding a rocky look. <strong>character<\/strong>. It is a definite one <strong>must have<\/strong> in every wardrobe! A simple cut, without a collar, is complemented by small details, refined in every inch. The jacket is fastened with metal press studs. The long sleeves at the end are also decorated with the same press studs. = This model is perfect for <strong>spring, autumn and cooler summer days.<\/strong> Thanks to carefully selected accessories, you can easily create unique stylizations for social events or celebrations. Stand out from the crowd with our eco leather jacket. The biker jacket comes in size<strong> SML XL XXL XXXL<br \/>\n<\/strong>If you have any questions, we are here to help.<\/p>\n<p style=\"text-align: center;\"><span style=\"font-size: 10pt;\"><em>European product<br \/>\n<\/em><\/span><\/p>\n<h3 style=\"text-align: center;\">Dimensions:<\/h3>\n<p style=\"text-align: center;\"><strong>S.<br \/>\n<\/strong>Width from armpit to armpit: 2 \u00d7 44 cm<br \/>\nShoulder width: 2 \u00d7 38 cm<br \/>\nWaist width: 2 \u00d7 38 cm<br \/>\nSleeve length from the shoulder: 59 cm<br \/>\nOverall length: 45 cm<\/p>\n<p style=\"text-align: center;\"><strong>M.<br \/>\n<\/strong>Width from armpit to armpit: 2 \u00d7 46 cm<br \/>\nShoulder width: 2 \u00d7 40 cm<br \/>\nWaist width: 2 \u00d7 40 cm<br \/>\nSleeve length from the shoulder: 60 cm<br \/>\nOverall length: 46 cm<br \/>\n<strong><br \/>\nL.<br \/>\n<\/strong>Width from armpit to armpit: 2 \u00d7 48 cm<br \/>\nShoulder width: 2 \u00d7 42 cm<br \/>\nWaist width: 2 \u00d7 42 cm<br \/>\nSleeve length from the shoulder: 61 cm<br \/>\nOverall length: 47 cm<\/p>\n<p style=\"text-align: center;\"><strong>XL<br \/>\n<\/strong>Width from armpit to armpit: 2\u00d750 cm<br \/>\nShoulder width: 2\u00d744 cm<br \/>\nWaist width: 2\u00d744 cm<br \/>\nSleeve length from the shoulder: 62 cm<br \/>\nOverall length: 48 cm<\/p>\n<p style=\"text-align: center;\"><strong>XXL<br \/>\n<\/strong>Width from armpit to armpit: 2 \u00d7 52 cm<br \/>\nShoulder width: 2\u00d746 cm<br \/>\nWaist width: 2\u00d746 cm<br \/>\nSleeve length from the shoulder: 62 cm<br \/>\nTotal length: 49 cm<\/p>\n<p style=\"text-align: center;\"><strong>XXXL<br \/>\n<\/strong>Width from armpit to armpit: 2\u00d754 cm<br \/>\nShoulder width: 2\u00d748 cm<br \/>\nWaist width: 2\u00d748 cm<br \/>\nSleeve length from the shoulder: 63 cm<br \/>\nOverall length: 50 cm<\/p>\n<p style=\"text-align: center;\">Dimensions may slightly differ from the given +\/- 2cm. All dimensions given are measured flat.<\/p>\n<p style=\"text-align: center;\"><span style=\"font-size: 10pt;\">\u00a0<\/span><\/p>\n<p style=\"text-align: center;\"><span style=\"font-size: 10pt;\"><strong>MODEL 168 cm - SIZE S \/ M<\/strong><\/span><\/p>\n<p style=\"text-align: center;\"><span style=\"font-size: 10pt;\">\u00a0<\/span><\/p>\n<p style=\"text-align: center;\">","protected":false},"excerpt":{"rendered":"<p>Ramoneska Napy Special Black Czarna ramoneska to jedna z naszych propozycji na nadchodz\u0105ce ch\u0142odniejsze dni. Mo\u017cna j\u0105 wykorzysta\u0107 w ka\u017cdej stylizacji, zar\u00f3wno do klasycznych jeans\u00f3w, bia\u0142ego t-shirtu na codzienne wyj\u015bcia, jak i do kobiecych sukienek dodaj\u0105c im rockowego charakteru. Jest to zdecydowany must have w ka\u017cdej garderobie! Prosty kr\u00f3j, bez ko\u0142nierzyka, uzupe\u0142niony jest o drobne<\/p>\n<div class=\"klb-readmore post-buttons\"><a class=\"button black outline size-sm\" href=\"https:\/\/madelinefashion.pl\/en\/product\/ramoneska-napy-special-black\/\">Read More <i class=\"klbth-icon-right-arrow\"><\/i><\/a><\/div>","protected":false},"featured_media":602158,"template":"","meta":[],"product_brand":[],"product_cat":[117,395],"product_tag":[295],"class_list":{"0":"post-2784","1":"product","2":"type-product","3":"status-publish","4":"has-post-thumbnail","6":"product_cat-kurtki","7":"product_cat-nowosci","8":"product_tag-ramoneski","9":"pa_rozmiar-s","10":"pa_rozmiar-m","11":"pa_rozmiar-l","12":"pa_rozmiar-xl","13":"pa_rozmiar-xxxl-46","14":"pa_rozmiar-xxl-2","16":"first","17":"instock","18":"sale","19":"purchasable","20":"product-type-variable"},"_links":{"self":[{"href":"https:\/\/madelinefashion.pl\/en\/wp-json\/wp\/v2\/product\/2784","targetHints":{"allow":["GET"]}}],"collection":[{"href":"https:\/\/madelinefashion.pl\/en\/wp-json\/wp\/v2\/product"}],"about":[{"href":"https:\/\/madelinefashion.pl\/en\/wp-json\/wp\/v2\/types\/product"}],"wp:featuredmedia":[{"embeddable":true,"href":"https:\/\/madelinefashion.pl\/en\/wp-json\/wp\/v2\/media\/602158"}],"wp:attachment":[{"href":"https:\/\/madelinefashion.pl\/en\/wp-json\/wp\/v2\/media?parent=2784"}],"wp:term":[{"taxonomy":"product_brand","embeddable":true,"href":"https:\/\/madelinefashion.pl\/en\/wp-json\/wp\/v2\/product_brand?post=2784"},{"taxonomy":"product_cat","embeddable":true,"href":"https:\/\/madelinefashion.pl\/en\/wp-json\/wp\/v2\/product_cat?post=2784"},{"taxonomy":"product_tag","embeddable":true,"href":"https:\/\/madelinefashion.pl\/en\/wp-json\/wp\/v2\/product_tag?post=2784"}],"curies":[{"name":"wp","href":"https:\/\/api.w.org\/{rel}","templated":true}]}}