{"id":2819,"date":"2020-11-19T22:48:18","date_gmt":"2020-11-19T21:48:18","guid":{"rendered":"http:\/\/serwer2078743.home.pl\/?post_type=product&#038;p=2819"},"modified":"2026-03-26T12:40:48","modified_gmt":"2026-03-26T11:40:48","slug":"kardigan-versa-kaptur-musztardowy","status":"publish","type":"product","link":"https:\/\/madelinefashion.pl\/en\/product\/kardigan-versa-kaptur-musztardowy\/","title":{"rendered":"Cardigan with Hood Versa Mustard"},"content":{"rendered":"<h3 style=\"text-align: center;\">Cardigan with Hood Versa Mustard<\/h3>\n<p style=\"text-align: center;\"><span style=\"font-size: 10pt;\">It looks great in combination with jeans or leggings, it can replace a jacket.<\/span><\/p>\n<p style=\"text-align: center;\"><span style=\"font-size: 10pt;\">Each of us should have such a sweater in our wardrobe.<\/span><\/p>\n<p style=\"text-align: center;\"><span style=\"font-size: 10pt;\">Classic cut, unique in a casual style.<\/span><\/p>\n<p style=\"text-align: center;\"><span style=\"font-size: 10pt;\">Superb quality at the best price!<\/span><\/p>\n<p style=\"text-align: center;\"><span style=\"font-size: 10pt;\">European product, very good quality of the material.<\/span><\/p>\n<p style=\"text-align: center;\"><span style=\"font-size: 10pt;\">Perfectly fits the figure\u00a0<\/span><\/p>\n<p style=\"text-align: center;\"><strong><span style=\"font-size: 10pt;\">Cardigan perfect for any occasion<\/span><\/strong><\/p>\n<p style=\"text-align: center;\"><span style=\"font-size: 10pt;\">Perfect for school, work, a date or meeting with friends!<\/span><\/p>\n<p style=\"text-align: center;\"><span style=\"font-size: 10pt;\"><strong>Perfect for any time and occasion!<\/strong><\/span><\/p>\n<p style=\"text-align: center;\"><strong>One size fits all recommended S-XL<\/strong><\/p>\n<h2 style=\"text-align: center;\">Dimensions:<\/h2>\n<ul style=\"text-align: center;\">\n<li>Overall length: 63 cm<\/li>\n<li>Width from armpit to 55 cm<\/li>\n<li>Waist width: 55 cm<\/li>\n<li>Sleeve length from armpit: 44 cm<\/li>\n<\/ul>\n<p style=\"text-align: center;\"><span style=\"font-size: 10pt;\">Dimensions may slightly differ from the given +\/- 2cm. All dimensions given are measured flat.<\/span><\/p>\n<p>&nbsp;<\/p>\n<table width=\"610\">\n<tbody>\n<tr>\n<td width=\"302\">Model name<\/td>\n<td width=\"302\">Cardigan Versa Hood<\/td>\n<\/tr>\n<tr>\n<td width=\"302\">Color<\/td>\n<td width=\"302\">Mustard<\/td>\n<\/tr>\n<tr>\n<td width=\"302\">Sizes<\/td>\n<td width=\"302\">Universal<\/td>\n<\/tr>\n<tr>\n<td width=\"302\">Fashion<\/td>\n<td width=\"302\">Oversize<\/td>\n<\/tr>\n<tr>\n<td width=\"302\">Hood<\/td>\n<td width=\"302\">Yes<\/td>\n<\/tr>\n<tr>\n<td width=\"302\">Warmed up<\/td>\n<td width=\"302\">Uninsulated<\/td>\n<\/tr>\n<tr>\n<td width=\"302\">Material<\/td>\n<td width=\"302\">75% acrylic, 25% polyamide<\/td>\n<\/tr>\n<\/tbody>\n<\/table>\n<div class=\"additional-details\" style=\"text-align: center;\">\n<p style=\"text-align: center;\">\u00a0The model has\u00a0<strong>165<\/strong>\u00a0cm tall, wears a size every day\u00a0<strong>S.<\/strong><\/p>\n<\/div>","protected":false},"excerpt":{"rendered":"<p>Kardigan z Kapturem Versa Musztardowy \u015awietnie wygl\u0105da w zestawieniu z jeansami lub legginsami, mo\u017ce zast\u0105pi\u0107 marynark\u0119. Taki sweterek powinna mie\u0107 ka\u017cda z nas w swojej szafie. Fason klasyczny, unikatowy w stylu casual. Rewelacyjna jako\u015b\u0107 w najlepszej cenie ! Produkt europejski, bardzo dobra jako\u015b\u0107 materia\u0142u. Idealnie dopasowuje si\u0119 do sylwetki\u00a0 Kardigan\u00a0idealny na ka\u017cd\u0105 okazj\u0119 Idealne do<\/p>\n<div class=\"klb-readmore post-buttons\"><a class=\"button black outline size-sm\" href=\"https:\/\/madelinefashion.pl\/en\/product\/kardigan-versa-kaptur-musztardowy\/\">Read More <i class=\"klbth-icon-right-arrow\"><\/i><\/a><\/div>","protected":false},"featured_media":13258,"template":"","meta":[],"product_brand":[],"product_cat":[91,380],"product_tag":[],"class_list":{"0":"post-2819","1":"product","2":"type-product","3":"status-publish","4":"has-post-thumbnail","6":"product_cat-kardigany-damskie","7":"product_cat-wyprzedaz","9":"first","10":"instock","11":"sale","12":"purchasable","13":"product-type-simple"},"_links":{"self":[{"href":"https:\/\/madelinefashion.pl\/en\/wp-json\/wp\/v2\/product\/2819","targetHints":{"allow":["GET"]}}],"collection":[{"href":"https:\/\/madelinefashion.pl\/en\/wp-json\/wp\/v2\/product"}],"about":[{"href":"https:\/\/madelinefashion.pl\/en\/wp-json\/wp\/v2\/types\/product"}],"wp:featuredmedia":[{"embeddable":true,"href":"https:\/\/madelinefashion.pl\/en\/wp-json\/wp\/v2\/media\/13258"}],"wp:attachment":[{"href":"https:\/\/madelinefashion.pl\/en\/wp-json\/wp\/v2\/media?parent=2819"}],"wp:term":[{"taxonomy":"product_brand","embeddable":true,"href":"https:\/\/madelinefashion.pl\/en\/wp-json\/wp\/v2\/product_brand?post=2819"},{"taxonomy":"product_cat","embeddable":true,"href":"https:\/\/madelinefashion.pl\/en\/wp-json\/wp\/v2\/product_cat?post=2819"},{"taxonomy":"product_tag","embeddable":true,"href":"https:\/\/madelinefashion.pl\/en\/wp-json\/wp\/v2\/product_tag?post=2819"}],"curies":[{"name":"wp","href":"https:\/\/api.w.org\/{rel}","templated":true}]}}