{"id":28425,"date":"2022-01-21T14:20:59","date_gmt":"2022-01-21T13:20:59","guid":{"rendered":"https:\/\/madelinefashion.pl\/?post_type=product&#038;p=28425"},"modified":"2026-04-20T18:53:50","modified_gmt":"2026-04-20T16:53:50","slug":"suknia-slubna-one-million-biala-premium","status":"publish","type":"product","link":"https:\/\/madelinefashion.pl\/en\/product\/suknia-slubna-one-million-biala-premium\/","title":{"rendered":"One Million White Premium Wedding Dress"},"content":{"rendered":"<h3 style=\"text-align: center;\">One Million White Premium Wedding Dress<\/h3>\n<p style=\"text-align: center;\"><strong>Dreamlike wedding dress<\/strong> fitted, decorated with crystals with a V-neck. Dress decorated with delicate decorative stones and beads. <strong>It looks very sensual and original.<\/strong> The dress has an open back. The bottom of the dress is fitted - ala<strong> fish<\/strong>\u00a0 lining underneath. White dress to <strong>wedding<\/strong> civil, church, perfect for a wedding or after-party. <strong>\u00a0V-shaped neckline<\/strong>. Tapered at the waist, it perfectly emphasizes the waist. <strong>Fish wedding dress<\/strong> (mermaid) is the essence of wedding elegance. It beautifully emphasizes the waist, hips and bust. Our <strong>Wedding Dress<\/strong>\u00a0<strong>One Million<\/strong> in white available in our store in sizes XS SML\u00a0 \u00a0 <strong>The year 2025 marks the great return of mermaid and princess-cut wedding dresses. <\/strong>As you can see, nothing goes out of style for a long time.<br \/>\n<strong>We know <\/strong>how important it is for everyone<strong> The bride <\/strong>is <strong>properly selected creation. A wedding dress should match the type of beauty, figure and individual taste <\/strong><strong>above all<\/strong><strong>\u00a0 the most important thing is that it should be comfortable! <\/strong>This ensures that the creation will fulfill <strong>your role in the 100% - <\/strong>Our <strong>One Million wedding dress\u00a0<\/strong> he will add<strong> The bride <\/strong>unique <strong>self-confidence. In the shop <a href=\"https:\/\/madelinefashion.pl\/en\/sukienki-i-kombinezony\/sukienki-okolicznosciowe\/\">madelinefashion<\/a> you can find dresses for both church and civil weddings, as well as for after-parties<\/strong>, prom, New Year&#039;s Eve and other elegant special events. Our offer<strong> you will find both classic, simple models, as well as decorated with crystals, sequins and lace or tulle.\u00a0<\/strong>In our e-shop you will find unique dresses at extremely affordable prices -\u00a0 <strong>do not hesitate and choose the one that is perfect for you<\/strong>. If you can&#039;t decide which color, <strong>size<\/strong> is the best for you, <strong>contact us<\/strong> through <a href=\"https:\/\/www.facebook.com\/madelinefashionbutik\" target=\"_blank\" rel=\"noopener\">Facebook<\/a> or <a href=\"https:\/\/madelinefashion.pl\/en\/kontakt\/\">phone<\/a>. In the absence of a size on the site, please<strong> contact<\/strong>.\u00a0<strong> Not sure which wedding dress to choose?<\/strong>\u00a0<a href=\"https:\/\/madelinefashion.pl\/en\/product-tag\/sukienka-biala\/?orderby=price-desc\"><strong>Check<\/strong><\/a>which will be perfect for you!<\/p>\n<p>&nbsp;<\/p>\n<p style=\"text-align: center;\"><span style=\"font-size: 10pt;\"><b style=\"font-size: 10pt;\"> When ordering, you can specify your dimensions: waist and bust, we will choose the perfect dress for you\u00a0<\/b><\/span><\/p>\n<p>&nbsp;<\/p>\n<p style=\"text-align: center;\"><span style=\"font-size: 10pt;\"><strong>\u00a0<\/strong><\/span><\/p>\n<h3 style=\"text-align: center;\">DRESS DIMENSIONS:<\/h3>\n<p><img fetchpriority=\"high\" decoding=\"async\" class=\"size-medium wp-image-16801 aligncenter\" src=\"https:\/\/madelinefashion.pl\/wp-content\/uploads\/2021\/08\/wymiary-suknia-300x194.png\" alt=\"\" width=\"300\" height=\"194\" title=\"\"><\/p>\n<div class=\"additional-details\" style=\"text-align: center;\">\n<table width=\"556\">\n<tbody>\n<tr>\n<td><strong>SIZE<\/strong><\/td>\n<td><strong>Bust<\/strong><\/td>\n<td><strong>Waist<\/strong><\/td>\n<td><strong>Hips<\/strong><\/td>\n<\/tr>\n<tr>\n<td><strong>34<\/strong><\/td>\n<td>84-86<\/td>\n<td>64-68<\/td>\n<td>\u00a082-90<\/td>\n<\/tr>\n<tr>\n<td><strong>36<\/strong><\/td>\n<td>88-90<\/td>\n<td>68-72<\/td>\n<td>\u00a086-92<\/td>\n<\/tr>\n<tr>\n<td><strong>38<\/strong><\/td>\n<td>92-94<\/td>\n<td>72-76<\/td>\n<td>\u00a090-96<\/td>\n<\/tr>\n<tr>\n<td><strong>40<\/strong><\/td>\n<td>96-98<\/td>\n<td>76-80<\/td>\n<td>\u00a094-106<\/td>\n<\/tr>\n<\/tbody>\n<\/table>\n<\/div>\n<p style=\"text-align: center;\"><span style=\"font-size: 10pt;\"><span style=\"font-size: 10pt;\">total length approx. 157 cm <\/span>\u00a0 <\/span><\/p>\n<p style=\"text-align: center;\"><span style=\"font-size: 10pt;\">The dress is also available in other colors - see our other products.<\/span><\/p>\n<p style=\"text-align: center;\"><span style=\"font-size: 10pt;\">Dimensions may slightly differ from the given +\/- 2cm.\u00a0<\/span><\/p>\n<p style=\"text-align: center;\"><span style=\"font-size: 10pt;\"><strong>\u00a0<\/strong>\u00a0<\/span><\/p>\n<table width=\"620\">\n<tbody>\n<tr>\n<td width=\"302\">Model name<\/td>\n<td width=\"302\">One Million Premium Wedding Dress<\/td>\n<\/tr>\n<tr>\n<td width=\"302\">Color<\/td>\n<td width=\"302\">White<\/td>\n<\/tr>\n<tr>\n<td width=\"302\">Mark<\/td>\n<td width=\"302\">Madeline Fashion<\/td>\n<\/tr>\n<tr>\n<td width=\"302\">Sizes<\/td>\n<td width=\"302\">34 36 38 40<\/td>\n<\/tr>\n<tr>\n<td width=\"302\">Fashion<\/td>\n<td width=\"302\">Matching \/ fish<\/td>\n<\/tr>\n<tr>\n<td width=\"302\">Material<\/td>\n<td width=\"302\">Viscose, Polyester, Cotton<\/td>\n<\/tr>\n<tr>\n<td width=\"302\">Length<\/td>\n<td width=\"302\">To the ground<\/td>\n<\/tr>\n<\/tbody>\n<\/table>\n<p style=\"text-align: center;\"><span style=\"font-size: 10pt;\">\u00a0<\/span><\/p>\n<p>&nbsp;<\/p>\n<p style=\"text-align: center;\"><span style=\"font-size: 10pt;\">In order to match <strong>perfect dresses<\/strong> we invite you to contact us by phone or contact us <a href=\"https:\/\/www.facebook.com\/madelinefashionbutik\" target=\"_blank\" rel=\"noopener\">Facebook<\/a> .<\/span><br \/>\n<span style=\"font-size: 10pt;\">Our team will help <strong>Choose the right one<\/strong> . <strong>We can make each dress at the request of the buyer\u00a0<\/strong><strong>measure carefully.\u00a0<\/strong><\/span><\/p>\n<div class=\"additional-details\" style=\"text-align: center;\">\n<p style=\"text-align: center;\"><span style=\"font-size: 10pt;\">\u00a0<\/span><\/p>\n<\/div>","protected":false},"excerpt":{"rendered":"<p>Suknia \u015alubna One Million Bia\u0142a Premium Zjawiskowa suknia \u015blubna dopasowana zdobiona kryszta\u0142ami z dekoltem w szpic\u00a0 Sukienka zdobiona delikatnymi ozdobnymi kamyczkami oraz koralikami. Wygl\u0105da bardzo zmys\u0142owo i oryginalnie. Sukienka posiada odkryte plecy. D\u00f3\u0142 sukienki dopasowany &#8211; ala rybka\u00a0 pod spodem podszewka. Bia\u0142a sukienka do \u015blubu cywilnego, ko\u015bcielnego\u00a0 idealna na wesele czy\u00a0 na poprawiny. \u00a0Dekolt w<\/p>\n<div class=\"klb-readmore post-buttons\"><a class=\"button black outline size-sm\" href=\"https:\/\/madelinefashion.pl\/en\/product\/suknia-slubna-one-million-biala-premium\/\">Read More <i class=\"klbth-icon-right-arrow\"><\/i><\/a><\/div>","protected":false},"featured_media":28418,"template":"","meta":[],"product_brand":[],"product_cat":[395,124,566,630],"product_tag":[257,219,163],"class_list":{"0":"post-28425","1":"product","2":"type-product","3":"status-publish","4":"has-post-thumbnail","6":"product_cat-nowosci","7":"product_cat-sukienki-okolicznosciowe","8":"product_cat-suknie-slubne","9":"product_cat-suknie-slubne-dopasowane","10":"product_tag-madelinefashion","11":"product_tag-sukienka-biala","12":"product_tag-sukienki-dlugie","14":"first","15":"instock","16":"sale","17":"purchasable","18":"product-type-variable"},"_links":{"self":[{"href":"https:\/\/madelinefashion.pl\/en\/wp-json\/wp\/v2\/product\/28425","targetHints":{"allow":["GET"]}}],"collection":[{"href":"https:\/\/madelinefashion.pl\/en\/wp-json\/wp\/v2\/product"}],"about":[{"href":"https:\/\/madelinefashion.pl\/en\/wp-json\/wp\/v2\/types\/product"}],"wp:featuredmedia":[{"embeddable":true,"href":"https:\/\/madelinefashion.pl\/en\/wp-json\/wp\/v2\/media\/28418"}],"wp:attachment":[{"href":"https:\/\/madelinefashion.pl\/en\/wp-json\/wp\/v2\/media?parent=28425"}],"wp:term":[{"taxonomy":"product_brand","embeddable":true,"href":"https:\/\/madelinefashion.pl\/en\/wp-json\/wp\/v2\/product_brand?post=28425"},{"taxonomy":"product_cat","embeddable":true,"href":"https:\/\/madelinefashion.pl\/en\/wp-json\/wp\/v2\/product_cat?post=28425"},{"taxonomy":"product_tag","embeddable":true,"href":"https:\/\/madelinefashion.pl\/en\/wp-json\/wp\/v2\/product_tag?post=28425"}],"curies":[{"name":"wp","href":"https:\/\/api.w.org\/{rel}","templated":true}]}}