{"id":29255,"date":"2022-02-04T14:01:07","date_gmt":"2022-02-04T13:01:07","guid":{"rendered":"https:\/\/madelinefashion.pl\/?post_type=product&#038;p=29255"},"modified":"2026-01-20T10:34:02","modified_gmt":"2026-01-20T09:34:02","slug":"bluza-z-kapturem-oversize-camel-femme","status":"publish","type":"product","link":"https:\/\/madelinefashion.pl\/en\/product\/bluza-z-kapturem-oversize-camel-femme\/","title":{"rendered":"Oversize Camel Femme Hoodie"},"content":{"rendered":"<h3 style=\"text-align: center;\">Oversize Camel Femme Hoodie<\/h3>\n<p style=\"text-align: center;\">Great women&#039;s hoodie, made of the highest quality material, comfortable to use. You will feel not only fashionable, but also very comfortable! Universal cut, it will match any styling in your wardrobe. Perfect for everyday combinations with jeans or leggings. The sweatshirt has a thick welt at the bottom, just like the sleeves.<br \/>\nIt is extremely pleasant to the touch, thanks to the perfect workmanship and high-quality material. The sweatshirt is oversized, which means it will look great in sizes from XS to XL.<\/p>\n<h3 style=\"text-align: center;\">Dimensions:<\/h3>\n<ul style=\"text-align: center;\">\n<li>TOTAL LENGTH AT FRONT: 74 CM<\/li>\n<li>TOTAL LENGTH AT BACK: 52 CM<\/li>\n<li>SLEEVE LENGTH FROM ARMPIT 47 CM<\/li>\n<li>MAX IN THE BREAST: 118 CM<\/li>\n<li>\n<p style=\"margin-top: 0cm; background: white;\">\n<\/li>\n<\/ul>\n<p style=\"text-align: center;\">Dimensions may slightly differ from the given +\/- 2cm. All dimensions given are measured flat. <strong>X2 dimension<\/strong><\/p>\n<p style=\"text-align: center;\"><span style=\"font-size: 10pt;\">\u00a0<\/span><\/p>\n<p style=\"text-align: center;\"><span style=\"font-size: 10pt;\">\u00a0<\/span><\/p>\n<table style=\"height: 154px;\" width=\"674\">\n<tbody>\n<tr>\n<td width=\"302\">Model name<\/td>\n<td width=\"302\">Oversize Femme Hoodie<\/td>\n<\/tr>\n<tr>\n<td width=\"302\">Color<\/td>\n<td width=\"302\">Camel<\/td>\n<\/tr>\n<tr>\n<td width=\"302\">Sizes<\/td>\n<td width=\"302\">Universal<\/td>\n<\/tr>\n<tr>\n<td width=\"302\">Fashion<\/td>\n<td width=\"302\">Oversize<\/td>\n<\/tr>\n<tr>\n<td width=\"302\">Material<\/td>\n<td width=\"302\">70% cotton, 30% polyester<\/td>\n<\/tr>\n<\/tbody>\n<\/table>\n<p style=\"text-align: center;\"><span style=\"font-size: 10pt;\"><br \/>\nThe model has <strong>165<\/strong>\u00a0cm tall, wears a size every day <strong>S.<\/strong><br \/>\n<\/span><\/p>\n<p style=\"text-align: center;\"><span style=\"font-size: 10pt;\">\u00a0<\/span><\/p>","protected":false},"excerpt":{"rendered":"<p>Bluza Z Kapturem Oversize Camel Femme \u015awietna damska bluza z kapturem, uszyta z materia\u0142u najwy\u017cszej jako\u015bci, wygodna w u\u017cytkowaniu. Poczujesz si\u0119 nie tylko modnie, ale te\u017c bardzo komfortowo! Uniwersalny kr\u00f3j, dopasuje si\u0119 do ka\u017cdej stylizacji w Twojej szafie. Idealnie sprawdzi si\u0119 do codziennych po\u0142\u0105cze\u0144 z jeansami lub getrami. Bluza na dole zako\u0144czona jest grubym \u015bci\u0105gaczem<\/p>\n<div class=\"klb-readmore post-buttons\"><a class=\"button black outline size-sm\" href=\"https:\/\/madelinefashion.pl\/en\/product\/bluza-z-kapturem-oversize-camel-femme\/\">Read More <i class=\"klbth-icon-right-arrow\"><\/i><\/a><\/div>","protected":false},"featured_media":29257,"template":"","meta":[],"product_brand":[],"product_cat":[255],"product_tag":[],"class_list":{"0":"post-29255","1":"product","2":"type-product","3":"status-publish","4":"has-post-thumbnail","6":"product_cat-bluzy","8":"first","9":"instock","10":"sale","11":"purchasable","12":"product-type-simple"},"_links":{"self":[{"href":"https:\/\/madelinefashion.pl\/en\/wp-json\/wp\/v2\/product\/29255","targetHints":{"allow":["GET"]}}],"collection":[{"href":"https:\/\/madelinefashion.pl\/en\/wp-json\/wp\/v2\/product"}],"about":[{"href":"https:\/\/madelinefashion.pl\/en\/wp-json\/wp\/v2\/types\/product"}],"wp:featuredmedia":[{"embeddable":true,"href":"https:\/\/madelinefashion.pl\/en\/wp-json\/wp\/v2\/media\/29257"}],"wp:attachment":[{"href":"https:\/\/madelinefashion.pl\/en\/wp-json\/wp\/v2\/media?parent=29255"}],"wp:term":[{"taxonomy":"product_brand","embeddable":true,"href":"https:\/\/madelinefashion.pl\/en\/wp-json\/wp\/v2\/product_brand?post=29255"},{"taxonomy":"product_cat","embeddable":true,"href":"https:\/\/madelinefashion.pl\/en\/wp-json\/wp\/v2\/product_cat?post=29255"},{"taxonomy":"product_tag","embeddable":true,"href":"https:\/\/madelinefashion.pl\/en\/wp-json\/wp\/v2\/product_tag?post=29255"}],"curies":[{"name":"wp","href":"https:\/\/api.w.org\/{rel}","templated":true}]}}