{"id":29293,"date":"2022-02-04T14:57:37","date_gmt":"2022-02-04T13:57:37","guid":{"rendered":"https:\/\/madelinefashion.pl\/?post_type=product&#038;p=29293"},"modified":"2026-01-20T10:34:01","modified_gmt":"2026-01-20T09:34:01","slug":"bluza-z-kapturem-basic-ciemno-szara","status":"publish","type":"product","link":"https:\/\/madelinefashion.pl\/en\/product\/bluza-z-kapturem-basic-ciemno-szara\/","title":{"rendered":"Basic Dark Gray Hoodie"},"content":{"rendered":"<h3 style=\"text-align: center;\">Basic Dark Gray Hoodie<\/h3>\n<p style=\"text-align: center;\">Great women&#039;s hoodie, made of the highest quality material, comfortable to use. It has a hood and a capacious front kangaroo pocket. The bottom of the sweatshirt and sleeves are finished with a wide welt. An ideal everyday proposition, matching any styling. It is also perfect for lovers of sports training. You will feel not only fashionable, but also very comfortable! Universal cut, it will fit any styling in your wardrobe. The inside of the sweatshirt has insulation, thanks to which it will perfectly fit into the season<br \/>\nIt is extremely pleasant to the touch, thanks to the perfect workmanship and high-quality material.<\/p>\n<h3 style=\"text-align: center;\">Dimensions:<\/h3>\n<p style=\"text-align: center;\"><strong>S.<\/strong><\/p>\n<p style=\"text-align: center;\">Underarm width: 51-55 cm<\/p>\n<p style=\"text-align: center;\">Overall length: 64 cm<\/p>\n<p style=\"text-align: center;\">Sleeve length from armpit: 48 cm<\/p>\n<p style=\"text-align: center;\">Sleeve length from the shoulder: 59 cm<\/p>\n<p style=\"text-align: center;\"><strong>M.<\/strong><\/p>\n<p style=\"text-align: center;\">Underarm width: 52-56 cm<\/p>\n<p style=\"text-align: center;\">Overall length: 64 cm<\/p>\n<p style=\"text-align: center;\">Sleeve length from armpit: 50 cm<\/p>\n<p style=\"text-align: center;\">Sleeve length from the shoulder: 62 cm<\/p>\n<p style=\"text-align: center;\"><strong>L.<\/strong><\/p>\n<p style=\"text-align: center;\">Underarm width: 53-57 cm<\/p>\n<p style=\"text-align: center;\">Overall length: 64 cm<\/p>\n<p style=\"text-align: center;\">Sleeve length from armpit: 53 cm<\/p>\n<p style=\"text-align: center;\">Sleeve length from the shoulder: 64 cm<\/p>\n<p style=\"text-align: center;\"><strong>XL<\/strong><\/p>\n<p style=\"text-align: center;\">Underarm width: 54-58 cm<\/p>\n<p style=\"text-align: center;\">Overall length: 67 cm<\/p>\n<p style=\"text-align: center;\">Sleeve length from armpit: 53 cm<\/p>\n<p style=\"text-align: center;\">Sleeve length from the shoulder: 65 cm<\/p>\n<ul style=\"text-align: center;\">\n<li style=\"list-style-type: none;\">\n<ul>\n<li style=\"list-style-type: none;\">\n<ul>\n<li style=\"list-style-type: none;\">\n<ul style=\"text-align: center;\">\n<li><\/li>\n<\/ul>\n<\/li>\n<\/ul>\n<\/li>\n<\/ul>\n<\/li>\n<li>\n<p style=\"margin-top: 0cm; background: white;\">\n<\/li>\n<\/ul>\n<p style=\"text-align: center;\">Dimensions may slightly differ from the given +\/- 2cm. All dimensions given are measured flat. <strong>X2 dimension<\/strong><\/p>\n<p style=\"text-align: center;\"><span style=\"font-size: 10pt;\">\u00a0<\/span><\/p>\n<p style=\"text-align: center;\"><span style=\"font-size: 10pt;\">\u00a0<\/span><\/p>\n<table style=\"height: 154px;\" width=\"674\">\n<tbody>\n<tr>\n<td width=\"302\">Model name<\/td>\n<td width=\"302\">Basic Hoodie<\/td>\n<\/tr>\n<tr>\n<td width=\"302\">Color<\/td>\n<td width=\"302\">Dark Gray<\/td>\n<\/tr>\n<tr>\n<td width=\"302\">Sizes<\/td>\n<td width=\"302\">Universal<\/td>\n<\/tr>\n<tr>\n<td width=\"302\">Fashion<\/td>\n<td width=\"302\">Oversize<\/td>\n<\/tr>\n<tr>\n<td width=\"302\">Material<\/td>\n<td width=\"302\">70% cotton, 30% polyester<\/td>\n<\/tr>\n<\/tbody>\n<\/table>\n<p style=\"text-align: center;\"><span style=\"font-size: 10pt;\"><br \/>\nThe model has <strong>165<\/strong>\u00a0cm tall, wears a size every day <strong>S.<\/strong><br \/>\n<\/span><\/p>\n<p style=\"text-align: center;\"><span style=\"font-size: 10pt;\">\u00a0<\/span><\/p>","protected":false},"excerpt":{"rendered":"<p>Bluza Z Kapturem Basic Ciemno Szara \u015awietna damska bluza z kapturem, uszyta z materia\u0142u najwy\u017cszej jako\u015bci, wygodna w u\u017cytkowaniu. Posiada kaptur oraz pojemn\u0105 kiesze\u0144 z przodu, typu kangurek. D\u00f3\u0142 bluzy oraz r\u0119kawy zako\u0144czone s\u0105 szerokim \u015bci\u0105gaczem. Idealna propozycja na co dzie\u0144, pasuj\u0105ca do ka\u017cdej stylizacji. \u015awietnie sprawdzi si\u0119 tak\u017ce dla mi\u0142o\u015bnik\u00f3w trening\u00f3w sportowych. Poczujesz si\u0119<\/p>\n<div class=\"klb-readmore post-buttons\"><a class=\"button black outline size-sm\" href=\"https:\/\/madelinefashion.pl\/en\/product\/bluza-z-kapturem-basic-ciemno-szara\/\">Read More <i class=\"klbth-icon-right-arrow\"><\/i><\/a><\/div>","protected":false},"featured_media":29199,"template":"","meta":[],"product_brand":[],"product_cat":[255,395],"product_tag":[],"class_list":{"0":"post-29293","1":"product","2":"type-product","3":"status-publish","4":"has-post-thumbnail","6":"product_cat-bluzy","7":"product_cat-nowosci","8":"pa_rozmiar-34-42-36-2","9":"pa_rozmiar-34-42-38-2","10":"pa_rozmiar-34-42-40-2","11":"pa_rozmiar-34-42-42-2","13":"first","14":"instock","15":"sale","16":"purchasable","17":"product-type-variable"},"_links":{"self":[{"href":"https:\/\/madelinefashion.pl\/en\/wp-json\/wp\/v2\/product\/29293","targetHints":{"allow":["GET"]}}],"collection":[{"href":"https:\/\/madelinefashion.pl\/en\/wp-json\/wp\/v2\/product"}],"about":[{"href":"https:\/\/madelinefashion.pl\/en\/wp-json\/wp\/v2\/types\/product"}],"wp:featuredmedia":[{"embeddable":true,"href":"https:\/\/madelinefashion.pl\/en\/wp-json\/wp\/v2\/media\/29199"}],"wp:attachment":[{"href":"https:\/\/madelinefashion.pl\/en\/wp-json\/wp\/v2\/media?parent=29293"}],"wp:term":[{"taxonomy":"product_brand","embeddable":true,"href":"https:\/\/madelinefashion.pl\/en\/wp-json\/wp\/v2\/product_brand?post=29293"},{"taxonomy":"product_cat","embeddable":true,"href":"https:\/\/madelinefashion.pl\/en\/wp-json\/wp\/v2\/product_cat?post=29293"},{"taxonomy":"product_tag","embeddable":true,"href":"https:\/\/madelinefashion.pl\/en\/wp-json\/wp\/v2\/product_tag?post=29293"}],"curies":[{"name":"wp","href":"https:\/\/api.w.org\/{rel}","templated":true}]}}