{"id":2932,"date":"2020-11-20T16:54:27","date_gmt":"2020-11-20T15:54:27","guid":{"rendered":"http:\/\/serwer2078743.home.pl\/?post_type=product&#038;p=2932"},"modified":"2026-02-20T14:59:06","modified_gmt":"2026-02-20T13:59:06","slug":"sweter-z-golfem-warkocz-musztardowy","status":"publish","type":"product","link":"https:\/\/madelinefashion.pl\/en\/product\/sweter-z-golfem-warkocz-musztardowy\/","title":{"rendered":"Mustard braid turtleneck sweater"},"content":{"rendered":"<h2 style=\"text-align: center;\">Mustard braid turtleneck sweater<\/h2>\n<p style=\"text-align: center;\">Long-sleeved turtleneck sweater with a diamond pattern. Sweater made of <strong>the best quality<\/strong> perfectly yarn\u00a0<strong>adapts to the figure<\/strong> and complements any outfit. A sweater perfect for colder days. The size is\u00a0<strong>universal<\/strong>\u00a0fits perfectly with\u00a0<strong>S, M, L<\/strong> ,\u00a0<strong>XL\u00a0<\/strong> in the case of a larger size, we recommend that you measure accurately according to the dimensions table below. In our online store you will find this product in a variety of colors for an unbeatable price <strong>low price<\/strong>. Therefore, do not hesitate and order as soon as possible. If you have any additional questions about this product, please do not hesitate to contact us by phone or via Facebook.<\/p>\n<p style=\"text-align: center;\">\u00a0.<\/p>\n<h3 style=\"text-align: center;\">Dimensions :<\/h3>\n<ul style=\"text-align: center;\">\n<li>Width from armpit to armpit 49-53 cm<\/li>\n<li>Total length 47 cm<\/li>\n<li>Sleeve length from the armpit 42 cm<\/li>\n<li>Sleeve length from the shoulder 50 cm<\/li>\n<\/ul>\n<p style=\"text-align: center;\">Dimensions may slightly differ from the given +\/- 2cm. All dimensions given are measured flat.<strong>\u00a0<\/strong><\/p>\n<table class=\"aligncenter\" width=\"355\">\n<tbody>\n<tr>\n<td width=\"302\">Model name<\/td>\n<td width=\"302\">Golf Sweater Braid<\/td>\n<\/tr>\n<tr>\n<td width=\"302\">Collection<\/td>\n<td width=\"302\">Spring \/ Autumn \/ Winter<\/td>\n<\/tr>\n<tr>\n<td width=\"302\">Sizes<\/td>\n<td width=\"302\">Universal<\/td>\n<\/tr>\n<tr>\n<td width=\"302\">Composition<\/td>\n<td width=\"302\">70% Acrylic 30% Polyester<\/td>\n<\/tr>\n<tr>\n<td width=\"302\">Color<\/td>\n<td width=\"302\">Mustard<\/td>\n<\/tr>\n<tr>\n<td width=\"302\">Cleavage<\/td>\n<td width=\"302\"><span style=\"text-align: center;\">Golf<\/span><\/td>\n<\/tr>\n<\/tbody>\n<\/table>\n<div class=\"rte\" style=\"text-align: center;\">\n<p>The model has\u00a0<strong>169<\/strong>\u00a0cm tall, wears a size every day\u00a0<strong>S.<\/strong><\/p>\n<p>The width at the bust is 92 cm<\/p>\n<p>Waist width 62 cm<\/p>\n<p>The width at the hips is 94 cm<\/p>\n<\/div>\n<p style=\"text-align: center;\">","protected":false},"excerpt":{"rendered":"<p>Sweter z golfem Warkocz Musztardowy Sweterek z golfem z d\u0142ugim r\u0119kawem o splocie w romby. Sweter wykonany z najlepszej jako\u015bci prz\u0119dzy idealnie\u00a0dopasowuje si\u0119 do sylwetki i uzupe\u0142nia ka\u017cd\u0105 stylizacj\u0119.\u00a0Sweter idealny na ch\u0142odniejsze dni. Rozmiar jest\u00a0uniwersalny\u00a0, idealnie pasuje do\u00a0S, M, L ,\u00a0XL\u00a0 w przypadku wi\u0119kszego rozmiaru zalecamy dok\u0142adny pomiar wed\u0142ug poni\u017cszej tabeli wymiar\u00f3w. W naszym sklepie<\/p>\n<div class=\"klb-readmore post-buttons\"><a class=\"button black outline size-sm\" href=\"https:\/\/madelinefashion.pl\/en\/product\/sweter-z-golfem-warkocz-musztardowy\/\">Read More <i class=\"klbth-icon-right-arrow\"><\/i><\/a><\/div>","protected":false},"featured_media":73198,"template":"","meta":[],"product_brand":[],"product_cat":[78],"product_tag":[],"class_list":{"0":"post-2932","1":"product","2":"type-product","3":"status-publish","4":"has-post-thumbnail","6":"product_cat-swetry-damskie","8":"first","9":"instock","10":"purchasable","11":"product-type-simple"},"_links":{"self":[{"href":"https:\/\/madelinefashion.pl\/en\/wp-json\/wp\/v2\/product\/2932","targetHints":{"allow":["GET"]}}],"collection":[{"href":"https:\/\/madelinefashion.pl\/en\/wp-json\/wp\/v2\/product"}],"about":[{"href":"https:\/\/madelinefashion.pl\/en\/wp-json\/wp\/v2\/types\/product"}],"wp:featuredmedia":[{"embeddable":true,"href":"https:\/\/madelinefashion.pl\/en\/wp-json\/wp\/v2\/media\/73198"}],"wp:attachment":[{"href":"https:\/\/madelinefashion.pl\/en\/wp-json\/wp\/v2\/media?parent=2932"}],"wp:term":[{"taxonomy":"product_brand","embeddable":true,"href":"https:\/\/madelinefashion.pl\/en\/wp-json\/wp\/v2\/product_brand?post=2932"},{"taxonomy":"product_cat","embeddable":true,"href":"https:\/\/madelinefashion.pl\/en\/wp-json\/wp\/v2\/product_cat?post=2932"},{"taxonomy":"product_tag","embeddable":true,"href":"https:\/\/madelinefashion.pl\/en\/wp-json\/wp\/v2\/product_tag?post=2932"}],"curies":[{"name":"wp","href":"https:\/\/api.w.org\/{rel}","templated":true}]}}