{"id":29968,"date":"2022-02-22T19:41:26","date_gmt":"2022-02-22T18:41:26","guid":{"rendered":"https:\/\/madelinefashion.pl\/?post_type=product&#038;p=29968"},"modified":"2026-02-08T20:03:27","modified_gmt":"2026-02-08T19:03:27","slug":"ramoneska-czarna-zlote-guziki-koko","status":"publish","type":"product","link":"https:\/\/madelinefashion.pl\/en\/product\/ramoneska-czarna-zlote-guziki-koko\/","title":{"rendered":"Bomber Jacket Black Koko Gold Buttons"},"content":{"rendered":"<h3 style=\"text-align: center;\">Bomber Jacket Black Koko Gold Buttons<\/h3>\n<p style=\"text-align: center;\"><strong>Amazing biker jacket <\/strong>made of soft eco leather in black color<strong> golden buttons. It fantastically fits the figure and emphasizes the waist. Koko leather jacket <\/strong>is one of our proposals for the coming colder days. <strong>Bestseller<\/strong> model. The most classic and timeless model of the jacket. It can be used in any styling, both for classic jeans, a white t-shirt for everyday outings, as well as for women&#039;s dresses, adding a rocky look. <strong>character<\/strong>. It is a definite one <strong>must have<\/strong> in every wardrobe! The long sleeves are decorated with zippers and buckles. The model from the bottom has an additional lining that will protect you on colder days.\u00a0 <strong><span lang=\"en-us\" xml:lang=\"en-us\">Eco-leather jacket with decorative buttons and zippers is the hottest trend this season. <\/span><\/strong>This model is perfect for spring or fall and cooler summer days. Thanks to carefully selected accessories, you can easily create unique stylizations for social events or celebrations. Jacket <strong>It is made of soft eco leather<\/strong>, deceptively similar <strong>natural leather<\/strong>. The model has two pockets. <strong>Stand out from the crowd<\/strong> with our eco leather jacket. There is no limit to your imagination, so don&#039;t hesitate and<strong> create your own styling<\/strong>. The biker jacket comes in size<strong> SML XL.\u00a0\u00a0<\/strong>If you have any questions, we are here to help.<\/p>\n<h3 style=\"text-align: center;\">Dimensions:<\/h3>\n<p align=\"center\"><strong>S.<\/strong><\/p>\n<p>&nbsp;<\/p>\n<p align=\"center\">Total length front - 52 cm<br \/>\nWidth in the shoulders - 36 cm<br \/>\nWidth from armpit to armpit - 44 cm x2<br \/>\nSleeve length from shoulder - 59 cm<\/p>\n<p align=\"center\"><strong>M.<\/strong><\/p>\n<p align=\"center\">Total length front - 53 cm<br \/>\nWidth in the shoulders - 37 cm<br \/>\nWidth from armpit to armpit - 46 cm x2<br \/>\nSleeve length from the shoulder - 60 cm<\/p>\n<p>&nbsp;<\/p>\n<p align=\"center\"><strong>L.<\/strong><\/p>\n<p align=\"center\">Total length front - 54 cm<br \/>\nWidth in the shoulders - 38 cm<br \/>\nWidth from armpit to armpit - 47 cm x2<br \/>\nSleeve length from the shoulder - 61 cm<\/p>\n<p>&nbsp;<\/p>\n<p align=\"center\"><strong>XL<\/strong><\/p>\n<p align=\"center\">Total length front - 55 cm<br \/>\nWidth in the shoulders - 39 cm<br \/>\nWidth from armpit to armpit - 48 cm x2<br \/>\nSleeve length from the shoulder - 62 cm<\/p>\n<p style=\"text-align: center;\">Dimensions may slightly differ from the given +\/- 2cm. All dimensions are provided <strong>measured flat<\/strong>.\u00a0<strong>X2 dimension<\/strong><\/p>\n<p>&nbsp;<\/p>\n<table width=\"605\">\n<tbody>\n<tr>\n<td width=\"302\">Model name<\/td>\n<td width=\"302\">Biker jacket with golden Koko buttons<\/td>\n<\/tr>\n<tr>\n<td width=\"302\">Color<\/td>\n<td width=\"302\">Black<\/td>\n<\/tr>\n<tr>\n<td width=\"302\">Sizes<\/td>\n<td width=\"302\">SML XL<\/td>\n<\/tr>\n<tr>\n<td width=\"302\">Fashion<\/td>\n<td width=\"302\">Fitted \/ slim<\/td>\n<\/tr>\n<tr>\n<td width=\"302\">Hood<\/td>\n<td width=\"302\">Not<\/td>\n<\/tr>\n<tr>\n<td width=\"302\">Quality<\/td>\n<td width=\"302\">Premium<\/td>\n<\/tr>\n<tr>\n<td width=\"302\">Fastening<\/td>\n<td width=\"302\">Lock<\/td>\n<\/tr>\n<\/tbody>\n<\/table>\n<p style=\"text-align: center;\"><span style=\"font-size: 10pt;\"><strong>MODEL 168 cm - SIZE S<\/strong><\/span><\/p>\n<p style=\"text-align: center;\"><span style=\"font-size: 10pt;\">\u00a0<\/span><\/p>\n<p style=\"text-align: center;\">","protected":false},"excerpt":{"rendered":"<p>Ramoneska Czarna Z\u0142ote Guziki Koko Rewelacyjna ramoneska wykonana z mi\u0119kkiej eko sk\u00f3ry w kolorze czarnym ze z\u0142otymi guzikami. Fantastycznie dopasowuje si\u0119 do sylwetki i podkre\u015bla talie. Kurtka sk\u00f3rzana Koko to jedna z naszych propozycji na nadchodz\u0105ce ch\u0142odniejsze dni. Bestsellerowy model. Najbardziej klasyczny i ponadczasowy model kurtki. Mo\u017cna j\u0105 wykorzysta\u0107 w ka\u017cdej stylizacji, zar\u00f3wno do klasycznych<\/p>\n<div class=\"klb-readmore post-buttons\"><a class=\"button black outline size-sm\" href=\"https:\/\/madelinefashion.pl\/en\/product\/ramoneska-czarna-zlote-guziki-koko\/\">Read More <i class=\"klbth-icon-right-arrow\"><\/i><\/a><\/div>","protected":false},"featured_media":29976,"template":"","meta":[],"product_brand":[],"product_cat":[117,395],"product_tag":[295],"class_list":{"0":"post-29968","1":"product","2":"type-product","3":"status-publish","4":"has-post-thumbnail","6":"product_cat-kurtki","7":"product_cat-nowosci","8":"product_tag-ramoneski","9":"pa_rozmiar-s-36","10":"pa_rozmiar-m-38","11":"pa_rozmiar-l-40","12":"pa_rozmiar-xl-42","14":"first","15":"instock","16":"product-type-variable"},"_links":{"self":[{"href":"https:\/\/madelinefashion.pl\/en\/wp-json\/wp\/v2\/product\/29968","targetHints":{"allow":["GET"]}}],"collection":[{"href":"https:\/\/madelinefashion.pl\/en\/wp-json\/wp\/v2\/product"}],"about":[{"href":"https:\/\/madelinefashion.pl\/en\/wp-json\/wp\/v2\/types\/product"}],"wp:featuredmedia":[{"embeddable":true,"href":"https:\/\/madelinefashion.pl\/en\/wp-json\/wp\/v2\/media\/29976"}],"wp:attachment":[{"href":"https:\/\/madelinefashion.pl\/en\/wp-json\/wp\/v2\/media?parent=29968"}],"wp:term":[{"taxonomy":"product_brand","embeddable":true,"href":"https:\/\/madelinefashion.pl\/en\/wp-json\/wp\/v2\/product_brand?post=29968"},{"taxonomy":"product_cat","embeddable":true,"href":"https:\/\/madelinefashion.pl\/en\/wp-json\/wp\/v2\/product_cat?post=29968"},{"taxonomy":"product_tag","embeddable":true,"href":"https:\/\/madelinefashion.pl\/en\/wp-json\/wp\/v2\/product_tag?post=29968"}],"curies":[{"name":"wp","href":"https:\/\/api.w.org\/{rel}","templated":true}]}}