{"id":30278,"date":"2022-03-01T15:38:05","date_gmt":"2022-03-01T14:38:05","guid":{"rendered":"https:\/\/madelinefashion.pl\/?post_type=product&#038;p=30278"},"modified":"2026-03-26T12:40:28","modified_gmt":"2026-03-26T11:40:28","slug":"trampki-wiazane-w-kwiaty-biale-w-roze","status":"publish","type":"product","link":"https:\/\/madelinefashion.pl\/en\/product\/trampki-wiazane-w-kwiaty-biale-w-roze\/","title":{"rendered":"Sneakers Tied In White Flowers With Roses"},"content":{"rendered":"<h3 style=\"text-align: center;\">Sneakers Tied In White Flowers With Roses<\/h3>\n<p style=\"text-align: center;\">Spring comfortable women&#039;s sneakers. Made of soft, multi-colored fabric with a floral motif in navy blue. The footwear has a solid white sole. The lace-up model is an excellent proposition for everyday use. They have a nose reinforced with white rubber. The shoes reach up to the ankle. Perfect for spring and summer stylizations.<\/p>\n<p style=\"text-align: center;\"><strong>Numbering:\u00a0<\/strong>Typical - we suggest choosing the size you are wearing<br \/>\n<strong>Warming:\u00a0<\/strong>Lack<br \/>\n<b>Clasp:\u00a0<\/b>Tied with laces<\/p>\n<h3 style=\"text-align: center;\">Dimensions<\/h3>\n<ul>\n<li style=\"text-align: center;\"><strong>The height of the shoes<\/strong> is 9 cm.<\/li>\n<li style=\"text-align: center;\"><strong>The height of the sole<\/strong> is 2.5 cm.<\/li>\n<\/ul>\n<table width=\"540\">\n<thead>\n<tr>\n<td width=\"216\"><strong>EU size<\/strong><\/td>\n<td width=\"316\"><strong>The length of the insert<\/strong><\/td>\n<\/tr>\n<\/thead>\n<tbody>\n<tr>\n<td width=\"216\"><strong>36<\/strong><\/td>\n<td width=\"316\">23 cm<\/td>\n<\/tr>\n<tr>\n<td width=\"216\"><strong>37<\/strong><\/td>\n<td width=\"316\">23.5 cm<\/td>\n<\/tr>\n<tr>\n<td width=\"216\"><strong>38<\/strong><\/td>\n<td width=\"316\">24 cm<\/td>\n<\/tr>\n<tr>\n<td width=\"216\"><strong>39<\/strong><\/td>\n<td width=\"316\">24.5 cm<\/td>\n<\/tr>\n<tr>\n<td width=\"216\"><strong>40<\/strong><\/td>\n<td width=\"316\">25 cm<\/td>\n<\/tr>\n<tr>\n<td width=\"216\"><strong>41<\/strong><\/td>\n<td width=\"316\">25.5 cm<\/td>\n<\/tr>\n<\/tbody>\n<\/table>\n<div class=\"wrap-content\">\n<div class=\"main-container container\">\n<div class=\"row\">\n<section class=\"main-content sidebar-left-false\">\n<div class=\"product-page page\">\n<div class=\"page-content\">\n<div id=\"ProductSizing\" class=\"product-sizing modal fade in\" tabindex=\"-1\" role=\"dialog\" aria-hidden=\"false\">\n<div class=\"modal-dialog\">\n<div class=\"modal-content\">\n<div class=\"widget html_editor\">\n<p>&nbsp;<\/p>\n<\/div>\n<p>&nbsp;<\/p>\n<\/div>\n<\/div>\n<\/div>\n<\/div>\n<\/div>\n<\/section>\n<\/div>\n<\/div>\n<\/div>\n<div class=\"wrap-footer\">\n<footer class=\"\">\n<div class=\"container\">\n<div class=\"footer-newsletter-box\"><\/div>\n<\/div>\n<\/footer>\n<\/div>\n<table>\n<tbody>\n<tr>\n<td width=\"302\">Model Name<\/td>\n<td width=\"302\">Sneakers Tied In Flowers<\/td>\n<\/tr>\n<tr>\n<td width=\"302\">Color<\/td>\n<td width=\"302\">White<\/td>\n<\/tr>\n<tr>\n<td width=\"302\">Sizes<\/td>\n<td width=\"302\">36 37\u00a0 38\u00a0 39 40 41<\/td>\n<\/tr>\n<tr>\n<td width=\"302\">Sole<\/td>\n<td width=\"302\">Rubber<\/td>\n<\/tr>\n<tr>\n<td width=\"302\">Warming<\/td>\n<td width=\"302\">Not<\/td>\n<\/tr>\n<tr>\n<td width=\"302\">Clasp<\/td>\n<td width=\"302\">Knotted<\/td>\n<\/tr>\n<tr>\n<td width=\"302\">Collection<\/td>\n<td width=\"302\">Spring \/ Fall \/ Summer<\/td>\n<\/tr>\n<\/tbody>\n<\/table>\n<div class=\"tabs tabs-bb clear mb-80\">\n<div class=\"tab-content\">\n<div id=\"tab-description\" class=\"tab-pane fade in woocommerce-Tabs-panel--description active\">\n<p style=\"text-align: center;\">\n<\/div>\n<\/div>\n<\/div>\n<section class=\"up-sells upsells products mb-80\"><\/section>\n<p style=\"text-align: left;\">","protected":false},"excerpt":{"rendered":"<p>Trampki Wi\u0105zane W Kwiaty Bia\u0142e W R\u00f3\u017ce Wiosenne wygodne trampki damskie. Wykonane z mi\u0119kkiej wielokolorowej tkaniny z motywem kwiatowym w kolorze granatowym.\u00a0Obuwie posiada solidn\u0105 podeszw\u0119 koloru bia\u0142ego. Model sznurowany to doskona\u0142a propozycja do codziennego u\u017cytku. Posiadaj\u0105 nosek wzmocniony bia\u0142\u0105 gum\u0105. Buty si\u0119gaj\u0105 przed kostk\u0119. Idealne do wiosennych i letnich stylizacji. Numeracja:\u00a0Typowa &#8211; sugerujemy wyb\u00f3r rozmiaru<\/p>\n<div class=\"klb-readmore post-buttons\"><a class=\"button black outline size-sm\" href=\"https:\/\/madelinefashion.pl\/en\/product\/trampki-wiazane-w-kwiaty-biale-w-roze\/\">Read More <i class=\"klbth-icon-right-arrow\"><\/i><\/a><\/div>","protected":false},"featured_media":30261,"template":"","meta":[],"product_brand":[],"product_cat":[400,380],"product_tag":[495],"class_list":{"0":"post-30278","1":"product","2":"type-product","3":"status-publish","4":"has-post-thumbnail","6":"product_cat-buty","7":"product_cat-wyprzedaz","8":"product_tag-buty-sportowe","10":"first","11":"outofstock","12":"product-type-variable"},"_links":{"self":[{"href":"https:\/\/madelinefashion.pl\/en\/wp-json\/wp\/v2\/product\/30278","targetHints":{"allow":["GET"]}}],"collection":[{"href":"https:\/\/madelinefashion.pl\/en\/wp-json\/wp\/v2\/product"}],"about":[{"href":"https:\/\/madelinefashion.pl\/en\/wp-json\/wp\/v2\/types\/product"}],"wp:featuredmedia":[{"embeddable":true,"href":"https:\/\/madelinefashion.pl\/en\/wp-json\/wp\/v2\/media\/30261"}],"wp:attachment":[{"href":"https:\/\/madelinefashion.pl\/en\/wp-json\/wp\/v2\/media?parent=30278"}],"wp:term":[{"taxonomy":"product_brand","embeddable":true,"href":"https:\/\/madelinefashion.pl\/en\/wp-json\/wp\/v2\/product_brand?post=30278"},{"taxonomy":"product_cat","embeddable":true,"href":"https:\/\/madelinefashion.pl\/en\/wp-json\/wp\/v2\/product_cat?post=30278"},{"taxonomy":"product_tag","embeddable":true,"href":"https:\/\/madelinefashion.pl\/en\/wp-json\/wp\/v2\/product_tag?post=30278"}],"curies":[{"name":"wp","href":"https:\/\/api.w.org\/{rel}","templated":true}]}}