{"id":30391,"date":"2022-03-02T13:09:22","date_gmt":"2022-03-02T12:09:22","guid":{"rendered":"https:\/\/madelinefashion.pl\/?post_type=product&#038;p=30391"},"modified":"2026-02-16T15:02:27","modified_gmt":"2026-02-16T14:02:27","slug":"botki-kowbojki-na-plaskim-obcasie-z-lancuszkiem-czarne","status":"publish","type":"product","link":"https:\/\/madelinefashion.pl\/en\/product\/botki-kowbojki-na-plaskim-obcasie-z-lancuszkiem-czarne\/","title":{"rendered":"Black cowboy boots on a flat heel with a chain"},"content":{"rendered":"<h3 style=\"text-align: center;\">Black cowboy boots on a flat heel with a chain<\/h3>\n<p style=\"text-align: center;\">Fashionable women&#039;s boots made of ecological suede leather in black. The presented boots have a hidden wedge measuring about 7 cm. The heel imperceptibly adds centimeters and slims the figure. The interior and the insole have been slightly insulated with fur - the boots can also be worn during colder days. These shoes are slip on. Characteristic ornaments are placed on the uppers (they are not fixed permanently, they can be removed). The height of the footwear is 17 cm.<\/p>\n<h3 style=\"text-align: center;\">Characteristics:<\/h3>\n<ul>\n<li style=\"text-align: center;\">Classic suede boots - elegance and pleasure to use<\/li>\n<li style=\"text-align: center;\">Fashionable - recommended by bloggers<\/li>\n<li style=\"text-align: center;\">A solid heel - they are stable in use<\/li>\n<li style=\"text-align: center;\">Comfortable - you will spend the whole day in them comfortably<\/li>\n<li style=\"text-align: center;\">Classic look - universal and timeless design<\/li>\n<li><\/li>\n<\/ul>\n<p>&nbsp;<\/p>\n<ul>\n<li style=\"text-align: center;\"><\/li>\n<\/ul>\n<table width=\"540\">\n<thead>\n<tr>\n<td width=\"216\"><strong>EU size<\/strong><\/td>\n<td width=\"316\"><strong>The length of the insert<\/strong><\/td>\n<\/tr>\n<\/thead>\n<tbody>\n<tr>\n<td width=\"216\"><strong>36<\/strong><\/td>\n<td width=\"316\">23 cm<\/td>\n<\/tr>\n<tr>\n<td width=\"216\"><strong>37<\/strong><\/td>\n<td width=\"316\">23.5 cm<\/td>\n<\/tr>\n<tr>\n<td width=\"216\"><strong>38<\/strong><\/td>\n<td width=\"316\">24.5 cm<\/td>\n<\/tr>\n<tr>\n<td width=\"216\"><strong>39<\/strong><\/td>\n<td width=\"316\">25 cm<\/td>\n<\/tr>\n<tr>\n<td width=\"216\"><strong>40<\/strong><\/td>\n<td width=\"316\">25.5 cm<\/td>\n<\/tr>\n<tr>\n<td width=\"216\"><strong>41<\/strong><\/td>\n<td width=\"316\">26 cm<\/td>\n<\/tr>\n<\/tbody>\n<\/table>\n<div class=\"wrap-content\">\n<div class=\"main-container container\">\n<div class=\"row\">\n<section class=\"main-content sidebar-left-false\">\n<div class=\"product-page page\">\n<div class=\"page-content\">\n<div id=\"ProductSizing\" class=\"product-sizing modal fade in\" tabindex=\"-1\" role=\"dialog\" aria-hidden=\"false\">\n<div class=\"modal-dialog\">\n<div class=\"modal-content\">\n<div class=\"widget html_editor\">\n<p>&nbsp;<\/p>\n<\/div>\n<p>&nbsp;<\/p>\n<\/div>\n<\/div>\n<\/div>\n<\/div>\n<\/div>\n<\/section>\n<\/div>\n<\/div>\n<\/div>\n<div class=\"wrap-footer\">\n<footer class=\"\">\n<div class=\"container\">\n<div class=\"footer-newsletter-box\"><\/div>\n<\/div>\n<\/footer>\n<\/div>\n<table>\n<tbody>\n<tr>\n<td width=\"302\">Model name<\/td>\n<td width=\"302\">Cowboy boots on a flat heel with a chain<\/td>\n<\/tr>\n<tr>\n<td width=\"302\">Color<\/td>\n<td width=\"302\">Black<\/td>\n<\/tr>\n<tr>\n<td width=\"302\">Sizes<\/td>\n<td width=\"302\">36 37\u00a0 38\u00a0 39 40 41<\/td>\n<\/tr>\n<tr>\n<td width=\"302\">Material<\/td>\n<td width=\"302\">Suede - ecological<\/td>\n<\/tr>\n<tr>\n<td width=\"302\">Warming<\/td>\n<td width=\"302\">Yes<\/td>\n<\/tr>\n<tr>\n<td width=\"302\">Clasp<\/td>\n<td width=\"302\">No (slip-on)<\/td>\n<\/tr>\n<tr>\n<td width=\"302\">Collection<\/td>\n<td width=\"302\">Spring \/ Autumn \/ Summer \/ Winter<\/td>\n<\/tr>\n<\/tbody>\n<\/table>\n<div class=\"tabs tabs-bb clear mb-80\">\n<div class=\"tab-content\">\n<div id=\"tab-description\" class=\"tab-pane fade in woocommerce-Tabs-panel--description active\">\n<p style=\"text-align: center;\">\n<\/div>\n<\/div>\n<\/div>\n<section class=\"up-sells upsells products mb-80\"><\/section>\n<p style=\"text-align: left;\">Product Code: A3705<\/p>","protected":false},"excerpt":{"rendered":"<p>Botki Kowbojki Na P\u0142askim Obcasie Z \u0141a\u0144cuszkiem Czarne Modne damskie botki wykonane z zamszowej sk\u00f3ry ekologicznej w\u00a0czarnym kolorze.\u00a0Prezentowane botki zaopatrzono w ukryty koturn mierz\u0105cy oko\u0142o 7 cm.\u00a0Obcas w niezauwa\u017calny spos\u00f3b dodaje centymetr\u00f3w i wysmukla figur\u0119.\u00a0Wn\u0119trze oraz wk\u0142adka zosta\u0142y lekko ocieplone futerkiem- botki mo\u017cna nosi\u0107 r\u00f3wnie\u017c podczas ch\u0142odniejszych dni.\u00a0Te buty s\u0105 wsuwane. Na cholewce umieszczono charakterystyczne<\/p>\n<div class=\"klb-readmore post-buttons\"><a class=\"button black outline size-sm\" href=\"https:\/\/madelinefashion.pl\/en\/product\/botki-kowbojki-na-plaskim-obcasie-z-lancuszkiem-czarne\/\">Read More <i class=\"klbth-icon-right-arrow\"><\/i><\/a><\/div>","protected":false},"featured_media":30370,"template":"","meta":[],"product_brand":[],"product_cat":[400,395],"product_tag":[492],"class_list":{"0":"post-30391","1":"product","2":"type-product","3":"status-publish","4":"has-post-thumbnail","6":"product_cat-buty","7":"product_cat-nowosci","8":"product_tag-botki","10":"first","11":"instock","12":"sale","13":"purchasable","14":"product-type-variable"},"_links":{"self":[{"href":"https:\/\/madelinefashion.pl\/en\/wp-json\/wp\/v2\/product\/30391","targetHints":{"allow":["GET"]}}],"collection":[{"href":"https:\/\/madelinefashion.pl\/en\/wp-json\/wp\/v2\/product"}],"about":[{"href":"https:\/\/madelinefashion.pl\/en\/wp-json\/wp\/v2\/types\/product"}],"wp:featuredmedia":[{"embeddable":true,"href":"https:\/\/madelinefashion.pl\/en\/wp-json\/wp\/v2\/media\/30370"}],"wp:attachment":[{"href":"https:\/\/madelinefashion.pl\/en\/wp-json\/wp\/v2\/media?parent=30391"}],"wp:term":[{"taxonomy":"product_brand","embeddable":true,"href":"https:\/\/madelinefashion.pl\/en\/wp-json\/wp\/v2\/product_brand?post=30391"},{"taxonomy":"product_cat","embeddable":true,"href":"https:\/\/madelinefashion.pl\/en\/wp-json\/wp\/v2\/product_cat?post=30391"},{"taxonomy":"product_tag","embeddable":true,"href":"https:\/\/madelinefashion.pl\/en\/wp-json\/wp\/v2\/product_tag?post=30391"}],"curies":[{"name":"wp","href":"https:\/\/api.w.org\/{rel}","templated":true}]}}