{"id":30510,"date":"2022-03-02T15:04:26","date_gmt":"2022-03-02T14:04:26","guid":{"rendered":"https:\/\/madelinefashion.pl\/?post_type=product&#038;p=30510"},"modified":"2026-03-26T12:40:26","modified_gmt":"2026-03-26T11:40:26","slug":"klapki-letnie-damskie-z-futrem-naturalnym-cm-grafitowe","status":"publish","type":"product","link":"https:\/\/madelinefashion.pl\/en\/product\/klapki-letnie-damskie-z-futrem-naturalnym-cm-grafitowe\/","title":{"rendered":"Summer Women&#039;s Slippers With Natural Fur CM Graphite"},"content":{"rendered":"<h3 style=\"text-align: center;\">Summer Women&#039;s Slippers With Natural Fur CM Graphite<\/h3>\n<p style=\"text-align: center;\"><strong>Natural fur slippers !! Made with attention to every detail, it is a must-have in every wardrobe. They will look fashionable and are extremely comfortable! <\/strong>Slippers are a great proposition for women who value comfort on summer days! The shoes have a soft rubber sole. <strong>When choosing a size, please use the size chart.<\/strong><\/p>\n<p style=\"text-align: center;\"><strong>Extremely pleasant to the touch fur - At first glance, you can see the excellent quality and care of the shoes.<\/strong><\/p>\n<p style=\"text-align: center;\">Women&#039;s slippers on a springy sole. This model together with, for example, airy dress will create a fashionable summer look, and at the same time you will enjoy comfort at every step ... You can&#039;t miss it!<\/p>\n<p>&nbsp;<\/p>\n<table width=\"540\">\n<thead>\n<tr>\n<td width=\"216\"><strong>EU size<\/strong><\/td>\n<td width=\"316\"><strong>The length of the insert<\/strong><\/td>\n<\/tr>\n<\/thead>\n<tbody>\n<tr>\n<td width=\"216\"><strong>36<\/strong><\/td>\n<td width=\"316\">23 cm<\/td>\n<\/tr>\n<tr>\n<td width=\"216\"><strong>37<\/strong><\/td>\n<td width=\"316\">23.5 cm<\/td>\n<\/tr>\n<tr>\n<td width=\"216\"><strong>38<\/strong><\/td>\n<td width=\"316\">24 cm<\/td>\n<\/tr>\n<tr>\n<td width=\"216\"><strong>39<\/strong><\/td>\n<td width=\"316\">24.5 cm<\/td>\n<\/tr>\n<tr>\n<td width=\"216\"><strong>40<\/strong><\/td>\n<td width=\"316\">25.5 cm<\/td>\n<\/tr>\n<tr>\n<td width=\"216\"><strong>41<\/strong><\/td>\n<td width=\"316\">26 cm<\/td>\n<\/tr>\n<\/tbody>\n<\/table>\n<div class=\"wrap-content\">\n<div class=\"main-container container\">\n<div class=\"row\">\n<section class=\"main-content sidebar-left-false\">\n<div class=\"product-page page\">\n<div class=\"page-content\">\n<div id=\"ProductSizing\" class=\"product-sizing modal fade in\" tabindex=\"-1\" role=\"dialog\" aria-hidden=\"false\">\n<div class=\"modal-dialog\">\n<div class=\"modal-content\">\n<div class=\"widget html_editor\">\n<p>&nbsp;<\/p>\n<\/div>\n<p>&nbsp;<\/p>\n<\/div>\n<\/div>\n<\/div>\n<\/div>\n<\/div>\n<\/section>\n<\/div>\n<\/div>\n<\/div>\n<div class=\"wrap-footer\">\n<footer class=\"\">\n<div class=\"container\">\n<div class=\"footer-newsletter-box\"><\/div>\n<\/div>\n<\/footer>\n<\/div>\n<table>\n<tbody>\n<tr>\n<td width=\"302\">Model Name<\/td>\n<td width=\"302\">Summer Women&#039;s Slippers With Natural Fur<\/td>\n<\/tr>\n<tr>\n<td width=\"302\">Color<\/td>\n<td width=\"302\">Graphite<\/td>\n<\/tr>\n<tr>\n<td width=\"302\">Sizes<\/td>\n<td width=\"302\">36 37\u00a0 38\u00a0 39 40 41<\/td>\n<\/tr>\n<tr>\n<td width=\"302\">Sole<\/td>\n<td width=\"302\">Rubber<\/td>\n<\/tr>\n<tr>\n<td width=\"302\">Warming<\/td>\n<td width=\"302\">Not<\/td>\n<\/tr>\n<tr>\n<td width=\"302\">Clasp<\/td>\n<td width=\"302\">No (slip-on)<\/td>\n<\/tr>\n<tr>\n<td width=\"302\">Collection<\/td>\n<td width=\"302\">Spring \/ Fall \/ Summer<\/td>\n<\/tr>\n<\/tbody>\n<\/table>\n<div class=\"tabs tabs-bb clear mb-80\">\n<div class=\"tab-content\">\n<div id=\"tab-description\" class=\"tab-pane fade in woocommerce-Tabs-panel--description active\">\n<p style=\"text-align: center;\">\n<\/div>\n<\/div>\n<\/div>\n<section class=\"up-sells upsells products mb-80\"><\/section>\n<p style=\"text-align: left;\">Ck107<\/p>","protected":false},"excerpt":{"rendered":"<p>Klapki Letnie Damskie Z Futrem Naturalnym CM Grafitowe Klapki z futerkiem naturalnym!! Wykonane z dba\u0142o\u015bci\u0105 o ka\u017cdy szczeg\u00f3\u0142 to propozycja, kt\u00f3ra koniecznie powinna znale\u017a\u0107 si\u0119 w ka\u017cdej garderobie. Zaprezentuj\u0105 si\u0119 modnie, a do tego s\u0105 niezwykle wygodne! Klapki to \u015bwietna propozycja dla kobiet ceni\u0105cych sobie komfort w letnie dni! Buty posiadaj\u0105 mi\u0119kk\u0105 gumow\u0105 podeszw\u0119. Przy<\/p>\n<div class=\"klb-readmore post-buttons\"><a class=\"button black outline size-sm\" href=\"https:\/\/madelinefashion.pl\/en\/product\/klapki-letnie-damskie-z-futrem-naturalnym-cm-grafitowe\/\">Read More <i class=\"klbth-icon-right-arrow\"><\/i><\/a><\/div>","protected":false},"featured_media":30509,"template":"","meta":[],"product_brand":[],"product_cat":[400,380],"product_tag":[494],"class_list":{"0":"post-30510","1":"product","2":"type-product","3":"status-publish","4":"has-post-thumbnail","6":"product_cat-buty","7":"product_cat-wyprzedaz","8":"product_tag-klapki","10":"first","11":"instock","12":"sale","13":"purchasable","14":"product-type-variable"},"_links":{"self":[{"href":"https:\/\/madelinefashion.pl\/en\/wp-json\/wp\/v2\/product\/30510","targetHints":{"allow":["GET"]}}],"collection":[{"href":"https:\/\/madelinefashion.pl\/en\/wp-json\/wp\/v2\/product"}],"about":[{"href":"https:\/\/madelinefashion.pl\/en\/wp-json\/wp\/v2\/types\/product"}],"wp:featuredmedia":[{"embeddable":true,"href":"https:\/\/madelinefashion.pl\/en\/wp-json\/wp\/v2\/media\/30509"}],"wp:attachment":[{"href":"https:\/\/madelinefashion.pl\/en\/wp-json\/wp\/v2\/media?parent=30510"}],"wp:term":[{"taxonomy":"product_brand","embeddable":true,"href":"https:\/\/madelinefashion.pl\/en\/wp-json\/wp\/v2\/product_brand?post=30510"},{"taxonomy":"product_cat","embeddable":true,"href":"https:\/\/madelinefashion.pl\/en\/wp-json\/wp\/v2\/product_cat?post=30510"},{"taxonomy":"product_tag","embeddable":true,"href":"https:\/\/madelinefashion.pl\/en\/wp-json\/wp\/v2\/product_tag?post=30510"}],"curies":[{"name":"wp","href":"https:\/\/api.w.org\/{rel}","templated":true}]}}