{"id":30571,"date":"2022-03-03T14:26:42","date_gmt":"2022-03-03T13:26:42","guid":{"rendered":"https:\/\/madelinefashion.pl\/?post_type=product&#038;p=30571"},"modified":"2026-01-20T10:34:00","modified_gmt":"2026-01-20T09:34:00","slug":"koszula-mickey-mouse-disney-biala","status":"publish","type":"product","link":"https:\/\/madelinefashion.pl\/en\/product\/koszula-mickey-mouse-disney-biala\/","title":{"rendered":"Mickey Mouse Disney Shirt White"},"content":{"rendered":"<h3 style=\"text-align: center;\">Mickey Mouse Disney Shirt White<\/h3>\n<p style=\"text-align: center;\">Mickey Mouse patterned shirt on front and back. Sleeves can be attached to shorter ones. The model is available in white with a colorful print of iconic characters. Shirt with a cut\u00a0<b>oversize<\/b>Perfect for a set with jeans loose or tucked into pants.<\/p>\n<h3 style=\"text-align: center;\">\u00a0 \u00a0 \u00a0Dimensions:<\/h3>\n<ul style=\"text-align: center;\">\n<li style=\"list-style-type: none;\">\n<ul>\n<li>overall length: 70 cm<\/li>\n<li>width from armpit to armpit: 63-65 cm<\/li>\n<li>sleeve length from shoulder: 44 cm<\/li>\n<li>sleeve length from armpit: 34 cm<\/li>\n<\/ul>\n<p>Dimensions may slightly differ from the given +\/- 2cm. All dimensions given are measured flat. X2 dimension<\/li>\n<\/ul>\n<table style=\"height: 288px;\" width=\"432\">\n<tbody>\n<tr>\n<td>Model Name<\/td>\n<td>\n<p style=\"text-align: left;\">Mickey Mouse Disney shirt<\/p>\n<\/td>\n<\/tr>\n<tr>\n<td>Color<\/td>\n<td>White<\/td>\n<\/tr>\n<tr>\n<td>Collection<\/td>\n<td>Spring Summer Autumn Winter<\/td>\n<\/tr>\n<tr>\n<td>Size<\/td>\n<td>Universal<\/td>\n<\/tr>\n<tr>\n<td>Fashion<\/td>\n<td>Oversize<\/td>\n<\/tr>\n<tr>\n<td>Cleavage<\/td>\n<td>V neckline<\/td>\n<\/tr>\n<tr>\n<td>Composition of the materials<\/td>\n<td>polyester 97%, elastane 3%<\/td>\n<\/tr>\n<\/tbody>\n<\/table>\n<p style=\"text-align: center;\">The model has\u00a0<strong>169<\/strong>\u00a0cm tall, wears a size every day\u00a0<strong>S.<\/strong><\/p>\n<p style=\"text-align: center;\">The width at the bust is 92 cm<\/p>\n<p style=\"text-align: center;\">Waist width 62 cm<\/p>\n<p style=\"text-align: center;\">The width at the hips is 94 cm<strong>\u00a0<\/strong><\/p>","protected":false},"excerpt":{"rendered":"<p>Koszula Mickey Mouse Disney Bia\u0142a Koszula ze wzorem Myszki Mickey z przodu i z ty\u0142u. R\u0119kawy z mo\u017cliwo\u015bci\u0105 podpi\u0119cia na kr\u00f3tsze. Model wyst\u0119puje w kolorze bia\u0142ym z kolorowym nadrukiem kultowych postaci. Koszula o kroju\u00a0oversize, idealni sprawdzi si\u0119 w komplecie ze spodniami jeans puszczona lu\u017ano, lub wpuszczona w spodnie. \u00a0 \u00a0 \u00a0Wymiary: d\u0142ugo\u015b\u0107 ca\u0142kowita : 70<\/p>\n<div class=\"klb-readmore post-buttons\"><a class=\"button black outline size-sm\" href=\"https:\/\/madelinefashion.pl\/en\/product\/koszula-mickey-mouse-disney-biala\/\">Read More <i class=\"klbth-icon-right-arrow\"><\/i><\/a><\/div>","protected":false},"featured_media":75235,"template":"","meta":[],"product_brand":[],"product_cat":[92,395],"product_tag":[414],"class_list":{"0":"post-30571","1":"product","2":"type-product","3":"status-publish","4":"has-post-thumbnail","6":"product_cat-koszule","7":"product_cat-nowosci","8":"product_tag-koszule","10":"first","11":"outofstock","12":"sale","13":"purchasable","14":"product-type-simple"},"_links":{"self":[{"href":"https:\/\/madelinefashion.pl\/en\/wp-json\/wp\/v2\/product\/30571","targetHints":{"allow":["GET"]}}],"collection":[{"href":"https:\/\/madelinefashion.pl\/en\/wp-json\/wp\/v2\/product"}],"about":[{"href":"https:\/\/madelinefashion.pl\/en\/wp-json\/wp\/v2\/types\/product"}],"wp:featuredmedia":[{"embeddable":true,"href":"https:\/\/madelinefashion.pl\/en\/wp-json\/wp\/v2\/media\/75235"}],"wp:attachment":[{"href":"https:\/\/madelinefashion.pl\/en\/wp-json\/wp\/v2\/media?parent=30571"}],"wp:term":[{"taxonomy":"product_brand","embeddable":true,"href":"https:\/\/madelinefashion.pl\/en\/wp-json\/wp\/v2\/product_brand?post=30571"},{"taxonomy":"product_cat","embeddable":true,"href":"https:\/\/madelinefashion.pl\/en\/wp-json\/wp\/v2\/product_cat?post=30571"},{"taxonomy":"product_tag","embeddable":true,"href":"https:\/\/madelinefashion.pl\/en\/wp-json\/wp\/v2\/product_tag?post=30571"}],"curies":[{"name":"wp","href":"https:\/\/api.w.org\/{rel}","templated":true}]}}