{"id":3069,"date":"2020-11-24T12:16:17","date_gmt":"2020-11-24T11:16:17","guid":{"rendered":"http:\/\/serwer2078743.home.pl\/?post_type=product&#038;p=3069"},"modified":"2026-01-15T12:43:38","modified_gmt":"2026-01-15T11:43:38","slug":"plaszcz-granatowy-plus-size-z-flauszu","status":"publish","type":"product","link":"https:\/\/madelinefashion.pl\/en\/product\/plaszcz-granatowy-plus-size-z-flauszu\/","title":{"rendered":"Navy Plus Size Coat with Fleece"},"content":{"rendered":"<h2 style=\"text-align: center;\">Navy Plus Size Coat with Fleece<\/h2>\n<p style=\"text-align: center;\">\u00a0Navy coat z <strong>fleece<\/strong> - it is a combination of elegance, modernity and functionality - Color <strong>Navy\u00a0<\/strong> has not gone out of style for years. You can successfully wear it for everyday outings, work, family gatherings or even more important occasions. Thanks to the structure of the material, it will work better <strong>on colder days and during transitional periods<\/strong> or light <strong>winter<\/strong>. Size <strong>universal Plus Size <\/strong>\u00a0recommended for\u00a0 <strong>Mr<\/strong> wearing<strong> size<\/strong> <strong>44,46,48,50.<\/strong>\u00a0In the offer <strong>we have<\/strong> also smaller<strong> tied coats\u00a0<\/strong> recommended for SML XL We recommend\u00a0<strong>accurate measurement\u00a0<\/strong>according to the dimension table below. Available in our e-shop in several color variants, so do not hesitate and choose the one that is perfect for you. If you cannot decide which color is best for you, please contact us through\u00a0<strong>Facebook<\/strong>\u00a0or phone.<\/p>\n<h2 style=\"text-align: center;\">The coat is perfect for any occasion<\/h2>\n<h3 style=\"text-align: center;\">Plus Size Coat Dimensions:<\/h3>\n<ul style=\"text-align: center;\">\n<li style=\"text-align: center;\">total length back: 90 cm<\/li>\n<li style=\"text-align: center;\">width from armpit to armpit: 59 cm<\/li>\n<li style=\"text-align: center;\">sleeve length from the shoulder: 62 cm<\/li>\n<li style=\"text-align: center;\">sleeve length from armpit: 47 cm<\/li>\n<li style=\"text-align: center;\">recommended maximum bust circumference: 130-145 cm<\/li>\n<li style=\"text-align: center;\">bicep width: 39 cm<\/li>\n<\/ul>\n<p style=\"text-align: center;\"><strong>Product illustrative photo !!!<\/strong><\/p>\n<p style=\"text-align: center;\">Dimensions may slightly differ from the given +\/- 2cm. All dimensions given are measured flat.<\/p>\n<table width=\"615\">\n<tbody>\n<tr>\n<td width=\"302\">Model name<\/td>\n<td width=\"302\">Fleece coat Plus Size Navy Blue<\/td>\n<\/tr>\n<tr>\n<td width=\"302\">Color<\/td>\n<td width=\"302\">Navy<\/td>\n<\/tr>\n<tr>\n<td width=\"302\">Collection<\/td>\n<td width=\"302\">Spring \/ Autumn \/ Winter<\/td>\n<\/tr>\n<tr>\n<td width=\"302\">Sizes<\/td>\n<td width=\"302\">Universal (Plus Size)<\/td>\n<\/tr>\n<tr>\n<td width=\"302\">Fashion<\/td>\n<td width=\"302\">Oversize<\/td>\n<\/tr>\n<tr>\n<td width=\"302\">Hood<\/td>\n<td width=\"302\">Without the hood<\/td>\n<\/tr>\n<tr>\n<td width=\"302\">Pockets<\/td>\n<td width=\"302\">Yes<\/td>\n<\/tr>\n<tr>\n<td width=\"302\">Material<\/td>\n<td width=\"302\">Petersham<\/td>\n<\/tr>\n<\/tbody>\n<\/table>\n<p>&nbsp;<\/p>\n<p style=\"text-align: center;\">\u00a0The model has\u00a0<strong>173<\/strong>\u00a0cm tall in size <strong>Plus Size<\/strong><\/p>","protected":false},"excerpt":{"rendered":"<p>P\u0142aszcz Granatowy Plus Size z Flauszu \u00a0P\u0142aszcz granatowy z flauszu &#8211; jest to po\u0142\u0105czenie elegancji, nowoczesno\u015bci i funkcjonalno\u015bci \u2013 Kolor Granatowy\u00a0 nie wychodzi z mody od lat. Z powodzeniem mo\u017cesz go ubra\u0107 na codzienne wyj\u015bcia, do pracy, spotkanie rodzinne czy nawet na wa\u017cniejsz\u0105 okazj\u0119. Dzi\u0119ki strukturze materia\u0142u lepiej sprawdzi si\u0119 w ch\u0142odniejsze dni i okresy<\/p>\n<div class=\"klb-readmore post-buttons\"><a class=\"button black outline size-sm\" href=\"https:\/\/madelinefashion.pl\/en\/product\/plaszcz-granatowy-plus-size-z-flauszu\/\">Read More <i class=\"klbth-icon-right-arrow\"><\/i><\/a><\/div>","protected":false},"featured_media":3071,"template":"","meta":[],"product_brand":[],"product_cat":[102,279],"product_tag":[510],"class_list":{"0":"post-3069","1":"product","2":"type-product","3":"status-publish","4":"has-post-thumbnail","6":"product_cat-plaszcze-plus-size","7":"product_cat-plaszcze-wiosenne","8":"product_tag-plaszcze-flauszowe","10":"first","11":"instock","12":"sale","13":"purchasable","14":"product-type-simple"},"_links":{"self":[{"href":"https:\/\/madelinefashion.pl\/en\/wp-json\/wp\/v2\/product\/3069","targetHints":{"allow":["GET"]}}],"collection":[{"href":"https:\/\/madelinefashion.pl\/en\/wp-json\/wp\/v2\/product"}],"about":[{"href":"https:\/\/madelinefashion.pl\/en\/wp-json\/wp\/v2\/types\/product"}],"wp:featuredmedia":[{"embeddable":true,"href":"https:\/\/madelinefashion.pl\/en\/wp-json\/wp\/v2\/media\/3071"}],"wp:attachment":[{"href":"https:\/\/madelinefashion.pl\/en\/wp-json\/wp\/v2\/media?parent=3069"}],"wp:term":[{"taxonomy":"product_brand","embeddable":true,"href":"https:\/\/madelinefashion.pl\/en\/wp-json\/wp\/v2\/product_brand?post=3069"},{"taxonomy":"product_cat","embeddable":true,"href":"https:\/\/madelinefashion.pl\/en\/wp-json\/wp\/v2\/product_cat?post=3069"},{"taxonomy":"product_tag","embeddable":true,"href":"https:\/\/madelinefashion.pl\/en\/wp-json\/wp\/v2\/product_tag?post=3069"}],"curies":[{"name":"wp","href":"https:\/\/api.w.org\/{rel}","templated":true}]}}