{"id":30912,"date":"2022-03-09T15:27:31","date_gmt":"2022-03-09T14:27:31","guid":{"rendered":"https:\/\/madelinefashion.pl\/?post_type=product&#038;p=30912"},"modified":"2026-04-03T13:54:30","modified_gmt":"2026-04-03T11:54:30","slug":"ramoneska-czarna-jackson-zlote-napy","status":"publish","type":"product","link":"https:\/\/madelinefashion.pl\/en\/product\/ramoneska-czarna-jackson-zlote-napy\/","title":{"rendered":"Black Jackson Golden Snaps Biker Jacket"},"content":{"rendered":"<h3 style=\"text-align: center;\">Black Jackson Golden Snaps Biker Jacket<\/h3>\n<p style=\"text-align: center;\">A biker jacket made of ecological leather will be a perfect finishing touch to everyday and party outfits. The jacket is fastened with a zipper. The model has pockets, decorative buttons, ruffles and horizontal inserts, which gives it character.<br \/>\nExtremely impressive model is ideal as a jacket, but also as a cape or an addition to the entire styling, which will surely add an original finish to it.<\/p>\n<h3 style=\"text-align: center;\">Ramoneski dimensions:<\/h3>\n<p style=\"text-align: center;\"><strong>36 \/ S<\/strong><\/p>\n<p style=\"text-align: center;\">Total length - 59 cm<br \/>\nWidth in the shoulders - 38 cm<br \/>\nWidth from armpit to armpit - 41 cm<br \/>\nWidth at the bottom - 37 cm<br \/>\nSleeve length from the shoulder - 56 cm<br \/>\nSleeve length from armpit - 40 cm<br \/>\nBicep width - 15 cm<\/p>\n<p style=\"text-align: center;\"><strong>38 \/ M<\/strong><\/p>\n<p style=\"text-align: center;\">Total length - 60 cm<br \/>\nWidth in the shoulders - 39 cm<br \/>\nWidth from armpit to armpit - 42 cm<br \/>\nWidth at the bottom - 38 cm<br \/>\nSleeve length from the shoulder - 57 cm<br \/>\nSleeve length from the armpit - 41 cm<br \/>\nBicep width - 16 cm<br \/>\n<strong>40 \/ L<br \/>\n<\/strong>Total length - 61 cm<br \/>\nShoulder width - 42 cm<br \/>\nWidth from armpit to armpit - 45 cm<br \/>\nWidth at the bottom - 39 cm<br \/>\nSleeve length from the shoulder - 58 cm<br \/>\nSleeve length from armpit - 42 cm<br \/>\nBicep width - 17 cm<\/p>\n<p style=\"text-align: center;\"><strong>42 \/ XL<br \/>\n<\/strong>Total length - 61 cm<br \/>\nShoulder width - 46 cm<br \/>\nWidth from armpit to armpit - 48 cm<br \/>\nWidth at the bottom - 41 cm<br \/>\nSleeve length from the shoulder - 59 cm<br \/>\nSleeve length from armpit - 43 cm<br \/>\nBicep width - 18 cm<\/p>\n<p style=\"text-align: center;\"><strong>44 \/ XXL<br \/>\n<\/strong>Total length - 62 cm<br \/>\nShoulder width - 48 cm<br \/>\nWidth from armpit to armpit - 53 cm<br \/>\nWidth at the bottom - 42 cm<br \/>\nSleeve length from the shoulder - 60 cm<br \/>\nSleeve length from armpit - 44 cm<br \/>\nWidth in the biceps - 19 cm<\/p>\n<p style=\"text-align: center;\"><strong>46 \/ XXXL<br \/>\n<\/strong>Total length \u2013 63 cm<br \/>\nShoulder width \u2013 50 cm<br \/>\nWidth from armpit to armpit \u2013 56 cm<br \/>\nWidth at the bottom \u2013 44 cm<br \/>\nSleeve length from the shoulder - 62 cm<br \/>\nSleeve length from armpit - 46 cm<br \/>\nBicep width - 22 cm<\/p>\n<p>&nbsp;<\/p>\n<p>&nbsp;<\/p>\n<p style=\"text-align: center;\"><span style=\"font-size: 10pt;\">Dimensions may slightly differ from the given +\/- 2cm. All dimensions given are measured flat.<\/span><\/p>\n<p>&nbsp;<\/p>\n<table>\n<tbody>\n<tr>\n<td width=\"302\">Model name<\/td>\n<td width=\"302\">Black Jackson Golden Snaps Biker Jacket<\/td>\n<\/tr>\n<tr>\n<td width=\"302\">Color<\/td>\n<td width=\"302\">Black<\/td>\n<\/tr>\n<tr>\n<td width=\"302\">Sizes<\/td>\n<td width=\"302\">SML XL XXL<\/td>\n<\/tr>\n<tr>\n<td width=\"302\">Fashion<\/td>\n<td width=\"302\">Matched<\/td>\n<\/tr>\n<tr>\n<td width=\"302\">Hood<\/td>\n<td width=\"302\">Without the hood<\/td>\n<\/tr>\n<tr>\n<td width=\"302\">Warmed up<\/td>\n<td width=\"302\">Uninsulated<\/td>\n<\/tr>\n<\/tbody>\n<\/table>\n<p style=\"text-align: center;\">","protected":false},"excerpt":{"rendered":"<p>Ramoneska Czarna Jackson Z\u0142ote Napy Kurtka ramoneska wykonana z ekologicznej sk\u00f3ry, b\u0119dzie doskona\u0142ym wyko\u0144czeniem codziennych i imprezowych kreacji. Kurtka zapinana jest na suwak b\u0142yskawiczny. Model posiada\u00a0kieszenie, ozdobne guziki, marszczenia oraz poziome wstawki co nadaje jej charakteru. Niezwykle efektowny model idealnie nadaje si\u0119 jako kurtka ale tak\u017ce jako narzutka lub dodatek do ca\u0142o\u015bci stylizacji, kt\u00f3ry na<\/p>\n<div class=\"klb-readmore post-buttons\"><a class=\"button black outline size-sm\" href=\"https:\/\/madelinefashion.pl\/en\/product\/ramoneska-czarna-jackson-zlote-napy\/\">Read More <i class=\"klbth-icon-right-arrow\"><\/i><\/a><\/div>","protected":false},"featured_media":557772,"template":"","meta":[],"product_brand":[],"product_cat":[117,395],"product_tag":[295],"class_list":{"0":"post-30912","1":"product","2":"type-product","3":"status-publish","4":"has-post-thumbnail","6":"product_cat-kurtki","7":"product_cat-nowosci","8":"product_tag-ramoneski","9":"pa_rozmiar-l","10":"pa_rozmiar-xl","11":"pa_rozmiar-xxl","12":"pa_rozmiar-xxxl-46","13":"pa_rozmiar-s","14":"pa_rozmiar-m","16":"first","17":"instock","18":"sale","19":"purchasable","20":"product-type-variable"},"_links":{"self":[{"href":"https:\/\/madelinefashion.pl\/en\/wp-json\/wp\/v2\/product\/30912","targetHints":{"allow":["GET"]}}],"collection":[{"href":"https:\/\/madelinefashion.pl\/en\/wp-json\/wp\/v2\/product"}],"about":[{"href":"https:\/\/madelinefashion.pl\/en\/wp-json\/wp\/v2\/types\/product"}],"wp:featuredmedia":[{"embeddable":true,"href":"https:\/\/madelinefashion.pl\/en\/wp-json\/wp\/v2\/media\/557772"}],"wp:attachment":[{"href":"https:\/\/madelinefashion.pl\/en\/wp-json\/wp\/v2\/media?parent=30912"}],"wp:term":[{"taxonomy":"product_brand","embeddable":true,"href":"https:\/\/madelinefashion.pl\/en\/wp-json\/wp\/v2\/product_brand?post=30912"},{"taxonomy":"product_cat","embeddable":true,"href":"https:\/\/madelinefashion.pl\/en\/wp-json\/wp\/v2\/product_cat?post=30912"},{"taxonomy":"product_tag","embeddable":true,"href":"https:\/\/madelinefashion.pl\/en\/wp-json\/wp\/v2\/product_tag?post=30912"}],"curies":[{"name":"wp","href":"https:\/\/api.w.org\/{rel}","templated":true}]}}