{"id":31564,"date":"2022-03-16T15:41:55","date_gmt":"2022-03-16T14:41:55","guid":{"rendered":"https:\/\/madelinefashion.pl\/?post_type=product&#038;p=31564"},"modified":"2025-10-14T12:11:49","modified_gmt":"2025-10-14T10:11:49","slug":"spodnica-olowkowa-jeansowa-w-gwiazdy-tokio","status":"publish","type":"product","link":"https:\/\/madelinefashion.pl\/en\/product\/spodnica-olowkowa-jeansowa-w-gwiazdy-tokio\/","title":{"rendered":"Pencil Denim Skirt In Tokyo Stars"},"content":{"rendered":"<h3 style=\"text-align: center;\">Pencil Denim Skirt In Tokyo Stars<\/h3>\n<p style=\"text-align: center;\">Fashionable, fitted skirt with fashionable print\u00a0<strong>stars give it a rock character.\u00a0<\/strong>A very feminine proposition in combination with a smooth top will be perfect every day. The pencil-cut skirt beautifully emphasizes the feminine shapes, perfectly fits the figure and slims it thanks to the cut and print. Fashionable fraying and abrasions at the bottom of the skirt make it impossible to pass by it indifferently -\u00a0<strong>you must have it!<\/strong><\/p>\n<p style=\"text-align: center;\">The skirt is available in size XS SML XL. When choosing a size, please use the dimensions table.<\/p>\n<h3 style=\"text-align: center;\">Dimensions:<\/h3>\n<p style=\"text-align: center;\"><strong>34 \/ XS<\/strong><\/p>\n<p style=\"text-align: center;\">Total length front: 43 cm<br \/>\nWaist width: 37 cm<br \/>\nHips: 42-44 cm<\/p>\n<p style=\"text-align: center;\"><strong>36 \/ S<\/strong><\/p>\n<p style=\"text-align: center;\">Total length front: 44 cm<br \/>\nWaist width: 38 cm<br \/>\nHips: 44-46 cm<\/p>\n<p style=\"text-align: center;\"><strong>38 \/ M<\/strong><\/p>\n<p style=\"text-align: center;\">Total length front: 45 cm<br \/>\nWaist width: 39 cm<br \/>\nHips: 46-48 cm<\/p>\n<p style=\"text-align: center;\"><strong>40 \/ L<\/strong><\/p>\n<p style=\"text-align: center;\">Total length front: 45 cm<br \/>\nWaist width: 41 cm<br \/>\nHips: 48-50 cm<\/p>\n<p style=\"text-align: center;\"><strong>42 \/ XL<\/strong><\/p>\n<p style=\"text-align: center;\">Total length front: 45 cm<br \/>\nWaist width: 43 cm<br \/>\nHips: 50-52 cm<\/p>\n<p style=\"text-align: center;\">Dimensions may slightly differ from the given +\/- 2cm. All dimensions are provided\u00a0<strong>measured flat<\/strong>.\u00a0<strong>X2 dimension<\/strong><\/p>\n<table>\n<tbody>\n<tr>\n<td width=\"302\">Model name<\/td>\n<td width=\"302\">Pencil Denim Skirt In Tokyo Stars<\/td>\n<\/tr>\n<tr>\n<td width=\"302\">Color<\/td>\n<td width=\"302\">Jeans<\/td>\n<\/tr>\n<tr>\n<td width=\"302\">Sizes<\/td>\n<td width=\"302\">XS SML XL<\/td>\n<\/tr>\n<tr>\n<td width=\"302\">Fashion<\/td>\n<td width=\"302\">Pencil<\/td>\n<\/tr>\n<tr>\n<td width=\"302\">Material<\/td>\n<td width=\"302\">85% cotton, 10% polyester, 5% elastane<\/td>\n<\/tr>\n<\/tbody>\n<\/table>\n<p>&nbsp;<\/p>\n<p style=\"text-align: center;\">\u00a0The model has\u00a0<strong>169<\/strong>\u00a0cm tall, wears a size every day\u00a0<strong>S.<\/strong><\/p>\n<p style=\"text-align: center;\">The width at the bust is 92 cm<\/p>\n<p style=\"text-align: center;\">Waist width 62 cm<\/p>\n<p style=\"text-align: center;\">The width at the hips is 94 cm<\/p>","protected":false},"excerpt":{"rendered":"<p>Sp\u00f3dnica O\u0142\u00f3wkowa Jeansowa W Gwiazdy Tokio Modna, dopasowana sp\u00f3dnica w modny print\u00a0gwiazdki dodaje jej rockowego charakteru.\u00a0Bardzo kobieca propozycja w po\u0142\u0105czeniu z g\u0142adkim topem nada si\u0119 ka\u017cdego dnia. Sp\u00f3dnica o kroju o\u0142\u00f3wkowym pi\u0119knie podkre\u015bla kobiece kszta\u0142ty, idealnie dopasowuje si\u0119 do sylwetki i j\u0105 wyszczupla dzi\u0119ki fasonowi oraz nadrukowi. Modne strz\u0119pienia oraz przetarcia na dole sp\u00f3dnicy sprawiaj\u0105<\/p>\n<div class=\"klb-readmore post-buttons\"><a class=\"button black outline size-sm\" href=\"https:\/\/madelinefashion.pl\/en\/product\/spodnica-olowkowa-jeansowa-w-gwiazdy-tokio\/\">Read More <i class=\"klbth-icon-right-arrow\"><\/i><\/a><\/div>","protected":false},"featured_media":31324,"template":"","meta":[],"product_brand":[],"product_cat":[121,395],"product_tag":[],"class_list":{"0":"post-31564","1":"product","2":"type-product","3":"status-publish","4":"has-post-thumbnail","6":"product_cat-mini","7":"product_cat-nowosci","8":"pa_rozmiar-34-42-142","9":"pa_rozmiar-34-42-36-2","10":"pa_rozmiar-34-42-38-2","11":"pa_rozmiar-34-42-40-2","12":"pa_rozmiar-34-42-42-2","14":"first","15":"instock","16":"product-type-variable"},"_links":{"self":[{"href":"https:\/\/madelinefashion.pl\/en\/wp-json\/wp\/v2\/product\/31564","targetHints":{"allow":["GET"]}}],"collection":[{"href":"https:\/\/madelinefashion.pl\/en\/wp-json\/wp\/v2\/product"}],"about":[{"href":"https:\/\/madelinefashion.pl\/en\/wp-json\/wp\/v2\/types\/product"}],"wp:featuredmedia":[{"embeddable":true,"href":"https:\/\/madelinefashion.pl\/en\/wp-json\/wp\/v2\/media\/31324"}],"wp:attachment":[{"href":"https:\/\/madelinefashion.pl\/en\/wp-json\/wp\/v2\/media?parent=31564"}],"wp:term":[{"taxonomy":"product_brand","embeddable":true,"href":"https:\/\/madelinefashion.pl\/en\/wp-json\/wp\/v2\/product_brand?post=31564"},{"taxonomy":"product_cat","embeddable":true,"href":"https:\/\/madelinefashion.pl\/en\/wp-json\/wp\/v2\/product_cat?post=31564"},{"taxonomy":"product_tag","embeddable":true,"href":"https:\/\/madelinefashion.pl\/en\/wp-json\/wp\/v2\/product_tag?post=31564"}],"curies":[{"name":"wp","href":"https:\/\/api.w.org\/{rel}","templated":true}]}}