{"id":3164,"date":"2020-11-24T19:33:39","date_gmt":"2020-11-24T18:33:39","guid":{"rendered":"http:\/\/serwer2078743.home.pl\/?post_type=product&#038;p=3164"},"modified":"2026-03-01T12:58:45","modified_gmt":"2026-03-01T11:58:45","slug":"komplet-zimowy-czapka-komin-tuba-multi-km05","status":"publish","type":"product","link":"https:\/\/madelinefashion.pl\/en\/product\/komplet-zimowy-czapka-komin-tuba-multi-km05\/","title":{"rendered":"Winter Set Cap + Chimney Tuba Multi KM05"},"content":{"rendered":"<h3 style=\"text-align: center;\">Winter Set Cap + Chimney Tuba Multi KM05<\/h3>\n<div class=\"_1voj4 _z9prt _1xzdi _ai5yc _5d6n2 _15lj1\" style=\"text-align: center;\">\n<div class=\"_2d49e_5pK0q\">\n<p><b>Women&#039;s winter set<\/b> a hat with a chimney in fashionable colors, irreplaceable during cold autumn and winter days.\u00a0<b>Perfect<\/b> goes well with various stylizations! Set made of\u00a0<b>high-quality<\/b>\u00a0yarn. Soft, non-scratchy and pleasant to the touch material. The whole provides a sense of comfort and excellent\u00a0<b>protection against cold<\/b>\u00a0during unfavorable weather conditions.<\/p>\n<\/div>\n<\/div>\n<div class=\"_1voj4 _z9prt _1xzdi _ai5yc _5d6n2 _15lj1\" style=\"text-align: center;\">\n<div class=\"_4lbi0 _6kfrx _ur8qq _u5o1q _1xm8p _1agsg\">\n<div class=\"_18vat _10a7o _1yhvf _7ccvy\"><\/div>\n<\/div>\n<\/div>\n<h3 style=\"text-align: center;\">Dimensions :<\/h3>\n<p style=\"text-align: center;\"><b>Hat:<\/b><\/p>\n<ul style=\"text-align: center;\">\n<li>Universal size,<\/li>\n<li>Comfortable, does not compress the head, freely adjusts to its shape,<\/li>\n<li>Hat height: 24 cm,<\/li>\n<li>Cap circumference: 2 x 23 cm (measured flat)<\/li>\n<\/ul>\n<p style=\"text-align: center;\"><b>Chimney:<\/b><\/p>\n<ul style=\"text-align: center;\">\n<li>Tube type, worn at once,<\/li>\n<li>Provides a comfortable feeling of warmth<\/li>\n<li>Height of the chimney: 35 cm,<\/li>\n<li>Chimney circumference: 2 x 28 cm (measured flat)<\/li>\n<\/ul>\n<p>&nbsp;<\/p>\n<p>&nbsp;<\/p>\n<table class=\"aligncenter\" style=\"margin-left: auto; margin-right: auto; height: 192px;\" width=\"611\">\n<tbody>\n<tr>\n<td width=\"302\">Model<\/td>\n<td width=\"302\">Winter set Cap + Chimney<\/td>\n<\/tr>\n<tr>\n<td width=\"302\">Color<\/td>\n<td width=\"302\">Multi<\/td>\n<\/tr>\n<tr>\n<td width=\"302\">Collection<\/td>\n<td width=\"302\">Spring \/ Fall \/ Winter<\/td>\n<\/tr>\n<tr>\n<td width=\"302\">Sizes<\/td>\n<td width=\"302\">Universal<\/td>\n<\/tr>\n<tr>\n<td width=\"302\">Kids<\/td>\n<td width=\"302\">from 3 years<\/td>\n<\/tr>\n<tr>\n<td width=\"302\">Production<\/td>\n<td width=\"302\">Poland<\/td>\n<\/tr>\n<tr>\n<td width=\"302\">Material<\/td>\n<td width=\"302\">85% Acrylic 15 % Nylon<\/td>\n<\/tr>\n<\/tbody>\n<\/table>","protected":false},"excerpt":{"rendered":"<p>Komplet Zimowy Czapka + Komin Tuba Multi KM05 Damski komplet zimowy czapka z kominem w modnej kolorystyce, niezast\u0105piony podczas ch\u0142odnych jesienno-zimowych dni.\u00a0Znakomicie komponuje si\u0119 z przer\u00f3\u017cnymi stylizacjami! Komplet wykonany z\u00a0wysokiej jako\u015bci\u00a0prz\u0119dzy. Mi\u0119kki, niegryz\u0105cy i przyjemny w dotyku materia\u0142. Ca\u0142o\u015b\u0107 zapewnia poczucie komfortu i znakomit\u0105\u00a0ochron\u0119 przed ch\u0142odem\u00a0podczas niesprzyjaj\u0105cych warunk\u00f3w atmosferycznych. Wymiary : Czapka: Rozmiar uniwersalny, Wygodna,<\/p>\n<div class=\"klb-readmore post-buttons\"><a class=\"button black outline size-sm\" href=\"https:\/\/madelinefashion.pl\/en\/product\/komplet-zimowy-czapka-komin-tuba-multi-km05\/\">Read More <i class=\"klbth-icon-right-arrow\"><\/i><\/a><\/div>","protected":false},"featured_media":62345,"template":"","meta":[],"product_brand":[],"product_cat":[115],"product_tag":[],"class_list":{"0":"post-3164","1":"product","2":"type-product","3":"status-publish","4":"has-post-thumbnail","6":"product_cat-czapki","8":"first","9":"instock","10":"sale","11":"purchasable","12":"product-type-simple"},"_links":{"self":[{"href":"https:\/\/madelinefashion.pl\/en\/wp-json\/wp\/v2\/product\/3164","targetHints":{"allow":["GET"]}}],"collection":[{"href":"https:\/\/madelinefashion.pl\/en\/wp-json\/wp\/v2\/product"}],"about":[{"href":"https:\/\/madelinefashion.pl\/en\/wp-json\/wp\/v2\/types\/product"}],"wp:featuredmedia":[{"embeddable":true,"href":"https:\/\/madelinefashion.pl\/en\/wp-json\/wp\/v2\/media\/62345"}],"wp:attachment":[{"href":"https:\/\/madelinefashion.pl\/en\/wp-json\/wp\/v2\/media?parent=3164"}],"wp:term":[{"taxonomy":"product_brand","embeddable":true,"href":"https:\/\/madelinefashion.pl\/en\/wp-json\/wp\/v2\/product_brand?post=3164"},{"taxonomy":"product_cat","embeddable":true,"href":"https:\/\/madelinefashion.pl\/en\/wp-json\/wp\/v2\/product_cat?post=3164"},{"taxonomy":"product_tag","embeddable":true,"href":"https:\/\/madelinefashion.pl\/en\/wp-json\/wp\/v2\/product_tag?post=3164"}],"curies":[{"name":"wp","href":"https:\/\/api.w.org\/{rel}","templated":true}]}}