{"id":31642,"date":"2022-03-16T17:08:55","date_gmt":"2022-03-16T16:08:55","guid":{"rendered":"https:\/\/madelinefashion.pl\/?post_type=product&#038;p=31642"},"modified":"2025-09-09T10:31:20","modified_gmt":"2025-09-09T08:31:20","slug":"ponczo-z-paskiem-azteckie-wzory-bezowe","status":"publish","type":"product","link":"https:\/\/madelinefashion.pl\/en\/product\/ponczo-z-paskiem-azteckie-wzory-bezowe\/","title":{"rendered":"Poncho With Belt Aztec Beige Patterns"},"content":{"rendered":"<h3 style=\"text-align: center;\">Poncho With Belt Aztec Beige Patterns<\/h3>\n<p style=\"text-align: center;\">A beautiful poncho in a universal pattern that fits into most styles and is suitable for everyday and occasional outings. The set includes a belt in the color of the poncho fabric. It can be used as a dress or tunic in combination with stockings or leggings. A beautiful, feminine neckline that will emphasize the line of the neck and shoulders will add subtlety to the whole outfit. The poncho model comes in two different colors and comes in one universal size.<\/p>\n<h3 style=\"text-align: center;\">Dimensions:<\/h3>\n<ul>\n<li style=\"list-style-type: none;\">\n<ul>\n<li style=\"text-align: center;\">overall length: 91 cm<\/li>\n<li style=\"text-align: center;\">waist width: 56 cm (adjustable with a strap)<\/li>\n<li style=\"text-align: center;\">strap length: 102 cm<\/li>\n<li style=\"text-align: center;\"><\/li>\n<\/ul>\n<\/li>\n<\/ul>\n<p style=\"text-align: center;\"><span style=\"font-size: 10pt;\">Dimensions may slightly differ from the given +\/- 2cm. All dimensions given are measured flat.<\/span><\/p>\n<p style=\"text-align: center;\"><span style=\"font-size: 10pt;\">\u00a0<\/span><\/p>\n<table width=\"621\">\n<tbody>\n<tr>\n<td width=\"302\">Model name<\/td>\n<td width=\"302\">Aztec Patterned Poncho With Stripe<\/td>\n<\/tr>\n<tr>\n<td width=\"302\">Color<\/td>\n<td width=\"302\">Without<\/td>\n<\/tr>\n<tr>\n<td width=\"302\">Fashion<\/td>\n<td width=\"302\">Oversize<\/td>\n<\/tr>\n<tr>\n<td width=\"302\">Material<\/td>\n<td width=\"302\">95 % Polyester 5% Elastane<\/td>\n<\/tr>\n<tr>\n<td width=\"302\">Length<\/td>\n<td width=\"302\">Above the knee<\/td>\n<\/tr>\n<\/tbody>\n<\/table>\n<p>&nbsp;<\/p>\n<p style=\"text-align: center;\">\u00a0The model has\u00a0<strong>169<\/strong>\u00a0cm tall, wears a size every day\u00a0<strong>S.<\/strong><\/p>\n<p style=\"text-align: center;\">The width at the bust is 92 cm<\/p>\n<p style=\"text-align: center;\">Waist width 62 cm<\/p>\n<p style=\"text-align: center;\">The width at the hips is 94 cm<\/p>\n<div class=\"additional-details\" style=\"text-align: center;\">\n<p style=\"text-align: center;\">\n<\/div>","protected":false},"excerpt":{"rendered":"<p>Ponczo Z Paskiem Azteckie Wzory Be\u017cowe Pi\u0119kne ponczo w uniwersalny wz\u00f3r, kt\u00f3ry wpasuje si\u0119 we wi\u0119kszo\u015b\u0107 stylizacji oraz nada si\u0119 na co dzie\u0144 jak i na okazjonalne wyj\u015bcia. W zestawie znajduje si\u0119 pasek w kolorze tkaniny z jakiej wykonane jest ponczo. Mo\u017ce s\u0142u\u017cy\u0107 jako sukienka lub tunika w po\u0142\u0105czeniu z po\u0144czochami lub legginsami. Pi\u0119kny, kobiecy<\/p>\n<div class=\"klb-readmore post-buttons\"><a class=\"button black outline size-sm\" href=\"https:\/\/madelinefashion.pl\/en\/product\/ponczo-z-paskiem-azteckie-wzory-bezowe\/\">Read More <i class=\"klbth-icon-right-arrow\"><\/i><\/a><\/div>","protected":false},"featured_media":0,"template":"","meta":[],"product_brand":[],"product_cat":[125,395],"product_tag":[],"class_list":{"0":"post-31642","1":"product","2":"type-product","3":"status-publish","5":"product_cat-sukienki","6":"product_cat-nowosci","8":"first","9":"outofstock","10":"purchasable","11":"product-type-simple"},"_links":{"self":[{"href":"https:\/\/madelinefashion.pl\/en\/wp-json\/wp\/v2\/product\/31642","targetHints":{"allow":["GET"]}}],"collection":[{"href":"https:\/\/madelinefashion.pl\/en\/wp-json\/wp\/v2\/product"}],"about":[{"href":"https:\/\/madelinefashion.pl\/en\/wp-json\/wp\/v2\/types\/product"}],"wp:attachment":[{"href":"https:\/\/madelinefashion.pl\/en\/wp-json\/wp\/v2\/media?parent=31642"}],"wp:term":[{"taxonomy":"product_brand","embeddable":true,"href":"https:\/\/madelinefashion.pl\/en\/wp-json\/wp\/v2\/product_brand?post=31642"},{"taxonomy":"product_cat","embeddable":true,"href":"https:\/\/madelinefashion.pl\/en\/wp-json\/wp\/v2\/product_cat?post=31642"},{"taxonomy":"product_tag","embeddable":true,"href":"https:\/\/madelinefashion.pl\/en\/wp-json\/wp\/v2\/product_tag?post=31642"}],"curies":[{"name":"wp","href":"https:\/\/api.w.org\/{rel}","templated":true}]}}