{"id":31710,"date":"2022-03-17T18:55:56","date_gmt":"2022-03-17T17:55:56","guid":{"rendered":"https:\/\/madelinefashion.pl\/?post_type=product&#038;p=31710"},"modified":"2025-09-09T10:31:20","modified_gmt":"2025-09-09T08:31:20","slug":"sukienka-hiszpanka-z-falbanami-kaszmir-fuksja-2","status":"publish","type":"product","link":"https:\/\/madelinefashion.pl\/en\/product\/sukienka-hiszpanka-z-falbanami-kaszmir-fuksja-2\/","title":{"rendered":"Spanish dress with frills Kashmir Fuchsia"},"content":{"rendered":"<h3 style=\"text-align: center;\">Spanish dress with frills Kashmir Fuchsia<\/h3>\n<p style=\"text-align: center;\">The dress is made of airy material that is pleasant to the touch. The top of the dress with a Spanish cut, an elastic band at the waist, which allows the dress to fit the figure. <strong>Dress<\/strong> with fashionable, airy frills. Perfect for summer days, but also perfect for everyday use and parties. For school, work, on a date or meeting with friends! <strong>Perfect for any time and occasion! Incredibly feminine, elegant dress<\/strong> has a lining and an elegant tied belt included. The dress has a lining and long sleeves finished with a decorative welt. Dress in a universal size recommended from<strong> S to XL.<\/strong> Available in several colors. Airy cut ensures comfort of movements. The perfect proposition for weddings, weddings, family celebrations, banquets.<\/p>\n<h3 style=\"text-align: center;\">Dimensions:<\/h3>\n<ul>\n<li style=\"list-style-type: none;\">\n<ul>\n<li style=\"text-align: center;\">total length 87 cm<\/li>\n<li style=\"text-align: center;\">width from armpit to armpit: 43-50 cm<\/li>\n<li style=\"text-align: center;\">sleeve length from shoulder: 50 cm<\/li>\n<li style=\"text-align: center;\">sleeve length from armpit 38 cm<\/li>\n<li style=\"text-align: center;\">waist width: 30-50 cm (elastic band)<\/li>\n<\/ul>\n<\/li>\n<\/ul>\n<p style=\"text-align: center;\"><span style=\"font-size: 10pt;\">Dimensions may slightly differ from the given +\/- 2cm. All dimensions given are measured flat.<\/span><\/p>\n<p style=\"text-align: center;\"><span style=\"font-size: 10pt;\">\u00a0<\/span><\/p>\n<table width=\"621\">\n<tbody>\n<tr>\n<td width=\"302\">Model name<\/td>\n<td width=\"302\">Spanish dress with frills Kashmir<\/td>\n<\/tr>\n<tr>\n<td width=\"302\">Color<\/td>\n<td width=\"302\">Khaki<\/td>\n<\/tr>\n<tr>\n<td width=\"302\">Fashion<\/td>\n<td width=\"302\">Flared<\/td>\n<\/tr>\n<tr>\n<td width=\"302\">Material<\/td>\n<td width=\"302\">95 % Polyester 5% Elastane<\/td>\n<\/tr>\n<tr>\n<td width=\"302\">Length<\/td>\n<td width=\"302\">At knee<\/td>\n<\/tr>\n<\/tbody>\n<\/table>\n<p>&nbsp;<\/p>\n<p style=\"text-align: center;\">\u00a0The model has\u00a0<strong>169<\/strong>\u00a0cm tall, wears a size every day\u00a0<strong>S.<\/strong><\/p>\n<p style=\"text-align: center;\">The width at the bust is 92 cm<\/p>\n<p style=\"text-align: center;\">Waist width 62 cm<\/p>\n<p style=\"text-align: center;\">The width at the hips is 94 cm<\/p>\n<div class=\"additional-details\" style=\"text-align: center;\">\n<p style=\"text-align: center;\">\n<\/div>","protected":false},"excerpt":{"rendered":"<p>Sukienka Hiszpanka z Falbanami Kaszmir Fuksja Sukienka wykonana jest\u00a0 z przyjemnego w dotyku\u00a0 zwiewnego materia\u0142u. G\u00f3ra sukienki o kroju hiszpanki, w tali gumka, kt\u00f3ra umo\u017cliwia dopasowanie si\u0119 sukienki do sylwetki. Sukienka z modnymi, zwiewnymi falbankami. \u015awietnie sprawdzi si\u0119 w letnie dni ale tak\u017ce b\u0119dzie idealna zar\u00f3wno na co dzie\u0144 jak i na imprezy. Do szko\u0142y,<\/p>\n<div class=\"klb-readmore post-buttons\"><a class=\"button black outline size-sm\" href=\"https:\/\/madelinefashion.pl\/en\/product\/sukienka-hiszpanka-z-falbanami-kaszmir-fuksja-2\/\">Read More <i class=\"klbth-icon-right-arrow\"><\/i><\/a><\/div>","protected":false},"featured_media":31310,"template":"","meta":[],"product_brand":[],"product_cat":[125],"product_tag":[],"class_list":{"0":"post-31710","1":"product","2":"type-product","3":"status-publish","4":"has-post-thumbnail","6":"product_cat-sukienki","8":"first","9":"outofstock","10":"purchasable","11":"product-type-simple"},"_links":{"self":[{"href":"https:\/\/madelinefashion.pl\/en\/wp-json\/wp\/v2\/product\/31710","targetHints":{"allow":["GET"]}}],"collection":[{"href":"https:\/\/madelinefashion.pl\/en\/wp-json\/wp\/v2\/product"}],"about":[{"href":"https:\/\/madelinefashion.pl\/en\/wp-json\/wp\/v2\/types\/product"}],"wp:featuredmedia":[{"embeddable":true,"href":"https:\/\/madelinefashion.pl\/en\/wp-json\/wp\/v2\/media\/31310"}],"wp:attachment":[{"href":"https:\/\/madelinefashion.pl\/en\/wp-json\/wp\/v2\/media?parent=31710"}],"wp:term":[{"taxonomy":"product_brand","embeddable":true,"href":"https:\/\/madelinefashion.pl\/en\/wp-json\/wp\/v2\/product_brand?post=31710"},{"taxonomy":"product_cat","embeddable":true,"href":"https:\/\/madelinefashion.pl\/en\/wp-json\/wp\/v2\/product_cat?post=31710"},{"taxonomy":"product_tag","embeddable":true,"href":"https:\/\/madelinefashion.pl\/en\/wp-json\/wp\/v2\/product_tag?post=31710"}],"curies":[{"name":"wp","href":"https:\/\/api.w.org\/{rel}","templated":true}]}}