{"id":32015,"date":"2022-03-18T15:07:21","date_gmt":"2022-03-18T14:07:21","guid":{"rendered":"https:\/\/madelinefashion.pl\/?post_type=product&#038;p=32015"},"modified":"2025-10-01T07:34:40","modified_gmt":"2025-10-01T05:34:40","slug":"spodnie-gladkie-wiazane-solaris-czerwone","status":"publish","type":"product","link":"https:\/\/madelinefashion.pl\/en\/product\/spodnie-gladkie-wiazane-solaris-czerwone\/","title":{"rendered":"Smooth Trousers Tied Solaris Red"},"content":{"rendered":"<h3 style=\"text-align: center;\">Smooth Trousers Tied Solaris Red<\/h3>\n<p style=\"text-align: center;\"><strong>Simple fashion<\/strong>, with a sewn in elastic waistband and a tied belt. Wide legs are a returning fashion hit - so don&#039;t wait! Follow the trends with us. The model is ideal for combining with both sports shoes and high heels. <strong>Women&#039;s pants <\/strong>in size<strong> universal <\/strong>\u00a0for ladies in size <strong>SML XL<\/strong> in case you wear a larger size please see the dimensions below. Available in our store in <strong>several colors.<\/strong><\/p>\n<h3 style=\"text-align: center;\">Dimensions:<\/h3>\n<ul>\n<li style=\"text-align: center;\">Overall length: 103 cm<\/li>\n<li style=\"text-align: center;\">Inside leg length: 71 cm<\/li>\n<li style=\"text-align: center;\">Waist width: 31-52 cm (elastic band)<\/li>\n<li style=\"text-align: center;\">Waist: 35 cm<\/li>\n<li style=\"text-align: center;\">Leg width: 32 cm<\/li>\n<li style=\"text-align: center;\"><\/li>\n<\/ul>\n<div class=\"additional-details\" style=\"text-align: center;\">\n<p>Dimensions may slightly differ from the given +\/- 2cm. All dimensions given are measured flat. X2 dimension<\/p>\n<p>&nbsp;<\/p>\n<\/div>\n<p style=\"text-align: center;\"><strong>Composition:<\/strong> 95% Cotton 5% Elastane<\/p>\n<p style=\"text-align: center;\">The model has\u00a0<strong>169<\/strong>\u00a0cm tall, wears a size every day\u00a0<strong>S.<\/strong><\/p>\n<p style=\"text-align: center;\">The width at the bust is 92 cm<\/p>\n<p style=\"text-align: center;\">Waist width 62 cm<\/p>\n<p style=\"text-align: center;\">The width at the hips is 94 cm<\/p>\n<p>&nbsp;<\/p>\n<p style=\"text-align: center;\">","protected":false},"excerpt":{"rendered":"<p>Spodnie G\u0142adkie Wi\u0105zane Solaris Czerwone Fason prosty,\u00a0 z wszyt\u0105 gum\u0105 w pasie oraz wi\u0105zanym paskiem. Szerokie nogawki to powracaj\u0105cy modowy hit- zatem nie czekaj ! Pod\u0105\u017caj z Nami za trendami. Model idealny do \u0142\u0105czenia zar\u00f3wno z obuwiem sportowym jak i szpilkami. Spodnie damskie w rozmiarze uniwersalnym \u00a0dla Pa\u0144 w rozmiarze S M L XL w<\/p>\n<div class=\"klb-readmore post-buttons\"><a class=\"button black outline size-sm\" href=\"https:\/\/madelinefashion.pl\/en\/product\/spodnie-gladkie-wiazane-solaris-czerwone\/\">Read More <i class=\"klbth-icon-right-arrow\"><\/i><\/a><\/div>","protected":false},"featured_media":31998,"template":"","meta":[],"product_brand":[],"product_cat":[83,395],"product_tag":[475],"class_list":{"0":"post-32015","1":"product","2":"type-product","3":"status-publish","4":"has-post-thumbnail","6":"product_cat-spodnie","7":"product_cat-nowosci","8":"product_tag-spodnie-dlugie","9":"pa_rozmiar-s","10":"pa_rozmiar-m","11":"pa_rozmiar-l","12":"pa_rozmiar-xl","13":"pa_rozmiar-uniwersalny","15":"first","16":"instock","17":"purchasable","18":"product-type-simple"},"_links":{"self":[{"href":"https:\/\/madelinefashion.pl\/en\/wp-json\/wp\/v2\/product\/32015","targetHints":{"allow":["GET"]}}],"collection":[{"href":"https:\/\/madelinefashion.pl\/en\/wp-json\/wp\/v2\/product"}],"about":[{"href":"https:\/\/madelinefashion.pl\/en\/wp-json\/wp\/v2\/types\/product"}],"wp:featuredmedia":[{"embeddable":true,"href":"https:\/\/madelinefashion.pl\/en\/wp-json\/wp\/v2\/media\/31998"}],"wp:attachment":[{"href":"https:\/\/madelinefashion.pl\/en\/wp-json\/wp\/v2\/media?parent=32015"}],"wp:term":[{"taxonomy":"product_brand","embeddable":true,"href":"https:\/\/madelinefashion.pl\/en\/wp-json\/wp\/v2\/product_brand?post=32015"},{"taxonomy":"product_cat","embeddable":true,"href":"https:\/\/madelinefashion.pl\/en\/wp-json\/wp\/v2\/product_cat?post=32015"},{"taxonomy":"product_tag","embeddable":true,"href":"https:\/\/madelinefashion.pl\/en\/wp-json\/wp\/v2\/product_tag?post=32015"}],"curies":[{"name":"wp","href":"https:\/\/api.w.org\/{rel}","templated":true}]}}