{"id":329388,"date":"2024-03-20T15:43:43","date_gmt":"2024-03-20T14:43:43","guid":{"rendered":"https:\/\/madelinefashion.pl\/?post_type=product&#038;p=329388"},"modified":"2025-09-09T10:06:09","modified_gmt":"2025-09-09T08:06:09","slug":"sukienka-dopasowana-prazkowana-na-ramiaczkach-tmina-fuksja","status":"publish","type":"product","link":"https:\/\/madelinefashion.pl\/en\/product\/sukienka-dopasowana-prazkowana-na-ramiaczkach-tmina-fuksja\/","title":{"rendered":"Fitted Ribbed Dress with Straps Tmina Fuchsia"},"content":{"rendered":"<h3 style=\"text-align: center;\">Fitted Ribbed Dress with Straps Tmina Fuchsia<\/h3>\n<p style=\"text-align: center;\"><strong>Elegant knitted dress<\/strong> Perfect with the cutout at the neckline<strong> emphasizing feminine shapes<\/strong>. The material of the dress does not restrict movement and is very flexible. You can wear it in a sporty as well as an elegant edition. <strong>The dress has crystal inserts on the straps.<\/strong>\u00a0giving the dress elegance. feel<strong> exceptionally. <\/strong>Very soft and stretchy material. <strong>The perfect dress for everyday outings, on a trip or to work. A warm and tight dress will suit most styles.<\/strong> The stylish model will be perfect for any occasion where you want to feel special. The dress emphasizes the figure in a very subtle way. Ribbed dress fitted in a universal size recommended from XS to max L.<\/p>\n<p>&nbsp;<\/p>\n<h3 style=\"text-align: center;\">\u00a0 \u00a0 \u00a0 \u00a0 \u00a0 \u00a0 \u00a0 \u00a0 \u00a0 Dimensions:<\/h3>\n<ul>\n<li style=\"text-align: center;\">\u00a0 \u00a0 Total length - 83 cm<\/li>\n<li style=\"text-align: center;\">Width from armpit to armpit \u2013 38-46 cm<\/li>\n<li style=\"text-align: center;\">Waist width \u2013 30 -37 cm<\/li>\n<li style=\"text-align: center;\"><\/li>\n<\/ul>\n<p style=\"text-align: center;\">Dimensions may slightly differ from the given +\/- 2cm. All dimensions given are measured flat. <strong>X2 dimension<\/strong><\/p>\n<h3 style=\"text-align: center;\">Characteristics:<\/h3>\n<h5 style=\"text-align: center;\">-on straps<br \/>\n- universal<br \/>\n-cleavage<br \/>\n-fashionable<br \/>\n-woman<br \/>\n- fitted<br \/>\n-comfortable<\/h5>\n<p>&nbsp;<\/p>\n<table>\n<tbody>\n<tr>\n<td width=\"302\"><span style=\"font-size: 10pt;\">Model name<\/span><\/td>\n<td width=\"302\">Tmina Fitted Ribbed Dress with Straps<\/td>\n<\/tr>\n<tr>\n<td width=\"302\"><span style=\"font-size: 10pt;\">Color<\/span><\/td>\n<td width=\"302\"><span style=\"font-size: 13.3333px;\">Fuchsia<\/span><\/td>\n<\/tr>\n<tr>\n<td width=\"302\"><span style=\"font-size: 10pt;\">Fashion<\/span><\/td>\n<td width=\"302\"><span style=\"font-size: 10pt;\">Matched<\/span><\/td>\n<\/tr>\n<tr>\n<td width=\"302\"><span style=\"font-size: 10pt;\">Material<\/span><\/td>\n<td width=\"302\"><span style=\"font-size: 10pt;\">68 % Viscose 32 % Polyester<\/span><\/td>\n<\/tr>\n<tr>\n<td width=\"302\"><span style=\"font-size: 10pt;\">Length<\/span><\/td>\n<td width=\"302\"><span style=\"font-size: 10pt;\">Above the knee<\/span><\/td>\n<\/tr>\n<\/tbody>\n<\/table>\n<p>&nbsp;<\/p>\n<p style=\"text-align: center;\"><span style=\"font-size: 10pt;\">\u00a0<\/span><\/p>\n<div class=\"tabs tabs-bb clear mb-80\">\n<div class=\"tab-content\">\n<div id=\"tab-description\" class=\"tab-pane fade in woocommerce-Tabs-panel--description active\">\n<p style=\"text-align: center;\">The model has\u00a0<strong>169<\/strong>\u00a0cm tall, wears a size every day\u00a0<strong>S.<\/strong><\/p>\n<p style=\"text-align: center;\">The width at the bust is 92 cm<\/p>\n<p style=\"text-align: center;\">Waist width 62 cm<\/p>\n<p style=\"text-align: center;\">The width at the hips is 94 cm<\/p>\n<\/div>\n<\/div>\n<\/div>","protected":false},"excerpt":{"rendered":"<p>Sukienka Dopasowana Pr\u0105\u017ckowana Na Rami\u0105czkach Tmina Fuksja Elegancka sukienka dzianinowa z wyci\u0119ciem na dekolcie idealnie podkre\u015blaj\u0105cym kobiece kszta\u0142ty. Materia\u0142 sukienki nie kr\u0119puj\u0119 ruch\u00f3w i jest bardzo elastyczny. Mo\u017cna j\u0105 nosi\u0107 w sportowym, jak i w eleganckim wydaniu. Sukienka posiada wstawki na rami\u0105czkach z kryszta\u0142k\u00f3w\u00a0nadaj\u0105ce sukience elegancji. Poczuj si\u0119 wyj\u0105tkowo. Bardzo mi\u0119kki i rozci\u0105gliwy materia\u0142. Idealna<\/p>\n<div class=\"klb-readmore post-buttons\"><a class=\"button black outline size-sm\" href=\"https:\/\/madelinefashion.pl\/en\/product\/sukienka-dopasowana-prazkowana-na-ramiaczkach-tmina-fuksja\/\">Read More <i class=\"klbth-icon-right-arrow\"><\/i><\/a><\/div>","protected":false},"featured_media":324775,"template":"","meta":[],"product_brand":[],"product_cat":[125,395],"product_tag":[262,215],"class_list":{"0":"post-329388","1":"product","2":"type-product","3":"status-publish","4":"has-post-thumbnail","6":"product_cat-sukienki","7":"product_cat-nowosci","8":"product_tag-sukienki-krotkie","9":"product_tag-sukienki-rozowe","11":"first","12":"instock","13":"purchasable","14":"product-type-simple"},"_links":{"self":[{"href":"https:\/\/madelinefashion.pl\/en\/wp-json\/wp\/v2\/product\/329388","targetHints":{"allow":["GET"]}}],"collection":[{"href":"https:\/\/madelinefashion.pl\/en\/wp-json\/wp\/v2\/product"}],"about":[{"href":"https:\/\/madelinefashion.pl\/en\/wp-json\/wp\/v2\/types\/product"}],"wp:featuredmedia":[{"embeddable":true,"href":"https:\/\/madelinefashion.pl\/en\/wp-json\/wp\/v2\/media\/324775"}],"wp:attachment":[{"href":"https:\/\/madelinefashion.pl\/en\/wp-json\/wp\/v2\/media?parent=329388"}],"wp:term":[{"taxonomy":"product_brand","embeddable":true,"href":"https:\/\/madelinefashion.pl\/en\/wp-json\/wp\/v2\/product_brand?post=329388"},{"taxonomy":"product_cat","embeddable":true,"href":"https:\/\/madelinefashion.pl\/en\/wp-json\/wp\/v2\/product_cat?post=329388"},{"taxonomy":"product_tag","embeddable":true,"href":"https:\/\/madelinefashion.pl\/en\/wp-json\/wp\/v2\/product_tag?post=329388"}],"curies":[{"name":"wp","href":"https:\/\/api.w.org\/{rel}","templated":true}]}}