{"id":3355,"date":"2020-11-28T11:40:43","date_gmt":"2020-11-28T10:40:43","guid":{"rendered":"https:\/\/madelinefashion.pl\/?post_type=product&#038;p=3355"},"modified":"2026-01-20T10:34:47","modified_gmt":"2026-01-20T09:34:47","slug":"bluzka-boho-irna-biala","status":"publish","type":"product","link":"https:\/\/madelinefashion.pl\/en\/product\/bluzka-boho-irna-biala\/","title":{"rendered":"Boho Irna White blouse"},"content":{"rendered":"<h3 style=\"text-align: center;\">Boho Irna White blouse<\/h3>\n<p style=\"text-align: center;\"><span style=\"font-size: 10pt;\"><strong>Boho Irna blouse<\/strong> in white - Universal model - perfect for various ceremonies with a skirt and jacket, as well as with everyday trousers. Blouse made of lace material with a zipper at the back. The front top has a delicate cotton lining under the lace. A model in which you will not pass unnoticed. Recommended for ladies in size <strong>XS, S, M, L<\/strong><\/span><\/p>\n<h2 style=\"text-align: center;\">Dimensions:<\/h2>\n<ul style=\"text-align: center;\">\n<li>overall length: 62 cm<\/li>\n<li>width from armpit to armpit: 43-50 cm<\/li>\n<li>width at the waist: 35-38 cm<\/li>\n<li>recommended maximum bust circumference: 96 cm<\/li>\n<\/ul>\n<p style=\"text-align: center;\">Dimensions may slightly differ from the given +\/- 2cm. All dimensions given are measured flat. X2 dimension<\/p>\n<p style=\"text-align: center;\"><span style=\"font-size: 10pt;\">\u00a0<\/span><\/p>\n<p style=\"text-align: center;\"><span style=\"font-size: 10pt;\">\u00a0<\/span><\/p>\n<table width=\"611\">\n<tbody>\n<tr>\n<td width=\"302\">Model name<\/td>\n<td width=\"302\">Boho blouse<\/td>\n<\/tr>\n<tr>\n<td width=\"302\">Color<\/td>\n<td width=\"302\">White<\/td>\n<\/tr>\n<tr>\n<td width=\"302\">Sizes<\/td>\n<td width=\"302\">Universal<\/td>\n<\/tr>\n<tr>\n<td width=\"302\">Fashion<\/td>\n<td width=\"302\">Oversize<\/td>\n<\/tr>\n<tr>\n<td width=\"302\">Material<\/td>\n<td width=\"302\">100 % Polyester<\/td>\n<\/tr>\n<\/tbody>\n<\/table>\n<p style=\"text-align: center;\"><span style=\"font-size: 10pt;\">\u00a0<\/span><\/p>\n<p style=\"text-align: center;\">\u00a0The model is 165 cm tall and wears a size every day <strong>S.<\/strong><span style=\"font-size: 10pt;\">\u00a0<\/span><\/p>\n<p style=\"text-align: center;\"><span style=\"font-size: 10pt;\">\u00a0<\/span><\/p>\n<p style=\"text-align: center;\"><span style=\"font-size: 10pt;\">\u00a0<\/span><\/p>\n<p style=\"text-align: center;\"><span style=\"font-size: 10pt;\">\u00a0<\/span><\/p>","protected":false},"excerpt":{"rendered":"<p>Bluzka Boho Irna Bia\u0142a Bluzka Boho Irna w kolorze bia\u0142ym &#8211; Uniwersalny model- idealny na r\u00f3\u017cne uroczysto\u015bci do sp\u00f3dnicy i pod \u017cakiet, a tak\u017ce do spodni na co dzie\u0144. Bluzka wykonana z koronkowego materia\u0142u zapinana z ty\u0142u na zamek.\u00a0 Top z przodu posiada delikatn\u0105 bawe\u0142nian\u0105 podszewk\u0119 pod koronk\u0105. Model, w kt\u00f3rym nie przejdziesz nie zauwa\u017cona.<\/p>\n<div class=\"klb-readmore post-buttons\"><a class=\"button black outline size-sm\" href=\"https:\/\/madelinefashion.pl\/en\/product\/bluzka-boho-irna-biala\/\">Read More <i class=\"klbth-icon-right-arrow\"><\/i><\/a><\/div>","protected":false},"featured_media":10519,"template":"","meta":[],"product_brand":[],"product_cat":[77],"product_tag":[251],"class_list":{"0":"post-3355","1":"product","2":"type-product","3":"status-publish","4":"has-post-thumbnail","6":"product_cat-bluzki","7":"product_tag-bluzka-biala","9":"first","10":"instock","11":"sale","12":"purchasable","13":"product-type-simple"},"_links":{"self":[{"href":"https:\/\/madelinefashion.pl\/en\/wp-json\/wp\/v2\/product\/3355","targetHints":{"allow":["GET"]}}],"collection":[{"href":"https:\/\/madelinefashion.pl\/en\/wp-json\/wp\/v2\/product"}],"about":[{"href":"https:\/\/madelinefashion.pl\/en\/wp-json\/wp\/v2\/types\/product"}],"wp:featuredmedia":[{"embeddable":true,"href":"https:\/\/madelinefashion.pl\/en\/wp-json\/wp\/v2\/media\/10519"}],"wp:attachment":[{"href":"https:\/\/madelinefashion.pl\/en\/wp-json\/wp\/v2\/media?parent=3355"}],"wp:term":[{"taxonomy":"product_brand","embeddable":true,"href":"https:\/\/madelinefashion.pl\/en\/wp-json\/wp\/v2\/product_brand?post=3355"},{"taxonomy":"product_cat","embeddable":true,"href":"https:\/\/madelinefashion.pl\/en\/wp-json\/wp\/v2\/product_cat?post=3355"},{"taxonomy":"product_tag","embeddable":true,"href":"https:\/\/madelinefashion.pl\/en\/wp-json\/wp\/v2\/product_tag?post=3355"}],"curies":[{"name":"wp","href":"https:\/\/api.w.org\/{rel}","templated":true}]}}