{"id":34115,"date":"2022-04-14T15:04:51","date_gmt":"2022-04-14T13:04:51","guid":{"rendered":"https:\/\/madelinefashion.pl\/?post_type=product&#038;p=34115"},"modified":"2025-09-09T10:29:45","modified_gmt":"2025-09-09T08:29:45","slug":"sukienka-w-kwiaty-shein-fuksja","status":"publish","type":"product","link":"https:\/\/madelinefashion.pl\/en\/product\/sukienka-w-kwiaty-shein-fuksja\/","title":{"rendered":"Shein Fuchsia Dress With Flowers"},"content":{"rendered":"<h3 style=\"text-align: center;\">Shein Fuchsia Dress With Flowers<\/h3>\n<p style=\"text-align: center;\"><span style=\"font-size: 10pt;\"><span style=\"font-size: 10pt;\">S.<\/span><strong style=\"font-size: 10pt;\">target<\/strong><span style=\"font-size: 10pt;\"> with a flower print, it has a beautiful ruffle in the bust. The straps are tied so that it can be adjusted perfectly to your dimensions and moreover, it ensures comfort in wearing. <\/span><span style=\"font-size: 10pt;\">S.<\/span><strong style=\"font-size: 10pt;\">A flower pattern will make our look fresh, fashionable and very feminine <\/strong><span style=\"font-size: 10pt;\"> it is an ideal proposition for the spring and summer season. That is why in our offer you will find unique summer dresses with flowers, which you can wear in many different ways. <\/span><span style=\"font-size: 10pt;\">Summer <\/span><b style=\"font-size: 10pt;\">a flared dress with flowers is perfect <\/b><span style=\"font-size: 13.3333px;\"><b>offer<\/b><\/span><b style=\"font-size: 10pt;\"> both for going out with friends, a date or a wedding thanks to her <\/b><span style=\"font-size: 10pt;\">you will gain a wasp waist and a leg to the sky.\u00a0<\/span><br \/>\n<span style=\"font-size: 10pt;\">\u00a0 The dress has<\/span><strong style=\"font-size: 10pt;\"> elastic at the waist<\/strong><span style=\"font-size: 10pt;\"> thanks to which you emphasize feminine shapes. A model of a dress with a very good quality material - <strong>does not show through<\/strong> . Recommended for ladies in size XS SML XL<\/span><br \/>\n<\/span><\/p>\n<p>&nbsp;<\/p>\n<h3 style=\"text-align: center;\">Dimensions:<\/h3>\n<ul style=\"text-align: center;\">\n<li><span style=\"font-size: 10pt;\">\u00a0\u00a0\u00a0\u00a0\u00a0\u00a0\u00a0 total length from the shoulders: 108 cm<br \/>\n<\/span><\/li>\n<li>total length from the bust: 92 cm<\/li>\n<li><span style=\"font-size: 10pt;\">\u00a0\u00a0\u00a0\u00a0\u00a0\u00a0\u00a0 width from armpit to armpit: 31 - 53 cm<\/span><span style=\"font-size: 10pt;\"><span style=\"font-size: 10pt;\">\u00a0 (rubber)\u00a0 \u00a0\u00a0<\/span><\/span><\/li>\n<li>waist width: 31-53 cm (elastic band)<\/li>\n<\/ul>\n<p style=\"text-align: center;\">Dimensions may slightly differ from the given +\/- 2cm. All dimensions given are measured flat. <strong>X2 dimension<\/strong><\/p>\n<p style=\"text-align: center;\"><span style=\"font-size: 10pt;\">\u00a0<\/span><\/p>\n<table style=\"height: 169px;\" width=\"853\">\n<tbody>\n<tr>\n<td width=\"302\">Model name<\/td>\n<td width=\"302\">Shein Flower Dress<\/td>\n<\/tr>\n<tr>\n<td width=\"302\">Color<\/td>\n<td width=\"302\">Fuchsia<\/td>\n<\/tr>\n<tr>\n<td width=\"302\">Fashion<\/td>\n<td width=\"302\">Oversize<\/td>\n<\/tr>\n<tr>\n<td width=\"302\">Material<\/td>\n<td width=\"302\">95% Viscose, 5% Elastane<\/td>\n<\/tr>\n<tr>\n<td width=\"302\">Length<\/td>\n<td width=\"302\">Over the knee<\/td>\n<\/tr>\n<\/tbody>\n<\/table>\n<p>&nbsp;<\/p>\n<p>&nbsp;<\/p>\n<div class=\"tabs tabs-bb clear mb-80\">\n<div class=\"tab-content\">\n<div id=\"tab-description\" class=\"tab-pane fade in woocommerce-Tabs-panel--description active\">\n<p style=\"text-align: center;\">The model has\u00a0<strong>169<\/strong>\u00a0cm tall, wears a size every day\u00a0<strong>S.<\/strong><\/p>\n<p style=\"text-align: center;\">The width at the bust is 92 cm<\/p>\n<p style=\"text-align: center;\">Waist width 62 cm<\/p>\n<p style=\"text-align: center;\">The width at the hips is 94 cm<\/p>\n<\/div>\n<\/div>\n<\/div>\n<section class=\"related products mb-80\"><\/section>\n<p style=\"text-align: center;\">","protected":false},"excerpt":{"rendered":"<p>Sukienka W Kwiaty Shein Fuksja Sukienka z printem Kwiatowym, w biu\u015bcie posiada pi\u0119kne marszczenie. Rami\u0105czka s\u0105 wi\u0105zane dzi\u0119ki czemu mo\u017cna j\u0105 dopasowa\u0107 idealnie pod swoje wymiary a ponad to zapewnia to komfort w noszeniu. Sukienka w kwiaty sprawi, \u017ce nasz look b\u0119dzie \u015bwie\u017cy, modny i bardzo kobiecy jest to idealna propozycja na sezon wiosenno-letni. Dlatego<\/p>\n<div class=\"klb-readmore post-buttons\"><a class=\"button black outline size-sm\" href=\"https:\/\/madelinefashion.pl\/en\/product\/sukienka-w-kwiaty-shein-fuksja\/\">Read More <i class=\"klbth-icon-right-arrow\"><\/i><\/a><\/div>","protected":false},"featured_media":34008,"template":"","meta":[],"product_brand":[],"product_cat":[125,395],"product_tag":[396],"class_list":{"0":"post-34115","1":"product","2":"type-product","3":"status-publish","4":"has-post-thumbnail","6":"product_cat-sukienki","7":"product_cat-nowosci","8":"product_tag-sukienki-w-kwiaty","10":"first","11":"instock","12":"purchasable","13":"product-type-simple"},"_links":{"self":[{"href":"https:\/\/madelinefashion.pl\/en\/wp-json\/wp\/v2\/product\/34115","targetHints":{"allow":["GET"]}}],"collection":[{"href":"https:\/\/madelinefashion.pl\/en\/wp-json\/wp\/v2\/product"}],"about":[{"href":"https:\/\/madelinefashion.pl\/en\/wp-json\/wp\/v2\/types\/product"}],"wp:featuredmedia":[{"embeddable":true,"href":"https:\/\/madelinefashion.pl\/en\/wp-json\/wp\/v2\/media\/34008"}],"wp:attachment":[{"href":"https:\/\/madelinefashion.pl\/en\/wp-json\/wp\/v2\/media?parent=34115"}],"wp:term":[{"taxonomy":"product_brand","embeddable":true,"href":"https:\/\/madelinefashion.pl\/en\/wp-json\/wp\/v2\/product_brand?post=34115"},{"taxonomy":"product_cat","embeddable":true,"href":"https:\/\/madelinefashion.pl\/en\/wp-json\/wp\/v2\/product_cat?post=34115"},{"taxonomy":"product_tag","embeddable":true,"href":"https:\/\/madelinefashion.pl\/en\/wp-json\/wp\/v2\/product_tag?post=34115"}],"curies":[{"name":"wp","href":"https:\/\/api.w.org\/{rel}","templated":true}]}}