{"id":34165,"date":"2022-04-14T16:03:30","date_gmt":"2022-04-14T14:03:30","guid":{"rendered":"https:\/\/madelinefashion.pl\/?post_type=product&#038;p=34165"},"modified":"2025-09-09T10:29:36","modified_gmt":"2025-09-09T08:29:36","slug":"sukienka-w-kwiaty-asymetryczna-clarica-multi-pomarancz","status":"publish","type":"product","link":"https:\/\/madelinefashion.pl\/en\/product\/sukienka-w-kwiaty-asymetryczna-clarica-multi-pomarancz\/","title":{"rendered":"Asymmetrical Dress With Flowers Clarica Multi Orange"},"content":{"rendered":"<h3 style=\"text-align: center;\">Asymmetrical Dress With Flowers Clarica Multi Orange<\/h3>\n<p style=\"text-align: center;\"><span style=\"font-size: 10pt;\"><span style=\"font-size: 10pt;\">S.<\/span><strong style=\"font-size: 10pt;\">Asymmetric direction<\/strong><span style=\"font-size: 10pt;\"> with frills with Flower print<strong>.<\/strong>\u00a0Nice to touch, comfortable to wear, it fits nicely on the body.<\/span><span style=\"font-size: 10pt;\">\u00a0<\/span><strong style=\"font-size: 10pt;\">A floral dress has undoubtedly been a must-have in a spring wardrobe for many years.<\/strong><span style=\"font-size: 10pt;\"> Every woman has at least one model of a floral pattern dress in her wardrobe. <\/span><span style=\"font-size: 10pt;\">S.<\/span><strong style=\"font-size: 10pt;\">A flower pattern will make our look fresh, fashionable and very feminine <\/strong><span style=\"font-size: 10pt;\"> it is an ideal proposition for the spring and summer season. That is why in our offer you will find unique summer dresses with flowers, which you can wear in many different ways. In dress <b>Clarica<\/b>\u00a0With <\/span><strong style=\"font-size: 10pt;\">envelope neckline<\/strong><span style=\"font-size: 10pt;\"> you will emphasize the strengths of your figure. Summer <\/span><b style=\"font-size: 10pt;\">a flared dress with flowers is perfect <\/b><span style=\"font-size: 13.3333px;\"><b>offer<\/b><\/span><b style=\"font-size: 10pt;\"> both for going out with friends, a date or a wedding thanks to her <\/b><span style=\"font-size: 10pt;\">you will gain a wasp waist and a leg to the sky.\u00a0<\/span><br \/>\n<span style=\"font-size: 10pt;\">\u00a0 The dress has<\/span><strong style=\"font-size: 10pt;\"> elastic at the waist<\/strong><span style=\"font-size: 10pt;\"> thanks to which you emphasize feminine shapes. The model has a lining - <strong>does not show through<\/strong> . Recommended for ladies in size XS SML XL<\/span><br \/>\n<\/span><\/p>\n<p>&nbsp;<\/p>\n<h3 style=\"text-align: center;\">Dimensions:<\/h3>\n<ul style=\"text-align: center;\">\n<li><span style=\"font-size: 10pt;\">\u00a0\u00a0\u00a0\u00a0\u00a0\u00a0\u00a0 total length at the front: 88 cm<br \/>\n<\/span><\/li>\n<li>total length back: 112 cm<\/li>\n<li><span style=\"font-size: 10pt;\">\u00a0\u00a0\u00a0\u00a0\u00a0\u00a0\u00a0 width from armpit to armpit: 42 - 50 cm<\/span><span style=\"font-size: 10pt;\"><span style=\"font-size: 10pt;\">\u00a0 \u00a0 \u00a0 \u00a0<\/span><\/span><\/li>\n<li>waist width: 26 cm - 50 cm (elastic band)<\/li>\n<\/ul>\n<p style=\"text-align: center;\">Dimensions may slightly differ from the given +\/- 2cm. All dimensions given are measured flat. <strong>X2 dimension<\/strong><\/p>\n<p style=\"text-align: center;\"><span style=\"font-size: 10pt;\">\u00a0<\/span><\/p>\n<table style=\"height: 169px;\" width=\"853\">\n<tbody>\n<tr>\n<td width=\"302\">Model name<\/td>\n<td width=\"302\">Asymmetrical Clarica Dress With Flowers<\/td>\n<\/tr>\n<tr>\n<td width=\"302\">Color<\/td>\n<td width=\"302\">Orange<\/td>\n<\/tr>\n<tr>\n<td width=\"302\">Fashion<\/td>\n<td width=\"302\">Oversize<\/td>\n<\/tr>\n<tr>\n<td width=\"302\">Material<\/td>\n<td width=\"302\">95% Viscose, 5% Elastane<\/td>\n<\/tr>\n<tr>\n<td width=\"302\">Length<\/td>\n<td width=\"302\">Midi Asymmetrical<\/td>\n<\/tr>\n<\/tbody>\n<\/table>\n<p>&nbsp;<\/p>\n<p>&nbsp;<\/p>\n<div class=\"tabs tabs-bb clear mb-80\">\n<div class=\"tab-content\">\n<div id=\"tab-description\" class=\"tab-pane fade in woocommerce-Tabs-panel--description active\">\n<p style=\"text-align: center;\">The model has\u00a0<strong>169<\/strong>\u00a0cm tall, wears a size every day\u00a0<strong>S.<\/strong><\/p>\n<p style=\"text-align: center;\">The width at the bust is 92 cm<\/p>\n<p style=\"text-align: center;\">Waist width 62 cm<\/p>\n<p style=\"text-align: center;\">The width at the hips is 94 cm<\/p>\n<\/div>\n<\/div>\n<\/div>\n<section class=\"related products mb-80\"><\/section>\n<p style=\"text-align: center;\">","protected":false},"excerpt":{"rendered":"<p>Sukienka W Kwiaty Asymetryczna Clarica Multi Pomara\u0144cz Sukienka Asymetryczna z falbankami z printem Kwiatowym.\u00a0Mi\u0142a w dotyku, komfortowa w noszeniu, \u0142adnie uk\u0142ada si\u0119 na ciele.\u00a0Sukienka w kwiaty to bez w\u0105tpienia od wielu lat must have w wiosennej garderobie. Ka\u017cda kobieta posiada w swojej szafie cho\u0107 jeden model sukienki w kwiatowy wz\u00f3r . Sukienka w kwiaty sprawi,<\/p>\n<div class=\"klb-readmore post-buttons\"><a class=\"button black outline size-sm\" href=\"https:\/\/madelinefashion.pl\/en\/product\/sukienka-w-kwiaty-asymetryczna-clarica-multi-pomarancz\/\">Read More <i class=\"klbth-icon-right-arrow\"><\/i><\/a><\/div>","protected":false},"featured_media":34102,"template":"","meta":[],"product_brand":[],"product_cat":[125,395],"product_tag":[396],"class_list":{"0":"post-34165","1":"product","2":"type-product","3":"status-publish","4":"has-post-thumbnail","6":"product_cat-sukienki","7":"product_cat-nowosci","8":"product_tag-sukienki-w-kwiaty","10":"first","11":"instock","12":"purchasable","13":"product-type-simple"},"_links":{"self":[{"href":"https:\/\/madelinefashion.pl\/en\/wp-json\/wp\/v2\/product\/34165","targetHints":{"allow":["GET"]}}],"collection":[{"href":"https:\/\/madelinefashion.pl\/en\/wp-json\/wp\/v2\/product"}],"about":[{"href":"https:\/\/madelinefashion.pl\/en\/wp-json\/wp\/v2\/types\/product"}],"wp:featuredmedia":[{"embeddable":true,"href":"https:\/\/madelinefashion.pl\/en\/wp-json\/wp\/v2\/media\/34102"}],"wp:attachment":[{"href":"https:\/\/madelinefashion.pl\/en\/wp-json\/wp\/v2\/media?parent=34165"}],"wp:term":[{"taxonomy":"product_brand","embeddable":true,"href":"https:\/\/madelinefashion.pl\/en\/wp-json\/wp\/v2\/product_brand?post=34165"},{"taxonomy":"product_cat","embeddable":true,"href":"https:\/\/madelinefashion.pl\/en\/wp-json\/wp\/v2\/product_cat?post=34165"},{"taxonomy":"product_tag","embeddable":true,"href":"https:\/\/madelinefashion.pl\/en\/wp-json\/wp\/v2\/product_tag?post=34165"}],"curies":[{"name":"wp","href":"https:\/\/api.w.org\/{rel}","templated":true}]}}