{"id":34196,"date":"2022-04-14T18:17:51","date_gmt":"2022-04-14T16:17:51","guid":{"rendered":"https:\/\/madelinefashion.pl\/?post_type=product&#038;p=34196"},"modified":"2025-09-09T10:29:35","modified_gmt":"2025-09-09T08:29:35","slug":"sukienka-asymetryczna-w-kwiaty-rozowa-peonia","status":"publish","type":"product","link":"https:\/\/madelinefashion.pl\/en\/product\/sukienka-asymetryczna-w-kwiaty-rozowa-peonia\/","title":{"rendered":"Asymmetric dress in Pink Peony flowers"},"content":{"rendered":"<h3 style=\"text-align: center;\">Asymmetric dress in Pink Peony flowers<\/h3>\n<p style=\"text-align: center;\"><span style=\"font-size: 10pt;\"><span style=\"font-size: 10pt;\">S.<\/span><strong style=\"font-size: 10pt;\">Asymmetric direction<\/strong><span style=\"font-size: 10pt;\"> with frills with w <strong>flowers.<\/strong> Airy lightweight for comfort to wear. <\/span><strong style=\"font-size: 10pt;\">A floral dress has undoubtedly been a must-have in a spring wardrobe for many years.<\/strong><span style=\"font-size: 10pt;\"> Every woman has at least one model of a floral pattern dress in her wardrobe. <\/span><span style=\"font-size: 10pt;\">S.<\/span><strong style=\"font-size: 10pt;\">A flower pattern will make our look fresh, fashionable and very feminine <\/strong><span style=\"font-size: 10pt;\"> it is an ideal proposition for the spring and summer season. That is why in our offer you will find unique summer dresses with flowers, which you can wear in many different ways. A dress with a longer back, tied at the waist with a belt, will perfectly emphasize your feminine shapes and catch the eyes of others. <\/span><span style=\"font-size: 10pt;\">Summer<\/span><b style=\"font-size: 10pt;\"> a dress with floral straps is perfect <\/b><span style=\"font-size: 13.3333px;\"><b>offer<\/b><\/span><b style=\"font-size: 10pt;\"> both for going out with friends, a date or a wedding. <\/b><span style=\"font-size: 10pt;\">The model has a lining - <strong>does not show through<\/strong> . Recommended for ladies in size XS SML XL<\/span><br \/>\n<\/span><\/p>\n<p>&nbsp;<\/p>\n<h3 style=\"text-align: center;\">Dimensions:<\/h3>\n<ul style=\"text-align: center;\">\n<li><span style=\"font-size: 10pt;\">\u00a0\u00a0\u00a0\u00a0\u00a0\u00a0\u00a0 total length at the front: 104 cm<br \/>\n<\/span><\/li>\n<li>total length back: 128 cm<\/li>\n<li><span style=\"font-size: 10pt;\">\u00a0\u00a0\u00a0\u00a0\u00a0\u00a0\u00a0 width from armpit to armpit: 36 - 53 cm<\/span><span style=\"font-size: 10pt;\"><span style=\"font-size: 10pt;\">\u00a0 \u00a0 \u00a0 \u00a0<\/span><\/span><\/li>\n<li>waist width: 23 cm - 39 cm (elastic band)<\/li>\n<\/ul>\n<p style=\"text-align: center;\">Dimensions may slightly differ from the given +\/- 2cm. All dimensions given are measured flat. <strong>X2 dimension<\/strong><\/p>\n<p style=\"text-align: center;\"><span style=\"font-size: 10pt;\">\u00a0<\/span><\/p>\n<table style=\"height: 169px;\" width=\"853\">\n<tbody>\n<tr>\n<td width=\"302\">Model name<\/td>\n<td width=\"302\">Asymmetrical dress in Peony flowers<\/td>\n<\/tr>\n<tr>\n<td width=\"302\">Color<\/td>\n<td width=\"302\">Pink \/ powder pink<\/td>\n<\/tr>\n<tr>\n<td width=\"302\">Fashion<\/td>\n<td width=\"302\">Oversize<\/td>\n<\/tr>\n<tr>\n<td width=\"302\">Material<\/td>\n<td width=\"302\">100 % Polyester<\/td>\n<\/tr>\n<tr>\n<td width=\"302\">Length<\/td>\n<td width=\"302\">Over the knee<\/td>\n<\/tr>\n<\/tbody>\n<\/table>\n<p>&nbsp;<\/p>\n<div class=\"tabs tabs-bb clear mb-80\">\n<div class=\"tab-content\">\n<div id=\"tab-description\" class=\"tab-pane fade in woocommerce-Tabs-panel--description active\">\n<p style=\"text-align: center;\">The model has\u00a0<strong>169<\/strong>\u00a0cm tall, wears a size every day\u00a0<strong>S.<\/strong><\/p>\n<p style=\"text-align: center;\">The width at the bust is 92 cm<\/p>\n<p style=\"text-align: center;\">Waist width 62 cm<\/p>\n<p style=\"text-align: center;\">The width at the hips is 94 cm<\/p>\n<\/div>\n<\/div>\n<\/div>\n<section class=\"related products mb-80\"><\/section>\n<p style=\"text-align: center;\">","protected":false},"excerpt":{"rendered":"<p>Sukienka asymetryczna w Kwiaty R\u00f3\u017cowa Peonia Sukienka Asymetryczna z falbankami z printem w kwiaty. Zwiewna lekka zapewniaj\u0105ca komfort w noszeniu. Sukienka w kwiaty to bez w\u0105tpienia od wielu lat must have w wiosennej garderobie. Ka\u017cda kobieta posiada w swojej szafie cho\u0107 jeden model sukienki w kwiatowy wz\u00f3r . Sukienka w kwiaty sprawi, \u017ce nasz look<\/p>\n<div class=\"klb-readmore post-buttons\"><a class=\"button black outline size-sm\" href=\"https:\/\/madelinefashion.pl\/en\/product\/sukienka-asymetryczna-w-kwiaty-rozowa-peonia\/\">Read More <i class=\"klbth-icon-right-arrow\"><\/i><\/a><\/div>","protected":false},"featured_media":34156,"template":"","meta":[],"product_brand":[],"product_cat":[125,395],"product_tag":[396],"class_list":{"0":"post-34196","1":"product","2":"type-product","3":"status-publish","4":"has-post-thumbnail","6":"product_cat-sukienki","7":"product_cat-nowosci","8":"product_tag-sukienki-w-kwiaty","10":"first","11":"instock","12":"purchasable","13":"product-type-simple"},"_links":{"self":[{"href":"https:\/\/madelinefashion.pl\/en\/wp-json\/wp\/v2\/product\/34196","targetHints":{"allow":["GET"]}}],"collection":[{"href":"https:\/\/madelinefashion.pl\/en\/wp-json\/wp\/v2\/product"}],"about":[{"href":"https:\/\/madelinefashion.pl\/en\/wp-json\/wp\/v2\/types\/product"}],"wp:featuredmedia":[{"embeddable":true,"href":"https:\/\/madelinefashion.pl\/en\/wp-json\/wp\/v2\/media\/34156"}],"wp:attachment":[{"href":"https:\/\/madelinefashion.pl\/en\/wp-json\/wp\/v2\/media?parent=34196"}],"wp:term":[{"taxonomy":"product_brand","embeddable":true,"href":"https:\/\/madelinefashion.pl\/en\/wp-json\/wp\/v2\/product_brand?post=34196"},{"taxonomy":"product_cat","embeddable":true,"href":"https:\/\/madelinefashion.pl\/en\/wp-json\/wp\/v2\/product_cat?post=34196"},{"taxonomy":"product_tag","embeddable":true,"href":"https:\/\/madelinefashion.pl\/en\/wp-json\/wp\/v2\/product_tag?post=34196"}],"curies":[{"name":"wp","href":"https:\/\/api.w.org\/{rel}","templated":true}]}}