{"id":34227,"date":"2022-04-14T19:45:53","date_gmt":"2022-04-14T17:45:53","guid":{"rendered":"https:\/\/madelinefashion.pl\/?post_type=product&#038;p=34227"},"modified":"2023-02-16T15:14:40","modified_gmt":"2023-02-16T14:14:40","slug":"kombinezon-w-panterke-na-ramiaczkach-bialo-bezowy","status":"publish","type":"product","link":"https:\/\/madelinefashion.pl\/en\/product\/kombinezon-w-panterke-na-ramiaczkach-bialo-bezowy\/","title":{"rendered":"White and Beige leopard print jumpsuit"},"content":{"rendered":"<h3 style=\"text-align: center;\">White and Beige leopard print jumpsuit<\/h3>\n<p style=\"text-align: center;\"><span style=\"vertical-align: inherit;\"><span style=\"vertical-align: inherit;\"><strong>A crazy jumpsuit in the most fashionable animal print - <\/strong>made of a delicate, thin material is an ideal proposition for<strong> every woman who values style. The slightly oversized cut makes us feel comfortable and comfortable.\u00a0<\/strong>S.<\/span><span style=\"vertical-align: inherit;\">that no one will pass by you indifferently.<strong> The suit has loose legs <\/strong>and an elastic band at the waist, which perfectly adapts to the figure. The suit is available in several colors. It&#039;s a model<\/span><\/span> simply created for warm spring and summer days, both during holidays and in the hustle and bustle of the city. <strong>You will be delighted, the perfect cut as an alternative to the dress.<\/strong> Comfortable to wear in a sophisticated style must be in your wardrobe. <strong>A stylish and very feminine jumpsuit.<\/strong>\u00a0 Recommended for ladies wearing Size <strong>XS SML XL.\u00a0 <span lang=\"pl-pl\" xml:lang=\"pl-pl\">A unique model for exceptional women!<\/span><\/strong><\/p>\n<p>&nbsp;<\/p>\n<h3 style=\"text-align: center;\"><span style=\"vertical-align: inherit;\">Coverall dimensions:<\/span><\/h3>\n<p align=\"center\">Total length - 142 cm<br \/>\nThe width at the bust - 42-55 cm x2<br \/>\nWaist width -29 cm -40 cm x2<br \/>\nOutside leg length - 94 cm<br \/>\nInside leg length - 64 cm<\/p>\n<p style=\"text-align: center;\"><span style=\"vertical-align: inherit;\"><span style=\"vertical-align: inherit;\">Dimensions may vary from the given +\/- 2cm. <\/span><span style=\"vertical-align: inherit;\">All dimensions given are measured flat. <strong>X2 dimension<\/strong><\/span><\/span><\/p>\n<h3 style=\"text-align: center;\"><span style=\"vertical-align: inherit;\"><span style=\"vertical-align: inherit;\">Product characteristics:<br \/>\n<\/span><\/span><\/h3>\n<p style=\"text-align: center;\"><span style=\"vertical-align: inherit;\"><span style=\"vertical-align: inherit;\"><br \/>\n-elegant<br \/>\n-pleasant material<br \/>\n-fashionable cut<br \/>\n- elastic waist<br \/>\n-original<br \/>\n-feminine<br \/>\n-on straps<br \/>\n-animal print<\/span><\/span><\/p>\n<p style=\"text-align: center;\"><strong>\u00a0<\/strong><\/p>\n<table style=\"height: 202px;\" width=\"565\">\n<tbody>\n<tr>\n<td width=\"302\">Model name<\/td>\n<td width=\"302\">Leopard print jumpsuit on straps<\/td>\n<\/tr>\n<tr>\n<td width=\"302\">Color<\/td>\n<td width=\"302\">Panther Black white<\/td>\n<\/tr>\n<tr>\n<td width=\"302\">Collection<\/td>\n<td width=\"302\">Spring Summer<\/td>\n<\/tr>\n<tr>\n<td width=\"302\">Sizes<\/td>\n<td width=\"302\">Universal<\/td>\n<\/tr>\n<tr>\n<td width=\"302\">Cleavage<\/td>\n<td width=\"302\">style V<\/td>\n<\/tr>\n<tr>\n<td width=\"302\">Length<\/td>\n<td width=\"302\">Maxi<\/td>\n<\/tr>\n<tr>\n<td width=\"302\">Material<\/td>\n<td width=\"302\">95% Polyester 5% Elastane<\/td>\n<\/tr>\n<\/tbody>\n<\/table>\n<div class=\"tabs tabs-bb clear mb-80\">\n<div class=\"tab-content\">\n<div id=\"tab-description\" class=\"tab-pane fade in woocommerce-Tabs-panel--description active\">\n<p style=\"text-align: center;\">The model has\u00a0<strong>169<\/strong>\u00a0cm tall, wears a size every day\u00a0<strong>S.<\/strong><\/p>\n<p style=\"text-align: center;\">The width at the bust is 92 cm<\/p>\n<p style=\"text-align: center;\">Waist width 62 cm<\/p>\n<p style=\"text-align: center;\">The width at the hips is 94 cm<\/p>\n<\/div>\n<\/div>\n<\/div>\n<section class=\"related products mb-80\"><\/section>\n<section class=\"page-product-box\">\n<div class=\"rte\">\n<p style=\"text-align: center;\">\n<\/div>\n<\/section>","protected":false},"excerpt":{"rendered":"<p>Kombinezon w Panterk\u0119 na Rami\u0105czkach Bia\u0142o Be\u017cowy Ob\u0142\u0119dny kombinezon w najmodniejszy zwierz\u0119cy print &#8211; wykonany z delikatnego, cienkiego materia\u0142u jest idealna propozycj\u0105 dla ka\u017cdej kobiety ceni\u0105cej styl. Lekko oversizowy kr\u00f3j sprawia, \u017ce czujemy si\u0119 wygodnie i komfortowo.\u00a0Sprawi, \u017ce nikt nie przejdzie obok Ciebie oboj\u0119tnie. Kombinezon posiada lu\u017ane\u00a0 nogawki oraz gumk\u0119 w pasie przez co idealnie<\/p>\n<div class=\"klb-readmore post-buttons\"><a class=\"button black outline size-sm\" href=\"https:\/\/madelinefashion.pl\/en\/product\/kombinezon-w-panterke-na-ramiaczkach-bialo-bezowy\/\">Read More <i class=\"klbth-icon-right-arrow\"><\/i><\/a><\/div>","protected":false},"featured_media":34186,"template":"","meta":[],"product_brand":[],"product_cat":[80],"product_tag":[297],"class_list":{"0":"post-34227","1":"product","2":"type-product","3":"status-publish","4":"has-post-thumbnail","6":"product_cat-sukienki-i-kombinezony","7":"product_tag-kombinezony","9":"first","10":"instock","11":"purchasable","12":"product-type-simple"},"_links":{"self":[{"href":"https:\/\/madelinefashion.pl\/en\/wp-json\/wp\/v2\/product\/34227","targetHints":{"allow":["GET"]}}],"collection":[{"href":"https:\/\/madelinefashion.pl\/en\/wp-json\/wp\/v2\/product"}],"about":[{"href":"https:\/\/madelinefashion.pl\/en\/wp-json\/wp\/v2\/types\/product"}],"wp:featuredmedia":[{"embeddable":true,"href":"https:\/\/madelinefashion.pl\/en\/wp-json\/wp\/v2\/media\/34186"}],"wp:attachment":[{"href":"https:\/\/madelinefashion.pl\/en\/wp-json\/wp\/v2\/media?parent=34227"}],"wp:term":[{"taxonomy":"product_brand","embeddable":true,"href":"https:\/\/madelinefashion.pl\/en\/wp-json\/wp\/v2\/product_brand?post=34227"},{"taxonomy":"product_cat","embeddable":true,"href":"https:\/\/madelinefashion.pl\/en\/wp-json\/wp\/v2\/product_cat?post=34227"},{"taxonomy":"product_tag","embeddable":true,"href":"https:\/\/madelinefashion.pl\/en\/wp-json\/wp\/v2\/product_tag?post=34227"}],"curies":[{"name":"wp","href":"https:\/\/api.w.org\/{rel}","templated":true}]}}