{"id":34602,"date":"2022-04-19T12:33:21","date_gmt":"2022-04-19T10:33:21","guid":{"rendered":"https:\/\/madelinefashion.pl\/?post_type=product&#038;p=34602"},"modified":"2025-09-09T10:29:26","modified_gmt":"2025-09-09T08:29:26","slug":"sukienka-w-kwiaty-na-ramiaczka-sally-zielona","status":"publish","type":"product","link":"https:\/\/madelinefashion.pl\/en\/product\/sukienka-w-kwiaty-na-ramiaczka-sally-zielona\/","title":{"rendered":"Dress in flowers on Sally Green straps"},"content":{"rendered":"<h3 style=\"text-align: center;\">Dress in flowers on Sally Green straps<\/h3>\n<p style=\"text-align: center;\"><span style=\"font-size: 10pt;\"><span style=\"font-size: 10pt;\">S.<\/span><strong style=\"font-size: 10pt;\">target<\/strong><span style=\"font-size: 10pt;\"> with a flower print, with a frill at the top.\u00a0 <\/span><span style=\"font-size: 10pt;\">S.<\/span><strong style=\"font-size: 10pt;\">the straps with flowers will make our look fresh, fashionable and very feminine <\/strong><span style=\"font-size: 10pt;\"> it is an ideal proposition for the spring and summer season. That is why in our offer you will find unique summer dresses with flowers, which you can wear in many different ways. <\/span><span style=\"font-size: 10pt;\">Summer<\/span><b style=\"font-size: 10pt;\">\u00a0a floral dress is perfect <\/b><span style=\"font-size: 13.3333px;\"><b>offer<\/b><\/span><b style=\"font-size: 10pt;\"> both for a date or a wedding with friends.<\/b><br \/>\n<span style=\"font-size: 10pt;\">\u00a0 The dress has<\/span><strong style=\"font-size: 10pt;\"> elastic at the waist<\/strong><span style=\"font-size: 10pt;\"> thanks to which you emphasize feminine shapes. The dress has a lining \/ Recommended for ladies in size XS SML<\/span><br \/>\n<\/span><\/p>\n<p>&nbsp;<\/p>\n<h3 style=\"text-align: center;\">Dimensions:<\/h3>\n<ul style=\"text-align: center;\">\n<li><span style=\"font-size: 10pt;\">\u00a0 \u00a0<\/span><\/li>\n<li><span style=\"font-size: 10pt;\">\u00a0\u00a0 total length from the shoulders: 88 cm<br \/>\n<\/span><\/li>\n<li>total length from the bust: 78 cm<\/li>\n<li><span style=\"font-size: 10pt;\">\u00a0\u00a0\u00a0\u00a0\u00a0\u00a0\u00a0 width from armpit to armpit: 39 - 52 cm<\/span><span style=\"font-size: 10pt;\"><span style=\"font-size: 10pt;\">\u00a0 (rubber)\u00a0 \u00a0\u00a0<\/span><\/span><\/li>\n<li>waist width: 27-48 cm (elastic band)<\/li>\n<\/ul>\n<p style=\"text-align: center;\">Dimensions may slightly differ from the given +\/- 2cm. All dimensions given are measured flat. <strong>X2 dimension<\/strong><\/p>\n<p style=\"text-align: center;\"><span style=\"font-size: 10pt;\">\u00a0<\/span><\/p>\n<table style=\"height: 169px;\" width=\"853\">\n<tbody>\n<tr>\n<td width=\"302\">Model name<\/td>\n<td width=\"302\">Sally&#039;s Strappy Flower Dress<\/td>\n<\/tr>\n<tr>\n<td width=\"302\">Color<\/td>\n<td width=\"302\">Green<\/td>\n<\/tr>\n<tr>\n<td width=\"302\">Fashion<\/td>\n<td width=\"302\">Oversize<\/td>\n<\/tr>\n<tr>\n<td width=\"302\">Material<\/td>\n<td width=\"302\">100 % Polyester<\/td>\n<\/tr>\n<tr>\n<td width=\"302\">Length<\/td>\n<td width=\"302\">Over the knee<\/td>\n<\/tr>\n<\/tbody>\n<\/table>\n<p>&nbsp;<\/p>\n<p>&nbsp;<\/p>\n<div class=\"tabs tabs-bb clear mb-80\">\n<div class=\"tab-content\">\n<div id=\"tab-description\" class=\"tab-pane fade in woocommerce-Tabs-panel--description active\">\n<p style=\"text-align: center;\">The model has\u00a0<strong>169<\/strong>\u00a0cm tall, wears a size every day\u00a0<strong>S.<\/strong><\/p>\n<p style=\"text-align: center;\">The width at the bust is 92 cm<\/p>\n<p style=\"text-align: center;\">Waist width 62 cm<\/p>\n<p style=\"text-align: center;\">The width at the hips is 94 cm<\/p>\n<\/div>\n<\/div>\n<\/div>\n<section class=\"related products mb-80\"><\/section>\n<p style=\"text-align: center;\">","protected":false},"excerpt":{"rendered":"<p>Sukienka w Kwiaty na Rami\u0105czka Sally Zielona Sukienka z printem Kwiatowym, u g\u00f3ry posiada falbank\u0119.\u00a0 Sukienka na rami\u0105czkach w kwiaty sprawi, \u017ce nasz look b\u0119dzie \u015bwie\u017cy, modny i bardzo kobiecy jest to idealna propozycja na sezon wiosenno-letni. Dlatego w Naszej ofercie czekaj\u0105 na Ciebie wyj\u0105tkowe propozycje letnich sukienek w kwiaty, kt\u00f3re mo\u017cesz nosi\u0107 na wiele<\/p>\n<div class=\"klb-readmore post-buttons\"><a class=\"button black outline size-sm\" href=\"https:\/\/madelinefashion.pl\/en\/product\/sukienka-w-kwiaty-na-ramiaczka-sally-zielona\/\">Read More <i class=\"klbth-icon-right-arrow\"><\/i><\/a><\/div>","protected":false},"featured_media":34335,"template":"","meta":[],"product_brand":[],"product_cat":[125,395],"product_tag":[396],"class_list":{"0":"post-34602","1":"product","2":"type-product","3":"status-publish","4":"has-post-thumbnail","6":"product_cat-sukienki","7":"product_cat-nowosci","8":"product_tag-sukienki-w-kwiaty","10":"first","11":"outofstock","12":"purchasable","13":"product-type-simple"},"_links":{"self":[{"href":"https:\/\/madelinefashion.pl\/en\/wp-json\/wp\/v2\/product\/34602","targetHints":{"allow":["GET"]}}],"collection":[{"href":"https:\/\/madelinefashion.pl\/en\/wp-json\/wp\/v2\/product"}],"about":[{"href":"https:\/\/madelinefashion.pl\/en\/wp-json\/wp\/v2\/types\/product"}],"wp:featuredmedia":[{"embeddable":true,"href":"https:\/\/madelinefashion.pl\/en\/wp-json\/wp\/v2\/media\/34335"}],"wp:attachment":[{"href":"https:\/\/madelinefashion.pl\/en\/wp-json\/wp\/v2\/media?parent=34602"}],"wp:term":[{"taxonomy":"product_brand","embeddable":true,"href":"https:\/\/madelinefashion.pl\/en\/wp-json\/wp\/v2\/product_brand?post=34602"},{"taxonomy":"product_cat","embeddable":true,"href":"https:\/\/madelinefashion.pl\/en\/wp-json\/wp\/v2\/product_cat?post=34602"},{"taxonomy":"product_tag","embeddable":true,"href":"https:\/\/madelinefashion.pl\/en\/wp-json\/wp\/v2\/product_tag?post=34602"}],"curies":[{"name":"wp","href":"https:\/\/api.w.org\/{rel}","templated":true}]}}