{"id":34661,"date":"2022-04-19T15:01:22","date_gmt":"2022-04-19T13:01:22","guid":{"rendered":"https:\/\/madelinefashion.pl\/?post_type=product&#038;p=34661"},"modified":"2026-01-20T10:33:56","modified_gmt":"2026-01-20T09:33:56","slug":"koszula-kieszonka-z-lancuszkiem-vinndi-pudrowy-roz","status":"publish","type":"product","link":"https:\/\/madelinefashion.pl\/en\/product\/koszula-kieszonka-z-lancuszkiem-vinndi-pudrowy-roz\/","title":{"rendered":"Pocket Shirt With Chain Vinndi Powder Pink"},"content":{"rendered":"<h3 style=\"text-align: center;\">Pocket Shirt With Chain Vinndi Powder Pink<\/h3>\n<p style=\"text-align: center;\">Shirt tied at the bottom, with a decorative sequin pocket on the front. The traditional cut with a chain at the back gives it an original look.<\/p>\n<p style=\"text-align: center;\">The shirt is available in two colors, in a universal size.<\/p>\n<h3 style=\"text-align: center;\">\u00a0 \u00a0 \u00a0Dimensions:<\/h3>\n<ul style=\"text-align: center;\">\n<li style=\"list-style-type: none;\">\n<ul>\n<li>total length back: 68 cm<\/li>\n<li>total length at the front: 60 cm<\/li>\n<li>width from armpit to armpit: 58-62 cm<\/li>\n<li>sleeve length from shoulder: 41 cm<\/li>\n<li>sleeve length from armpit: 19 cm<\/li>\n<\/ul>\n<p>Dimensions may slightly differ from the given +\/- 2cm. All dimensions given are measured flat. X2 dimension<\/li>\n<\/ul>\n<table style=\"height: 288px;\" width=\"432\">\n<tbody>\n<tr>\n<td>Model Name<\/td>\n<td>\n<p style=\"text-align: left;\">Pocket Shirt With Chain Vinndi<\/p>\n<\/td>\n<\/tr>\n<tr>\n<td>Color<\/td>\n<td>Powder Pink<\/td>\n<\/tr>\n<tr>\n<td>Collection<\/td>\n<td>Spring Summer Autumn Winter<\/td>\n<\/tr>\n<tr>\n<td>Size<\/td>\n<td>Universal<\/td>\n<\/tr>\n<tr>\n<td>Fashion<\/td>\n<td>Oversize<\/td>\n<\/tr>\n<tr>\n<td>Fastening<\/td>\n<td>Buttons<\/td>\n<\/tr>\n<tr>\n<td>Composition of the materials<\/td>\n<td>polyester 97%, elastane 3%<\/td>\n<\/tr>\n<\/tbody>\n<\/table>\n<p style=\"text-align: center;\">The model has\u00a0<strong>169<\/strong>\u00a0cm tall, wears a size every day\u00a0<strong>S.<\/strong><\/p>\n<p style=\"text-align: center;\">The width at the bust is 92 cm<\/p>\n<p style=\"text-align: center;\">Waist width 62 cm<\/p>\n<p style=\"text-align: center;\">The width at the hips is 94 cm<\/p>\n<p style=\"text-align: center;\"><strong>\u00a0<\/strong><\/p>","protected":false},"excerpt":{"rendered":"<p>Koszula Kieszonka Z \u0141a\u0144cuszkiem Vinndi Pudrowy R\u00f3\u017c Koszula wi\u0105zana na dole, z ozdobn\u0105, cekinow\u0105 kieszeni\u0105 z przodu. Tradycyjny kr\u00f3j z \u0142a\u0144cuszkiem z ty\u0142u, nadaje jej niebanalnego wygl\u0105du. Koszula wyst\u0119puje w dw\u00f3ch kolorach, w rozmiarze uniwersalnym. \u00a0 \u00a0 \u00a0Wymiary: d\u0142ugo\u015b\u0107 ca\u0142kowita ty\u0142: 68 cm d\u0142ugo\u015b\u0107 ca\u0142kowita prz\u00f3d: 60 cm szeroko\u015b\u0107 od pachy do pachy: 58-62 cm<\/p>\n<div class=\"klb-readmore post-buttons\"><a class=\"button black outline size-sm\" href=\"https:\/\/madelinefashion.pl\/en\/product\/koszula-kieszonka-z-lancuszkiem-vinndi-pudrowy-roz\/\">Read More <i class=\"klbth-icon-right-arrow\"><\/i><\/a><\/div>","protected":false},"featured_media":34633,"template":"","meta":[],"product_brand":[],"product_cat":[92,395],"product_tag":[414],"class_list":{"0":"post-34661","1":"product","2":"type-product","3":"status-publish","4":"has-post-thumbnail","6":"product_cat-koszule","7":"product_cat-nowosci","8":"product_tag-koszule","10":"first","11":"instock","12":"sale","13":"purchasable","14":"product-type-simple"},"_links":{"self":[{"href":"https:\/\/madelinefashion.pl\/en\/wp-json\/wp\/v2\/product\/34661","targetHints":{"allow":["GET"]}}],"collection":[{"href":"https:\/\/madelinefashion.pl\/en\/wp-json\/wp\/v2\/product"}],"about":[{"href":"https:\/\/madelinefashion.pl\/en\/wp-json\/wp\/v2\/types\/product"}],"wp:featuredmedia":[{"embeddable":true,"href":"https:\/\/madelinefashion.pl\/en\/wp-json\/wp\/v2\/media\/34633"}],"wp:attachment":[{"href":"https:\/\/madelinefashion.pl\/en\/wp-json\/wp\/v2\/media?parent=34661"}],"wp:term":[{"taxonomy":"product_brand","embeddable":true,"href":"https:\/\/madelinefashion.pl\/en\/wp-json\/wp\/v2\/product_brand?post=34661"},{"taxonomy":"product_cat","embeddable":true,"href":"https:\/\/madelinefashion.pl\/en\/wp-json\/wp\/v2\/product_cat?post=34661"},{"taxonomy":"product_tag","embeddable":true,"href":"https:\/\/madelinefashion.pl\/en\/wp-json\/wp\/v2\/product_tag?post=34661"}],"curies":[{"name":"wp","href":"https:\/\/api.w.org\/{rel}","templated":true}]}}