{"id":34672,"date":"2022-04-19T15:14:16","date_gmt":"2022-04-19T13:14:16","guid":{"rendered":"https:\/\/madelinefashion.pl\/?post_type=product&#038;p=34672"},"modified":"2026-01-20T10:33:56","modified_gmt":"2026-01-20T09:33:56","slug":"bluzka-falbana-na-jedno-ramie-luxe-bezowa","status":"publish","type":"product","link":"https:\/\/madelinefashion.pl\/en\/product\/bluzka-falbana-na-jedno-ramie-luxe-bezowa\/","title":{"rendered":"One Shoulder Frill Blouse Luxe Beige"},"content":{"rendered":"<h3 style=\"text-align: center;\">One Shoulder Frill Blouse Luxe Beige<\/h3>\n<p style=\"text-align: center;\">A beautiful summer proposition worn on one shoulder. The frills add charm to the blouse, thanks to which you will look super fashionable in it. The perfect position, matching almost any outfit - you can combine it with shorts, pants or skirts.<\/p>\n<h3 style=\"text-align: center;\">\u00a0 \u00a0 \u00a0Dimensions:<\/h3>\n<ul style=\"text-align: center;\">\n<li style=\"list-style-type: none;\">\n<ul>\n<li>overall length: 59 cm<\/li>\n<li>width from armpit to armpit: 43-54 cm<\/li>\n<li><\/li>\n<\/ul>\n<p>Dimensions may slightly differ from the given +\/- 2cm. All dimensions given are measured flat. <strong>X2 dimension<\/strong><\/li>\n<\/ul>\n<p>&nbsp;<\/p>\n<table style=\"height: 288px;\" width=\"432\">\n<tbody>\n<tr>\n<td>Model Name<\/td>\n<td>\n<p style=\"text-align: left;\">One Shoulder Frill Blouse Luxe<\/p>\n<\/td>\n<\/tr>\n<tr>\n<td>Color<\/td>\n<td>Without<\/td>\n<\/tr>\n<tr>\n<td>Collection<\/td>\n<td>Spring Summer Autumn Winter<\/td>\n<\/tr>\n<tr>\n<td>Size<\/td>\n<td>Universal<\/td>\n<\/tr>\n<tr>\n<td>Fashion<\/td>\n<td>Oversize<\/td>\n<\/tr>\n<tr>\n<td>Fastening<\/td>\n<td>Buttons<\/td>\n<\/tr>\n<tr>\n<td>Composition of the materials<\/td>\n<td>polyester 97%, elastane 3%<\/td>\n<\/tr>\n<\/tbody>\n<\/table>\n<p style=\"text-align: center;\">The model has\u00a0<strong>169<\/strong>\u00a0cm tall, wears a size every day\u00a0<strong>S.<\/strong><\/p>\n<p style=\"text-align: center;\">The width at the bust is 92 cm<\/p>\n<p style=\"text-align: center;\">Waist width 62 cm<\/p>\n<p style=\"text-align: center;\">The width at the hips is 94 cm<\/p>\n<p style=\"text-align: center;\"><strong>\u00a0<\/strong><\/p>","protected":false},"excerpt":{"rendered":"<p>Bluzka Falbana Na Jedno Rami\u0119 Luxe Be\u017cowa Pi\u0119kna letnia propozycja zak\u0142adana na jedno rami\u0119. Falbany dodaj\u0105 bluzce uroku, dzi\u0119ki czemu b\u0119dziesz w niej wygl\u0105da\u0142a super modnie. Idealna pozycja, pasuj\u0105ca niemal\u017ce do ka\u017cdej stylizacji &#8211;\u00a0 mo\u017cesz j\u0105 po\u0142\u0105czy\u0107 z szortami, spodniami lub sp\u00f3dniczkami. \u00a0 \u00a0 \u00a0Wymiary: d\u0142ugo\u015b\u0107 ca\u0142kowita : 59 cm szeroko\u015b\u0107 od pachy do pachy:<\/p>\n<div class=\"klb-readmore post-buttons\"><a class=\"button black outline size-sm\" href=\"https:\/\/madelinefashion.pl\/en\/product\/bluzka-falbana-na-jedno-ramie-luxe-bezowa\/\">Read More <i class=\"klbth-icon-right-arrow\"><\/i><\/a><\/div>","protected":false},"featured_media":34652,"template":"","meta":[],"product_brand":[],"product_cat":[92],"product_tag":[],"class_list":{"0":"post-34672","1":"product","2":"type-product","3":"status-publish","4":"has-post-thumbnail","6":"product_cat-koszule","8":"first","9":"instock","10":"sale","11":"purchasable","12":"product-type-simple"},"_links":{"self":[{"href":"https:\/\/madelinefashion.pl\/en\/wp-json\/wp\/v2\/product\/34672","targetHints":{"allow":["GET"]}}],"collection":[{"href":"https:\/\/madelinefashion.pl\/en\/wp-json\/wp\/v2\/product"}],"about":[{"href":"https:\/\/madelinefashion.pl\/en\/wp-json\/wp\/v2\/types\/product"}],"wp:featuredmedia":[{"embeddable":true,"href":"https:\/\/madelinefashion.pl\/en\/wp-json\/wp\/v2\/media\/34652"}],"wp:attachment":[{"href":"https:\/\/madelinefashion.pl\/en\/wp-json\/wp\/v2\/media?parent=34672"}],"wp:term":[{"taxonomy":"product_brand","embeddable":true,"href":"https:\/\/madelinefashion.pl\/en\/wp-json\/wp\/v2\/product_brand?post=34672"},{"taxonomy":"product_cat","embeddable":true,"href":"https:\/\/madelinefashion.pl\/en\/wp-json\/wp\/v2\/product_cat?post=34672"},{"taxonomy":"product_tag","embeddable":true,"href":"https:\/\/madelinefashion.pl\/en\/wp-json\/wp\/v2\/product_tag?post=34672"}],"curies":[{"name":"wp","href":"https:\/\/api.w.org\/{rel}","templated":true}]}}